



{"id":27,"date":"2023-08-25T00:34:04","date_gmt":"2023-08-24T22:34:04","guid":{"rendered":"https:\/\/zachrankarase.cz\/?page_id=27"},"modified":"2023-09-19T16:35:53","modified_gmt":"2023-09-19T14:35:53","slug":"poznavaci-kvizy","status":"publish","type":"page","link":"https:\/\/zachrankarase.cz\/de\/poznavaci-kvizy\/","title":{"rendered":"Pozn\u00e1vac\u00ed kv\u00edzy"},"content":{"rendered":"<p>Poznat jednotliv\u00e9 druhy karas\u016f nen\u00ed \u00fapln\u011b snadn\u00e9. Poj\u010f si vyzkou\u0161et, jak dok\u00e1\u017ee\u0161 oba druhy karas\u016f od sebe rozeznat.<\/p>\n\n\n\n<p>Za\u010dni nejjednodu\u0161\u0161\u00ed \u00farovn\u00ed a postupn\u011b se propracuj k t\u011b\u017e\u0161\u00edm s\u00e9ri\u00edm fotografi\u00ed. <\/p>\n\n\n\n<p><a href=\"https:\/\/zachrankarase.cz\/de\/poznavaci-kvizy\/uroven-1\/\" data-type=\"page\" data-id=\"835\">Za\u010dn\u011bte prvn\u00ed \u00farovn\u00ed<\/a><\/p>","protected":false},"excerpt":{"rendered":"<p>Poznat jednotliv\u00e9 druhy karas\u016f nen\u00ed \u00fapln\u011b snadn\u00e9. Poj\u010f si vyzkou\u0161et, jak dok\u00e1\u017ee\u0161 oba druhy karas\u016f od sebe rozeznat. Za\u010dni nejjednodu\u0161\u0161\u00ed \u00farovn\u00ed a postupn\u011b se propracuj k t\u011b\u017e\u0161\u00edm s\u00e9ri\u00edm fotografi\u00ed. Za\u010dn\u011bte prvn\u00ed \u00farovn\u00ed<\/p>","protected":false},"author":1,"featured_media":256,"parent":0,"menu_order":0,"comment_status":"closed","ping_status":"closed","template":"","meta":{"_acf_changed":false,"footnotes":""},"class_list":["post-27","page","type-page","status-publish","has-post-thumbnail","hentry"],"acf":[],"_links":{"self":[{"href":"https:\/\/zachrankarase.cz\/de\/wp-json\/wp\/v2\/pages\/27","targetHints":{"allow":["GET"]}}],"collection":[{"href":"https:\/\/zachrankarase.cz\/de\/wp-json\/wp\/v2\/pages"}],"about":[{"href":"https:\/\/zachrankarase.cz\/de\/wp-json\/wp\/v2\/types\/page"}],"author":[{"embeddable":true,"href":"https:\/\/zachrankarase.cz\/de\/wp-json\/wp\/v2\/users\/1"}],"replies":[{"embeddable":true,"href":"https:\/\/zachrankarase.cz\/de\/wp-json\/wp\/v2\/comments?post=27"}],"version-history":[{"count":0,"href":"https:\/\/zachrankarase.cz\/de\/wp-json\/wp\/v2\/pages\/27\/revisions"}],"wp:featuredmedia":[{"embeddable":true,"href":"https:\/\/zachrankarase.cz\/de\/wp-json\/wp\/v2\/media\/256"}],"wp:attachment":[{"href":"https:\/\/zachrankarase.cz\/de\/wp-json\/wp\/v2\/media?parent=27"}],"curies":[{"name":"wp","href":"https:\/\/api.w.org\/{rel}","templated":true}]}}