



{"id":294,"date":"2023-08-28T13:48:57","date_gmt":"2023-08-28T11:48:57","guid":{"rendered":"https:\/\/zachrankarase.cz\/?page_id=294"},"modified":"2026-02-02T13:14:52","modified_gmt":"2026-02-02T12:14:52","slug":"detsti-zachranci","status":"publish","type":"page","link":"https:\/\/zachrankarase.cz\/de\/detsti-zachranci\/","title":{"rendered":"D\u011bt\u0161t\u00ed zachr\u00e1nci"},"content":{"rendered":"<p class=\"has-text-align-center\">Projekt Zachra\u0148 karase byl podpo\u0159en Evropskou uni\u00ed z fondu Next Generation EU.<\/p>\n\n\n\n<figure class=\"wp-block-gallery aligncenter has-nested-images columns-default is-cropped wp-block-gallery-1 is-layout-flex wp-block-gallery-is-layout-flex\"><div class=\"wp-block-image\">\n<figure class=\"aligncenter size-full\"><img loading=\"lazy\" decoding=\"async\" width=\"762\" height=\"1068\" data-id=\"2542\" src=\"https:\/\/zachrankarase.cz\/wp-content\/uploads\/zk_pdf-1.png\" alt=\"\" class=\"wp-image-2542\" srcset=\"https:\/\/zachrankarase.cz\/wp-content\/uploads\/zk_pdf-1.png 762w, https:\/\/zachrankarase.cz\/wp-content\/uploads\/zk_pdf-1-9x12.png 9w\" sizes=\"auto, (max-width: 762px) 100vw, 762px\" \/><\/figure>\n<\/div><\/figure>\n\n\n\n<p>Od 1.1.2024 realizujeme projekt \u201eZapojen\u00ed ml\u00e1de\u017ee do ochrany kriticky ohro\u017een\u00fdch druh\u016f ryb v r\u00e1mci opat\u0159en\u00ed pro zadr\u017een\u00ed vody v&nbsp;krajin\u011b\u201c.<\/p>\n\n\n\n<p>C\u00edlem projektu je zapojen\u00ed a rozvoj kl\u00ed\u010dov\u00fdch kompetenc\u00ed \u017e\u00e1k\u016f z\u00e1kladn\u00edch \u0161kol a pedagog\u016f v klimatick\u00fdch zm\u011bn\u00e1ch, kter\u00e9 maj\u00ed vliv na p\u016fvodn\u00ed faunu. V r\u00e1mci projektu bude prob\u00edhat environment\u00e1ln\u00ed vzd\u011bl\u00e1v\u00e1n\u00ed \u017e\u00e1k\u016f, kte\u0159\u00ed se budou pod\u00edlet na vytipov\u00e1n\u00ed, reintrodukci druh\u016f (karas obecn\u00fd, slunka obecn\u00e1) a monitoringu vhodn\u00fdch lokalit. Doba realizace projektu: leden 2024 \u2013 listopad 2025. Odborn\u00fdm garantem projektu je RNDr. Marek \u0160mejkal, Ph.D. Biologick\u00e9 centrum AV \u010cR, ambasadorem projektu je Mgr. Vladim\u00edr Ko\u0159en moder\u00e1tor po\u0159adu \u010cesk\u00e9 televize Z\u00e1zraky p\u0159\u00edrody a pedagog 3. Z\u0160 u \u0158\u00ed\u010dansk\u00e9ho lesa \u0158\u00ed\u010dany. Postupn\u011b zde budeme p\u0159in\u00e1\u0161et aktuality a videa z&nbsp;v&nbsp;projektu realizovan\u00fdch&nbsp;aktivit.<\/p>\n\n\n\n<p><strong>Environment\u00e1ln\u00ed vzd\u011bl\u00e1v\u00e1n\u00ed \u017e\u00e1k\u016f<\/strong><\/p>\n\n\n\n<p>V&nbsp;r\u00e1mci teoretick\u00e9ho vzd\u011bl\u00e1v\u00e1n\u00ed prob\u011bhly v zim\u011b 2024 v\u00fdukov\u00e9 hodiny (2 x 45 minut) s&nbsp;\u017e\u00e1ky \u0161esti partnersk\u00fdch z\u00e1kladn\u00edch \u0161kol \u2013 Z\u0160 U \u0158\u00ed\u010dansk\u00e9ho lesa; Z\u0160 Komensk\u00e9ho, Trutnov; Z\u0160 \u017deletice; Z\u0160 Volgogradsk\u00e1, Ostrava-Z\u00e1b\u0159eh; Z\u0160 Star\u00e9 M\u011bsto; Z\u0160 Bojkovice. P\u0159edn\u00e1\u0161ky se zab\u00fdvaly biodiverzitou a jej\u00edm \u00fapadkem s&nbsp;d\u016frazem na sladkovodn\u00ed ekosyst\u00e9my. Byla p\u0159edstavena problematika klimatick\u00e9 zm\u011bny a invazn\u00edch druh\u016f ryb a jejich dopad na na\u0161e p\u016fvodn\u00ed druhy ryb se zam\u011b\u0159en\u00edm na kriticky ohro\u017een\u00e9ho karase obecn\u00e9ho a slunku obecnou. \u017d\u00e1ci se rovn\u011b\u017e dozv\u011bd\u011bli o mo\u017enostech ochrany t\u011bchto druh\u016f i biodiverzity obecn\u011b. \u017d\u00e1ci byli pot\u00e9 zapojeni do diskuze a prost\u0159ednictv\u00edm v\u00fdukov\u00e9 hry s magnetkami zn\u00e1zor\u0148uj\u00edc\u00edmi druhy \u017eij\u00edc\u00ed v rybn\u00edce se u\u010dili sestavovat potravn\u00ed s\u00edt\u011b.<\/p>\n\n\n\n<figure class=\"wp-block-image size-full\"><img loading=\"lazy\" decoding=\"async\" width=\"2560\" height=\"1330\" src=\"https:\/\/zachrankarase.cz\/wp-content\/uploads\/KA-02_kolaz-1-scaled.png\" alt=\"\" class=\"wp-image-5923\" srcset=\"https:\/\/zachrankarase.cz\/wp-content\/uploads\/KA-02_kolaz-1-scaled.png 2560w, https:\/\/zachrankarase.cz\/wp-content\/uploads\/KA-02_kolaz-1-768x399.png 768w, https:\/\/zachrankarase.cz\/wp-content\/uploads\/KA-02_kolaz-1-1536x798.png 1536w, https:\/\/zachrankarase.cz\/wp-content\/uploads\/KA-02_kolaz-1-2048x1064.png 2048w, https:\/\/zachrankarase.cz\/wp-content\/uploads\/KA-02_kolaz-1-18x9.png 18w\" sizes=\"auto, (max-width: 2560px) 100vw, 2560px\" \/><\/figure>\n\n\n\n<p><\/p>\n\n\n\n<p><strong>Monitoring lokalit<\/strong><\/p>\n\n\n\n<p>\u017d\u00e1ci ze stejn\u00fdch z\u00e1kladn\u00edch \u0161kol (viz. v\u00fd\u0161e) byli v \u010dervnu 2024 zapojeni do mapov\u00e1n\u00ed p\u0159edem vytipovan\u00fdch lokalit v&nbsp;okol\u00ed \u0161kol. Ka\u017ed\u00e1 t\u0159\u00edda dostala monitorovac\u00ed sadu (tzn. batoh napln\u011bn\u00fd pom\u016fckami pot\u0159ebn\u00fdmi k&nbsp;monitoringu) a pracovn\u00ed list \u201eLoveck\u00fd den\u201c. Nejprve prob\u011bhlo m\u011b\u0159en\u00ed abiotick\u00fdch parametr\u016f. Pot\u00e9 m\u011bli \u017e\u00e1ci za \u00fakol zjistit zde \u017eij\u00edc\u00ed \u017eivo\u010dichy a rostliny. Tento \u00fakol byl pojat jako sout\u011b\u017e a v\u00edt\u011bzn\u00fd t\u00fdm vyhr\u00e1l tri\u010dka s&nbsp;logem projektu. \u017d\u00e1ky toto cvi\u010den\u00ed velmi bavilo a m\u011bli tak mo\u017enost z\u00edskat pozitivn\u00ed vztah k&nbsp;ochran\u011b biodiverzity.<\/p>\n\n\n\n<figure class=\"wp-block-image size-full\"><img loading=\"lazy\" decoding=\"async\" width=\"2560\" height=\"1308\" src=\"https:\/\/zachrankarase.cz\/wp-content\/uploads\/KA-03_kolaz-1-scaled.png\" alt=\"\" class=\"wp-image-5936\" srcset=\"https:\/\/zachrankarase.cz\/wp-content\/uploads\/KA-03_kolaz-1-scaled.png 2560w, https:\/\/zachrankarase.cz\/wp-content\/uploads\/KA-03_kolaz-1-768x392.png 768w, https:\/\/zachrankarase.cz\/wp-content\/uploads\/KA-03_kolaz-1-1536x785.png 1536w, https:\/\/zachrankarase.cz\/wp-content\/uploads\/KA-03_kolaz-1-2048x1046.png 2048w, https:\/\/zachrankarase.cz\/wp-content\/uploads\/KA-03_kolaz-1-18x9.png 18w\" sizes=\"auto, (max-width: 2560px) 100vw, 2560px\" \/><\/figure>\n\n\n\n<p><\/p>\n\n\n\n<p><strong>Repatriace kriticky ohro\u017een\u00fdch druh\u016f ryb<\/strong><\/p>\n\n\n\n<p>Na vybran\u00fdch lokalit\u00e1ch v&nbsp;okol\u00ed \u0161kol prob\u011bhly repatriace karase obecn\u00e9ho (v p\u0159\u00edpad\u011b Z\u0160 v&nbsp;\u0158\u00ed\u010danech i slunky obecn\u00e9). V&nbsp;Z\u0160 U \u0158\u00ed\u010dansk\u00e9ho lesa prob\u011bhlo vysazov\u00e1n\u00ed karase obecn\u00e9ho do \u0161koln\u00edho rybn\u00ed\u010dku z\u0159\u00edzen\u00e9ho pro tyto \u00fa\u010dely a d\u00e1le do dvou t\u016fn\u00ed v&nbsp;bl\u00edzkosti \u0161koly. V&nbsp;okol\u00ed z\u00e1kladn\u00ed \u0161koly v&nbsp;Trutnov\u011b byl nalezen vhodn\u00fd rybn\u00edk, kde se ji\u017e karas obecn\u00fd vyskytuje a \u017e\u00e1ci tak m\u011bli mo\u017enost se zapojit do jeho managementu. D\u00e1le byl karas obecn\u00fd vysazen v&nbsp;rybn\u00ed\u010dku z\u00e1kladn\u00ed \u0161koly Z\u0160 \u017deletice a Z\u0160 Star\u00e9 M\u011bsto, okres Fr\u00fddek-M\u00edstek. \u017d\u00e1ci se zapojily prost\u0159ednictv\u00edm m\u011b\u0159en\u00ed a v\u00e1\u017een\u00ed ryb.<\/p>\n\n\n\n<figure class=\"wp-block-image size-full\"><img loading=\"lazy\" decoding=\"async\" width=\"2560\" height=\"1413\" src=\"https:\/\/zachrankarase.cz\/wp-content\/uploads\/KA-03_kolaz-2-scaled.png\" alt=\"\" class=\"wp-image-5932\" srcset=\"https:\/\/zachrankarase.cz\/wp-content\/uploads\/KA-03_kolaz-2-scaled.png 2560w, https:\/\/zachrankarase.cz\/wp-content\/uploads\/KA-03_kolaz-2-768x424.png 768w, https:\/\/zachrankarase.cz\/wp-content\/uploads\/KA-03_kolaz-2-1536x848.png 1536w, https:\/\/zachrankarase.cz\/wp-content\/uploads\/KA-03_kolaz-2-2048x1130.png 2048w, https:\/\/zachrankarase.cz\/wp-content\/uploads\/KA-03_kolaz-2-18x10.png 18w\" sizes=\"auto, (max-width: 2560px) 100vw, 2560px\" \/><\/figure>\n\n\n\n<figure class=\"wp-block-video\"><video height=\"1080\" style=\"aspect-ratio: 1920 \/ 1080;\" width=\"1920\" controls src=\"https:\/\/zachrankarase.cz\/wp-content\/uploads\/20240619_092624.mp4\"><\/video><\/figure>\n\n\n\n<p><\/p>\n\n\n\n<p><strong>Op\u011btovn\u00fd monitoring lokalit<\/strong><\/p>\n\n\n\n<p>V \u010dervnu 2025 prob\u011bhlo op\u011btovn\u00e9 zmapov\u00e1n\u00ed v\u0161ech lokalit, na nich\u017e byla provedena repatriace \u010di management. \u017d\u00e1ci zhodnotili jejich aktu\u00e1ln\u00ed stav a zji\u0161\u0165ovali, zda do\u0161lo k \u00fasp\u011b\u0161n\u00e9mu rozmno\u017een\u00ed vysazen\u00fdch ryb a zda se zm\u011bnilo druhov\u00e9 slo\u017een\u00ed \u017eivo\u010dich\u016f a rostlin. V\u00fdsledky zaznamen\u00e1vali do p\u0159ipraven\u00e9ho protokolu \u201eMonitoring biodiverzity\u201c. Vysazen\u00fdm ryb\u00e1m se na v\u0161ech lokalit\u00e1ch da\u0159\u00ed velmi dob\u0159e; dob\u0159e se adaptovaly na nov\u00e9 prost\u0159ed\u00ed, aktivn\u011b se rozmno\u017euj\u00ed a jejich populace se stabiln\u011b rozr\u016fst\u00e1, co\u017e nazna\u010duje \u00fasp\u011b\u0161nost repatria\u010dn\u00edch opat\u0159en\u00ed a p\u0159\u00edzniv\u00fd stav sledovan\u00fdch ekosyst\u00e9m\u016f.<\/p>\n\n\n\n<p>Do repatriace karase obecn\u00e9ho se zapojili tak\u00e9 \u017e\u00e1ci z dal\u0161\u00ed z\u00e1kladn\u00ed \u0161koly (Z\u0160 Dobrovsk\u00e9ho Lan\u0161kroun), kte\u0159\u00ed \u00fasp\u011b\u0161n\u011b vysadili sv\u00e9 odchovan\u00e9 ryby do rybn\u00ed\u010dk\u016f u \u0158\u00ed\u010dan.<\/p>\n\n\n\n<p><strong>Osv\u011bta<\/strong><\/p>\n\n\n\n<p>V r\u00e1mci osv\u011bty se uskute\u010dnilo n\u011bkolik akc\u00ed, jejich\u017e c\u00edlem bylo sezn\u00e1mit \u0161ir\u0161\u00ed ve\u0159ejnost s dopady antropogenn\u00edch zm\u011bn na krajinu a souvisej\u00edc\u00edm \u00fabytkem biodiverzity, z\u00e1rove\u0148 uk\u00e1zat, \u017ee i \u017e\u00e1ci se mohou aktivn\u011b pod\u00edlet na jej\u00ed ochran\u011b a z\u00e1chran\u011b ohro\u017een\u00fdch druh\u016f.<\/p>\n\n\n\n<p><em><mark style=\"background-color:rgba(0, 0, 0, 0)\" class=\"has-inline-color has-action-semi-dark-color\">Veletrh For Fishing (20. \u2013 23. 2 2025)<\/mark><\/em><\/p>\n\n\n\n<p>Pro d\u011bti byla p\u0159ipravena interaktivn\u00ed aktivita s magnetkami, p\u0159i kter\u00e9 jsme spole\u010dn\u011b prob\u00edrali, jak se m\u011bn\u00ed rybn\u00edk, pokud do n\u011bj pronikne invazn\u00ed karas st\u0159\u00edb\u0159it\u00fd. D\u011bti sledovaly, jak invazn\u00ed druh ovliv\u0148uje potravn\u00ed s\u00edt\u011b a \u017eivot ostatn\u00edch ryb a rostlin v rybn\u00edce. Dal\u0161\u00ed \u010d\u00e1st\u00ed aktivity bylo hled\u00e1n\u00ed rozd\u00edl\u016f mezi karasem obecn\u00fdm a karasem st\u0159\u00edb\u0159it\u00fdm, kdy se d\u011bti u\u010dily pozn\u00e1vat p\u016fvodn\u00ed a invazn\u00ed druhy podle vzhledu a charakteristick\u00fdch znak\u016f. D\u011bti se p\u0159i obou aktivit\u00e1ch uk\u00e1zaly jako velmi \u0161ikovn\u00e9, a na z\u00e1v\u011br v\u0161echny z\u00edskaly diplomy a samolepky s logem \u201eZachra\u0148 karase\u201c jako odm\u011bnu za svou aktivn\u00ed \u00fa\u010dast a snahu u\u010dit se o ochran\u011b p\u0159\u00edrody.<\/p>\n\n\n\n<p>D\u011bti m\u011bly mo\u017enost zapojit se do sout\u011b\u017e\u00ed a z\u00edskat r\u016fzn\u00e9 ceny \u2013 nap\u0159\u00edklad tri\u010dka, l\u00e1hve, placky, propisky, no\u017ee nebo k\u0161iltovky, v\u0161echny s logem \u201eZachra\u0148 karase\u201c. Sout\u011b\u017ee motivovaly d\u011bti k aktivn\u00ed \u00fa\u010dasti a z\u00e1rove\u0148 jim umo\u017enily z\u00edskat odm\u011bny p\u0159ipom\u00ednaj\u00edc\u00ed v\u00fdznam ochrany p\u016fvodn\u00edch druh\u016f ryb.<\/p>\n\n\n\n<p><em><mark style=\"background-color:rgba(0, 0, 0, 0)\" class=\"has-inline-color has-action-semi-dark-color\">V\u00fdukov\u00e1 videa<\/mark><\/em><\/p>\n\n\n\n<p>V r\u00e1mci osv\u011bty bylo rovn\u011b\u017e vytvo\u0159eno n\u011bkolik v\u00fdukov\u00fdch materi\u00e1l\u016f. Pro pot\u0159eby vzd\u011bl\u00e1v\u00e1n\u00ed dal\u0161\u00edch \u017e\u00e1k\u016f byla p\u0159ipravena \u010dty\u0159i <strong>v\u00fdukov\u00e1 videa<\/strong> zam\u011b\u0159en\u00e1 na environment\u00e1ln\u00ed vzd\u011bl\u00e1v\u00e1n\u00ed a osv\u011btu o zm\u011bn\u011b klimatu a \u00fabytku biodiverzity.<\/p>\n\n\n\n<figure class=\"wp-block-embed is-type-video is-provider-youtube wp-block-embed-youtube wp-embed-aspect-16-9 wp-has-aspect-ratio\"><div class=\"wp-block-embed__wrapper\">\n<iframe loading=\"lazy\" title=\"Zapojen\u00ed ml\u00e1de\u017ee do ochrany kriticky ohro\u017een\u00fdch druh\u016f ryb - video 1_zm\u011bny krajiny\" width=\"500\" height=\"281\" src=\"https:\/\/www.youtube.com\/embed\/x7ZpeeGSMrY?feature=oembed&#038;enablejsapi=1&#038;origin=https:\/\/zachrankarase.cz\" frameborder=\"0\" allow=\"accelerometer; autoplay; clipboard-write; encrypted-media; gyroscope; picture-in-picture; web-share\" referrerpolicy=\"strict-origin-when-cross-origin\" allowfullscreen><\/iframe>\n<\/div><\/figure>\n\n\n\n<figure class=\"wp-block-embed is-type-video is-provider-youtube wp-block-embed-youtube wp-embed-aspect-16-9 wp-has-aspect-ratio\"><div class=\"wp-block-embed__wrapper\">\n<iframe loading=\"lazy\" title=\"Zapojen\u00ed ml\u00e1de\u017ee do ochrany kriticky ohro\u017een\u00fdch druh\u016f ryb - video 2_kriticky ohro\u017een\u00e9 druhy ryb\" width=\"500\" height=\"281\" src=\"https:\/\/www.youtube.com\/embed\/27rEnZF4rDA?feature=oembed&#038;enablejsapi=1&#038;origin=https:\/\/zachrankarase.cz\" frameborder=\"0\" allow=\"accelerometer; autoplay; clipboard-write; encrypted-media; gyroscope; picture-in-picture; web-share\" referrerpolicy=\"strict-origin-when-cross-origin\" allowfullscreen><\/iframe>\n<\/div><\/figure>\n\n\n\n<figure class=\"wp-block-embed is-type-video is-provider-youtube wp-block-embed-youtube wp-embed-aspect-16-9 wp-has-aspect-ratio\"><div class=\"wp-block-embed__wrapper\">\n<iframe loading=\"lazy\" title=\"Zapojen\u00ed ml\u00e1de\u017ee do ochrany kriticky ohro\u017een\u00fdch druh\u016f ryb - video 3_invazn\u00ed druhy\" width=\"500\" height=\"281\" src=\"https:\/\/www.youtube.com\/embed\/-xYSIsQUKJ8?feature=oembed&#038;enablejsapi=1&#038;origin=https:\/\/zachrankarase.cz\" frameborder=\"0\" allow=\"accelerometer; autoplay; clipboard-write; encrypted-media; gyroscope; picture-in-picture; web-share\" referrerpolicy=\"strict-origin-when-cross-origin\" allowfullscreen><\/iframe>\n<\/div><\/figure>\n\n\n\n<figure class=\"wp-block-embed is-type-video is-provider-youtube wp-block-embed-youtube wp-embed-aspect-16-9 wp-has-aspect-ratio\"><div class=\"wp-block-embed__wrapper\">\n<iframe loading=\"lazy\" title=\"Zapojen\u00ed ml\u00e1de\u017ee do ochrany kriticky ohro\u017een\u00fdch druh\u016f ryb - video 4_jak lze podpo\u0159it biodiverzitu\" width=\"500\" height=\"281\" src=\"https:\/\/www.youtube.com\/embed\/QhS0_4g8E2c?feature=oembed&#038;enablejsapi=1&#038;origin=https:\/\/zachrankarase.cz\" frameborder=\"0\" allow=\"accelerometer; autoplay; clipboard-write; encrypted-media; gyroscope; picture-in-picture; web-share\" referrerpolicy=\"strict-origin-when-cross-origin\" allowfullscreen><\/iframe>\n<\/div><\/figure>\n\n\n\n<p><em><mark style=\"background-color:rgba(0, 0, 0, 0)\" class=\"has-inline-color has-action-semi-dark-color\">Metodika pro Z\u0160 u\u010ditele a jejich \u017e\u00e1ky<\/mark><\/em><\/p>\n\n\n\n<p>V r\u00e1mci dal\u0161\u00ed osv\u011bty byla vytvo\u0159ena <strong>metodika projektu <\/strong>popisuj\u00edc\u00ed mo\u017enost za\u0159azen\u00ed do v\u00fduky environment\u00e1ln\u00ed vzd\u011bl\u00e1v\u00e1n\u00ed a osv\u011btu o zm\u011bn\u011b klimatu prost\u0159ednictv\u00edm konkr\u00e9tn\u00edho t\u00e9matu z\u00e1chrany ohro\u017een\u00fdch druh\u016f. Obsahuje tak\u00e9 \u00favodn\u00ed p\u0159ehled o glob\u00e1ln\u00edm \u00fabytku sladkovodn\u00ed biodiverzity zp\u016fsoben\u00e9m antropogenn\u00edmi zm\u011bnami a o mo\u017enostech jej\u00ed podpory. Metodika z\u00e1rove\u0148 slou\u017e\u00ed jako praktick\u00e1 p\u0159\u00edru\u010dka pro vybudov\u00e1n\u00ed f\u00f3liov\u00e9ho jez\u00edrka na zahrad\u011b a pro chov ryb v&nbsp;n\u011bm.<\/p>\n\n\n\n<div data-wp-interactive=\"core\/file\" class=\"wp-block-file\"><object data-wp-bind--hidden=\"!state.hasPdfPreview\" hidden class=\"wp-block-file__embed\" data=\"https:\/\/zachrankarase.cz\/wp-content\/uploads\/Metodika-pro-skoly-a-sirsi-verejnost.pdf\" type=\"application\/pdf\" style=\"width:100%;height:600px\" aria-label=\"Einbettung von Metodika pro \u0161koly a \u0161ir\u0161\u00ed ve\u0159ejnost.\"><\/object><a id=\"wp-block-file--media-d819c589-f12a-46a4-8d14-20f90ee1f615\" href=\"https:\/\/zachrankarase.cz\/wp-content\/uploads\/Metodika-pro-skoly-a-sirsi-verejnost.pdf\">Metodika pro \u0161koly a \u0161ir\u0161\u00ed ve\u0159ejnost<\/a><a href=\"https:\/\/zachrankarase.cz\/wp-content\/uploads\/Metodika-pro-skoly-a-sirsi-verejnost.pdf\" class=\"wp-block-file__button wp-element-button\" download aria-describedby=\"wp-block-file--media-d819c589-f12a-46a4-8d14-20f90ee1f615\">St\u00e1hnout<\/a><\/div>\n\n\n\n<p><em><mark style=\"background-color:rgba(0, 0, 0, 0)\" class=\"has-inline-color has-action-semi-dark-color\">Osv\u011bta o p\u016fvodn\u00edch a invazn\u00edch druz\u00edch ryb \u010cR ve \u0161kolce LM\u0160 T\u0159\u00edsov<\/mark><\/em><\/p>\n\n\n\n<div class=\"wp-block-media-text is-stacked-on-mobile\"><figure class=\"wp-block-media-text__media\"><img loading=\"lazy\" decoding=\"async\" width=\"2560\" height=\"1920\" src=\"https:\/\/zachrankarase.cz\/wp-content\/uploads\/Trisov_osveta-scaled.jpg\" alt=\"\" class=\"wp-image-5968 size-full\" srcset=\"https:\/\/zachrankarase.cz\/wp-content\/uploads\/Trisov_osveta-scaled.jpg 2560w, https:\/\/zachrankarase.cz\/wp-content\/uploads\/Trisov_osveta-768x576.jpg 768w, https:\/\/zachrankarase.cz\/wp-content\/uploads\/Trisov_osveta-1536x1152.jpg 1536w, https:\/\/zachrankarase.cz\/wp-content\/uploads\/Trisov_osveta-2048x1536.jpg 2048w, https:\/\/zachrankarase.cz\/wp-content\/uploads\/Trisov_osveta-16x12.jpg 16w\" sizes=\"auto, (max-width: 2560px) 100vw, 2560px\" \/><\/figure><div class=\"wp-block-media-text__content\">\n<p>Ve \u0161kolce byly d\u011btem prost\u0159ednictv\u00edm kr\u00e1tk\u00e9ho pov\u00edd\u00e1n\u00ed a uk\u00e1zky \u017eiv\u00fdch ryb p\u0159edstaveny p\u016fvodn\u00ed i invazn\u00ed druhy ryb \u010cesk\u00e9 republiky. D\u011bti se u\u010dily pozn\u00e1vat, kter\u00e9 ryby pat\u0159\u00ed do na\u0161ich vod a kter\u00e9 mohou negativn\u011b ovlivnit m\u00edstn\u00ed ekosyst\u00e9my. Aktivn\u011b se zapojovaly do her, p\u0159i kter\u00fdch t\u0159\u00eddily ryby a chytaly d\u0159ev\u011bn\u00e9 ryby pomoc\u00ed vytvo\u0159en\u00fdch ryb\u00e1\u0159sk\u00fdch prut\u016f. D\u011bti pozn\u00e1valy, pro\u010d je d\u016fle\u017eit\u00e9 chr\u00e1nit p\u016fvodn\u00ed druhy a pe\u010dovat o vodn\u00ed prost\u0159ed\u00ed.<\/p>\n<\/div><\/div>\n\n\n\n<p><em><mark style=\"background-color:rgba(0, 0, 0, 0)\" class=\"has-inline-color has-action-semi-dark-color\">Z\u00e1v\u011bre\u010dn\u00e1 konference pro u\u010ditele<\/mark><\/em><\/p>\n\n\n\n<p>V z\u00e1\u0159\u00ed 2025 prob\u011bhla z\u00e1v\u011bre\u010dn\u00e1 konference projektu pro u\u010ditele na 3. z\u00e1kladn\u00ed \u0161kole U \u0158\u00ed\u010dansk\u00e9ho lesa. Sou\u010d\u00e1st\u00ed byla p\u0159edn\u00e1\u0161ka Dr. \u0160mejkala a Mgr. Ko\u0159ena, praktick\u00e1 uk\u00e1zka chyt\u00e1n\u00ed ryb u \u0161koln\u00edho rybn\u00ed\u010dku a n\u00e1sledn\u00e1 diskuze. Konference bylo mo\u017en\u00e9 se z\u00fa\u010dastnit osobn\u011b \u010di online formou p\u0159es Microsoft Teams.<\/p>\n\n\n\n<figure class=\"wp-block-image size-full is-resized is-style-default\"><img loading=\"lazy\" decoding=\"async\" width=\"1471\" height=\"2560\" src=\"https:\/\/zachrankarase.cz\/wp-content\/uploads\/Pozvanka-scaled.png\" alt=\"\" class=\"wp-image-6713\" style=\"width:199px;height:auto\" srcset=\"https:\/\/zachrankarase.cz\/wp-content\/uploads\/Pozvanka-scaled.png 1471w, https:\/\/zachrankarase.cz\/wp-content\/uploads\/Pozvanka-768x1336.png 768w, https:\/\/zachrankarase.cz\/wp-content\/uploads\/Pozvanka-883x1536.png 883w, https:\/\/zachrankarase.cz\/wp-content\/uploads\/Pozvanka-1177x2048.png 1177w, https:\/\/zachrankarase.cz\/wp-content\/uploads\/Pozvanka-7x12.png 7w\" sizes=\"auto, (max-width: 1471px) 100vw, 1471px\" \/><\/figure>\n\n\n\n<figure class=\"wp-block-image size-full is-resized\"><img loading=\"lazy\" decoding=\"async\" width=\"2560\" height=\"1329\" src=\"https:\/\/zachrankarase.cz\/wp-content\/uploads\/Konference_kolaz-scaled.png\" alt=\"\" class=\"wp-image-6727\" style=\"width:570px;height:auto\" srcset=\"https:\/\/zachrankarase.cz\/wp-content\/uploads\/Konference_kolaz-scaled.png 2560w, https:\/\/zachrankarase.cz\/wp-content\/uploads\/Konference_kolaz-768x399.png 768w, https:\/\/zachrankarase.cz\/wp-content\/uploads\/Konference_kolaz-1536x797.png 1536w, https:\/\/zachrankarase.cz\/wp-content\/uploads\/Konference_kolaz-2048x1063.png 2048w, https:\/\/zachrankarase.cz\/wp-content\/uploads\/Konference_kolaz-18x9.png 18w\" sizes=\"auto, (max-width: 2560px) 100vw, 2560px\" \/><\/figure>\n\n\n\n<p><em><mark style=\"background-color:rgba(0, 0, 0, 0)\" class=\"has-inline-color has-success-color\">Konference pro pedagogy (Vla\u0161im; 13. 11. 2025)<\/mark><\/em><\/p>\n\n\n\n<p><\/p>\n\n\n\n<p><strong><mark style=\"background-color:rgba(0, 0, 0, 0)\" class=\"has-inline-color has-action-dark-trans-90-color\">Ukon\u010den\u00ed projektu &#8211; listopad 2025<\/mark><\/strong><\/p>\n\n\n\n<p>V\u0161echny pl\u00e1novan\u00e9 c\u00edle projektu byly \u00fasp\u011b\u0161n\u011b spln\u011bny. \u017d\u00e1ci se po celou dobu realizace projektu aktivn\u011b zapojovali do v\u0161ech napl\u00e1novan\u00fdch aktivit a projevovali z\u00e1jem o prob\u00edran\u00e1 t\u00e9mata. \u00da\u010dastnili se v\u00fdukov\u00fdch hodin zam\u011b\u0159en\u00fdch na problematiku biodiverzity a ochrany p\u0159\u00edrody, kter\u00e9 byly dopln\u011bny diskuzemi a interaktivn\u00edmi v\u00fdukov\u00fdmi hrami. Tyto aktivity p\u0159isp\u011bly k lep\u0161\u00edmu pochopen\u00ed v\u00fdznamu ochrany vodn\u00edch ekosyst\u00e9m\u016f a p\u016fvodn\u00edch druh\u016f \u017eivo\u010dich\u016f. V\u00fdznamnou sou\u010d\u00e1st\u00ed projektu byla tak\u00e9 praktick\u00e1 \u010dinnost v ter\u00e9nu, konkr\u00e9tn\u011b zapojen\u00ed \u017e\u00e1k\u016f do repatriace kriticky ohro\u017een\u00fdch druh\u016f ryb v \u010cesk\u00e9 republice, a to karase obecn\u00e9ho a v\u00a0p\u0159\u00edpad\u011b jedn\u00e9 lokality i slunky obecn\u00e9. D\u00edky t\u00e9to zku\u0161enosti si \u017e\u00e1ci mohli p\u0159\u00edmo vyzkou\u0161et, jak prob\u00edh\u00e1 ochrana ohro\u017een\u00fdch druh\u016f v praxi, a uv\u011bdomili si d\u016fle\u017eitost aktivn\u00edho p\u0159\u00edstupu k ochran\u011b p\u0159\u00edrody. V r\u00e1mci projektu se d\u00e1le nau\u010dili z\u00e1kladn\u00edm metod\u00e1m monitorov\u00e1n\u00ed biodiverzity a z\u00edskali p\u0159ehled o mo\u017enostech ochrany na\u0161ich p\u016fvodn\u00edch, na vodn\u00ed prost\u0159ed\u00ed v\u00e1zan\u00fdch \u017eivo\u010dich\u016f. Projekt tak p\u0159isp\u011bl nejen k roz\u0161\u00ed\u0159en\u00ed jejich znalost\u00ed, ale tak\u00e9 k rozvoji environment\u00e1ln\u00edho uv\u011bdom\u011bn\u00ed a zodpov\u011bdn\u00e9ho vztahu k p\u0159\u00edrod\u011b. <\/p>\n\n\n\n<p>Dal\u0161\u00ed c\u00edl projektu, kter\u00fdm byla osv\u011bta zam\u011b\u0159en\u00e1 na problematiku \u00fabytku sladkovodn\u00ed biodiverzity a jeho hlavn\u00edch p\u0159\u00ed\u010din, byl rovn\u011b\u017e \u00fasp\u011b\u0161n\u011b napln\u011bn. Tato problematika byla prezentov\u00e1na a diskutov\u00e1na v r\u00e1mci n\u011bkolika osv\u011btov\u00fdch akc\u00ed ur\u010den\u00fdch \u0161irok\u00e9 ve\u0159ejnosti i c\u00edlov\u00fdm skupin\u00e1m projektu.<\/p>\n\n\n\n<p>Projekt i po dob\u011b skon\u010den\u00ed je st\u00e1le sou\u010d\u00e1st\u00ed ob\u010dansk\u00e9 v\u011bdy s n\u00e1zvem &#8220;Zachra\u0148 karase!&#8221; a auto\u0159i projektu budou pokra\u010dovat v osv\u011bt\u011b i d\u00e1le.<\/p>","protected":false},"excerpt":{"rendered":"<p>Projekt Zachra\u0148 karase byl podpo\u0159en Evropskou uni\u00ed z fondu Next Generation EU. Od 1.1.2024 realizujeme projekt \u201eZapojen\u00ed ml\u00e1de\u017ee do ochrany kriticky ohro\u017een\u00fdch druh\u016f ryb v r\u00e1mci opat\u0159en\u00ed pro zadr\u017een\u00ed vody v&nbsp;krajin\u011b\u201c. C\u00edlem projektu je zapojen\u00ed a rozvoj kl\u00ed\u010dov\u00fdch kompetenc\u00ed \u017e\u00e1k\u016f z\u00e1kladn\u00edch \u0161kol a pedagog\u016f v klimatick\u00fdch zm\u011bn\u00e1ch, kter\u00e9 maj\u00ed vliv na p\u016fvodn\u00ed faunu. V r\u00e1mci [&hellip;]<\/p>\n","protected":false},"author":1,"featured_media":6713,"parent":0,"menu_order":0,"comment_status":"closed","ping_status":"closed","template":"","meta":{"_acf_changed":false,"footnotes":""},"class_list":["post-294","page","type-page","status-publish","has-post-thumbnail","hentry"],"acf":[],"_links":{"self":[{"href":"https:\/\/zachrankarase.cz\/de\/wp-json\/wp\/v2\/pages\/294","targetHints":{"allow":["GET"]}}],"collection":[{"href":"https:\/\/zachrankarase.cz\/de\/wp-json\/wp\/v2\/pages"}],"about":[{"href":"https:\/\/zachrankarase.cz\/de\/wp-json\/wp\/v2\/types\/page"}],"author":[{"embeddable":true,"href":"https:\/\/zachrankarase.cz\/de\/wp-json\/wp\/v2\/users\/1"}],"replies":[{"embeddable":true,"href":"https:\/\/zachrankarase.cz\/de\/wp-json\/wp\/v2\/comments?post=294"}],"version-history":[{"count":21,"href":"https:\/\/zachrankarase.cz\/de\/wp-json\/wp\/v2\/pages\/294\/revisions"}],"predecessor-version":[{"id":10139,"href":"https:\/\/zachrankarase.cz\/de\/wp-json\/wp\/v2\/pages\/294\/revisions\/10139"}],"wp:featuredmedia":[{"embeddable":true,"href":"https:\/\/zachrankarase.cz\/de\/wp-json\/wp\/v2\/media\/6713"}],"wp:attachment":[{"href":"https:\/\/zachrankarase.cz\/de\/wp-json\/wp\/v2\/media?parent=294"}],"curies":[{"name":"wp","href":"https:\/\/api.w.org\/{rel}","templated":true}]}}