



{"id":3,"date":"2023-08-24T23:59:09","date_gmt":"2023-08-24T21:59:09","guid":{"rendered":"https:\/\/zachrankarase.cz\/?page_id=3"},"modified":"2023-09-08T00:40:36","modified_gmt":"2023-09-07T22:40:36","slug":"ochrana-osobnich-udaju","status":"publish","type":"page","link":"https:\/\/zachrankarase.cz\/de\/ochrana-osobnich-udaju\/","title":{"rendered":"Z\u00e1sady ochrany osobn\u00edch \u00fadaj\u016f"},"content":{"rendered":"<p>Jsme Biologick\u00e9 centrum AV \u010cR, v. v. i., se s\u00eddlem Brani\u0161ovsk\u00e1 1160\/31, 37005 \u010cesk\u00e9 Bud\u011bjovice, I\u010c 60077344.<\/p>\n\n\n\n<p>S&nbsp;jak\u00fdmi Va\u0161imi daty pracujeme:<\/p>\n\n\n\n<ol class=\"wp-block-list\">\n<li>Abychom se mohli spojit ohledn\u011b Va\u0161ich v\u00fdskyt\u016f, m\u00e1me na webu um\u00edst\u011bn\u00fd formul\u00e1\u0159 v \u010dlensk\u00e9 sekci, kter\u00fdm n\u00e1m m\u016f\u017eete napsat. \u00dadaje, kter\u00e9 n\u00e1m nap\u00ed\u0161ete do e-mailu budeme zpracov\u00e1vat, abychom V\u00e1m mohli na Va\u0161e dotazy a p\u0159\u00e1n\u00ed odpov\u011bd\u011bt.<br><br>Pokud se d\u00e1le domluv\u00edme na dal\u0161\u00ed spolupr\u00e1ci, budeme zpracov\u00e1vat Va\u0161e jm\u00e9no, kontaktn\u00ed \u00fadaje (e-mail, telefon), Va\u0161e podnikatelsk\u00e9 \u00fadaje a p\u0159\u00edpadn\u011b data, kter\u00e1 n\u00e1m p\u0159ed\u00e1te, abychom V\u00e1m mohli poskytnout sv\u00e9 slu\u017eby.<br><br>V\u00e1mi zadan\u00e1 data budeme zpracov\u00e1vat 10 let. Ve\u0161ker\u00e1 tato pr\u00e1ce s&nbsp;daty je mo\u017en\u00e1 d\u00edky tzv. na\u0159\u00edzen\u00ed GDPR (jedn\u00e1n\u00ed o smlouv\u011b a pln\u011bn\u00ed smlouvy).<\/li>\n\n\n\n<li>M\u00e1me na webu r\u016fzn\u00e9 formul\u00e1\u0159e. Pro registraci do \u010dlensk\u00e9 sekce, p\u0159ihl\u00e1\u0161en\u00ed do \u010dlensk\u00e9 sekce, resetov\u00e1n\u00ed hesla, odesl\u00e1n\u00ed v\u00fdskytu karase, odes\u00e1n\u00ed dotazu do poradny. \u00dadaje, kter\u00e9 vypln\u00edte budeme zpracov\u00e1vat, abychom V\u00e1m mohli na Va\u0161e dotazy a p\u0159\u00e1n\u00ed odpov\u011bd\u011bt a abychom mohli efektivn\u011b mapovat v\u00fdskyt karas\u016f v \u010cesk\u00e9 republice.<\/li>\n\n\n\n<li>Pokud po\u017eadujete obnoven\u00ed hesla, va\u0161e adresa IP bude uvedena v e-mailu pro obnoven\u00ed hesla.<\/li>\n\n\n\n<li>Nem\u00e1me zpracovatele, kte\u0159\u00ed by se k&nbsp;Va\u0161im dat\u016fm dostali.<\/li>\n\n\n\n<li>Va\u0161e osobn\u00ed \u00fadaje neprofilujeme, ani nep\u0159ed\u00e1v\u00e1m mimo Evropskou unii.<\/li>\n\n\n\n<li>Pokud byste n\u00e1s pot\u0159ebovali kontaktovat ohledn\u011b va\u0161ich dat a na\u0161\u00ed p\u00e1ce s&nbsp;nimi, napi\u0161te n\u00e1m na e-mail&nbsp;<a href=\"mailto:zachrankarase@gmail.com\">zachrankarase@gmail.com<\/a>.<\/li>\n\n\n\n<li>Na\u0159\u00edzen\u00ed GDPR (na\u0159\u00edzen\u00ed Evropsk\u00e9ho parlamentu a Rady (EU) \u010d. 2016\/679 o ochran\u011b fyzick\u00fdch osob v souvislosti se zpracov\u00e1n\u00edm osobn\u00edch \u00fadaj\u016f a o voln\u00e9m pohybu t\u011bchto \u00fadaj\u016f a o zru\u0161en\u00ed sm\u011brnice 95\/46\/ES) v\u00e1m d\u00e1v\u00e1 spoustu pr\u00e1v. Mezi nimi je pr\u00e1vo obr\u00e1tit se na n\u00e1s a cht\u00edt informace, jak\u00e9 osobn\u00ed \u00fadaje zpracov\u00e1v\u00e1me, vy\u017e\u00e1dat si p\u0159\u00edstup k osobn\u00edm \u00fadaj\u016fm, nechat je aktualizovat nebo opravit, cht\u00edt omezen\u00ed zpracov\u00e1n\u00ed, kopii osobn\u00edch \u00fadaj\u016f, p\u0159enos osobn\u00edch \u00fadaj\u016f nebo po n\u00e1s po\u017eadovat v\u00fdmaz. Pokud si mysl\u00edte, \u017ee s&nbsp;osobn\u00edmi \u00fadaji nenakl\u00e1d\u00e1me, jak bychom m\u011bli, m\u00e1te mo\u017enost podat st\u00ed\u017enost u \u00da\u0159adu pro ochranu osobn\u00edch \u00fadaj\u016f, p\u0159\u00edpadn\u011b se obr\u00e1tit na soud. Pevn\u011b ale v\u011b\u0159\u00edme, \u017ee k&nbsp;ni\u010demu takov\u00e9mu mezi n\u00e1mi nedojde. ????<\/li>\n<\/ol>","protected":false},"excerpt":{"rendered":"<p>Jsme Biologick\u00e9 centrum AV \u010cR, v. v. i., se s\u00eddlem Brani\u0161ovsk\u00e1 1160\/31, 37005 \u010cesk\u00e9 Bud\u011bjovice, I\u010c 60077344. S&nbsp;jak\u00fdmi Va\u0161imi daty pracujeme:<\/p>","protected":false},"author":1,"featured_media":0,"parent":0,"menu_order":0,"comment_status":"closed","ping_status":"open","template":"","meta":{"_acf_changed":false,"footnotes":""},"class_list":["post-3","page","type-page","status-publish","hentry"],"acf":[],"_links":{"self":[{"href":"https:\/\/zachrankarase.cz\/de\/wp-json\/wp\/v2\/pages\/3","targetHints":{"allow":["GET"]}}],"collection":[{"href":"https:\/\/zachrankarase.cz\/de\/wp-json\/wp\/v2\/pages"}],"about":[{"href":"https:\/\/zachrankarase.cz\/de\/wp-json\/wp\/v2\/types\/page"}],"author":[{"embeddable":true,"href":"https:\/\/zachrankarase.cz\/de\/wp-json\/wp\/v2\/users\/1"}],"replies":[{"embeddable":true,"href":"https:\/\/zachrankarase.cz\/de\/wp-json\/wp\/v2\/comments?post=3"}],"version-history":[{"count":0,"href":"https:\/\/zachrankarase.cz\/de\/wp-json\/wp\/v2\/pages\/3\/revisions"}],"wp:attachment":[{"href":"https:\/\/zachrankarase.cz\/de\/wp-json\/wp\/v2\/media?parent=3"}],"curies":[{"name":"wp","href":"https:\/\/api.w.org\/{rel}","templated":true}]}}