



{"id":33,"date":"2023-08-25T00:34:52","date_gmt":"2023-08-24T22:34:52","guid":{"rendered":"https:\/\/zachrankarase.cz\/?page_id=33"},"modified":"2025-10-21T15:35:05","modified_gmt":"2025-10-21T13:35:05","slug":"priciny-ohrozeni","status":"publish","type":"page","link":"https:\/\/zachrankarase.cz\/de\/priciny-ohrozeni\/","title":{"rendered":"P\u0159\u00ed\u010diny ohro\u017een\u00ed"},"content":{"rendered":"<p>P\u0159\u00ed\u010diny \u00fabytku karase obecn\u00e9ho jsou v&nbsp;z\u00e1sad\u011b t\u0159i: narovn\u00e1n\u00ed \u0159ek a vyrovn\u00e1n\u00ed ro\u010dn\u00edch v\u00fdkyv\u016f v&nbsp;jejich pr\u016ftoc\u00edch, intenzifikace hospoda\u0159en\u00ed na n\u00e1vesn\u00edch rybn\u00edc\u00edch a invazn\u00ed druhy ryb.<\/p>\n\n\n\n<p>Prvn\u00edm ohro\u017een\u00edm je \u00fabytek jeho biotop\u016f zp\u016fsoben\u00fd \u00fapravami tok\u016f. V&nbsp;d\u016fsledku regulac\u00ed \u0159ek (jejich nap\u0159imov\u00e1n\u00ed a zpev\u0148ov\u00e1n\u00ed b\u0159eh\u016f) za\u010daly zanikat typick\u00e9 lokality jeho v\u00fdskytu. Z&nbsp;krajiny za\u010dala mizet slep\u00e1 ramena a t\u016fn\u011b v&nbsp;z\u00e1plavov\u00e9m \u00fazem\u00ed \u0159ek. A to kv\u016fli tomu, \u017ee star\u00e1 ramena postupn\u011b zanikala, ale nov\u00e1 nevznikala \u2013 regulace \u0159ek a jejich pr\u016ftok\u016f p\u0159ehradami tuto mo\u017enost vylou\u010dila (regulovan\u00e9 koryto je stabiln\u00ed, \u017e\u00e1dn\u00e9 odstaven\u00e9 meandry v krajin\u011b ji\u017e nevznikaj\u00ed). Tyto zm\u011bny prob\u00edhaly velmi intenzivn\u011b ji\u017e od st\u0159edov\u011bku. Dal\u0161\u00ed z\u00e1sahy, jako je vysu\u0161ov\u00e1n\u00ed mok\u0159ad\u016f a zav\u00e1\u017een\u00ed \u201eneproduktivn\u00edch\u201c mal\u00fdch vodn\u00edch ploch kv\u016fli zem\u011bd\u011blsk\u00e9 \u010dinnosti, jeho dal\u0161\u00ed pokles je\u0161t\u011b podpo\u0159ily.<\/p>\n\n\n\n<p>Dal\u0161\u00ed p\u0159\u00ed\u010dinu ohro\u017een\u00ed p\u0159edstavuje invazn\u00ed karas st\u0159\u00edb\u0159it\u00fd, kter\u00fd karase obecn\u00e9ho konkuren\u010dn\u011b vytla\u010duje. Probl\u00e9mem je tak\u00e9 mo\u017en\u00e9 vz\u00e1jemn\u00e9 k\u0159\u00ed\u017een\u00ed mezi karasem obecn\u00fdm a invazn\u00edm karasem st\u0159\u00edb\u0159it\u00fdm a s&nbsp;ostatn\u00edmi druhy nep\u016fvodn\u00edch karas\u016f, a\u010dkoliv to se dle na\u0161ich pr\u016fzkum\u016f nejev\u00ed tolik problematick\u00e9. M\u00e9n\u011b b\u011b\u017en\u00e9 je pak k\u0159\u00ed\u017een\u00ed mezi karasem obecn\u00fdm a kaprem obecn\u00fdm, tito k\u0159\u00ed\u017eenci, ozna\u010dovan\u00ed jako kaprokarasi, jsou ale d\u00e1le neplodn\u00ed.<\/p>\n\n\n\n<figure class=\"wp-block-image size-full\"><img loading=\"lazy\" decoding=\"async\" width=\"1280\" height=\"960\" src=\"https:\/\/zachrankarase.cz\/wp-content\/uploads\/invazni-karas-stribrity.jpg\" alt=\"Invazn\u00ed karas st\u0159\u00edb\u0159it\u00fd\" class=\"wp-image-313\" srcset=\"https:\/\/zachrankarase.cz\/wp-content\/uploads\/invazni-karas-stribrity.jpg 1280w, https:\/\/zachrankarase.cz\/wp-content\/uploads\/invazni-karas-stribrity-768x576.jpg 768w\" sizes=\"auto, (max-width: 1280px) 100vw, 1280px\" \/><figcaption class=\"wp-element-caption\">Invazn\u00ed karas st\u0159\u00edb\u0159it\u00fd, kter\u00fd karase obecn\u00e9ho z&nbsp;jeho lokalit vytla\u010duje.<\/figcaption><\/figure>\n\n\n\n<figure class=\"wp-block-image size-full\"><img loading=\"lazy\" decoding=\"async\" width=\"1280\" height=\"1004\" src=\"https:\/\/zachrankarase.cz\/wp-content\/uploads\/krizenec-karase-obecneho-a-zlateho.jpg\" alt=\"K\u0159\u00ed\u017eenec karase obecn\u00e9ho a zlat\u00e9ho.\" class=\"wp-image-314\" srcset=\"https:\/\/zachrankarase.cz\/wp-content\/uploads\/krizenec-karase-obecneho-a-zlateho.jpg 1280w, https:\/\/zachrankarase.cz\/wp-content\/uploads\/krizenec-karase-obecneho-a-zlateho-768x602.jpg 768w\" sizes=\"auto, (max-width: 1280px) 100vw, 1280px\" \/><figcaption class=\"wp-element-caption\">K\u0159\u00ed\u017eenec karase obecn\u00e9ho a zlat\u00e9ho.<\/figcaption><\/figure>\n\n\n\n<h2 class=\"wp-block-heading\">Invazn\u00ed druhy<\/h2>\n\n\n\n<p>Invazn\u00ed druhy jsou nep\u016fvodn\u00ed druhy zavle\u010den\u00e9 do nov\u00e9ho biotopu \u010dlov\u011bkem a\u0165 u\u017e \u00famysln\u011b nebo n\u00e1hodn\u011b. P\u0159edstavuj\u00ed jednu z&nbsp;nejv\u011bt\u0161\u00edch p\u0159\u00ed\u010din ohro\u017een\u00ed sladkovodn\u00edch ekosyst\u00e9m\u016f cel\u00e9ho sv\u011bta. P\u0159edstavuj\u00ed riziko pro vodn\u00ed rostliny, bezobratl\u00e9 \u017eivo\u010dichy, oboj\u017eiveln\u00edky i jin\u00e9 druhy ryb. Konkuren\u010dn\u011b vytla\u010duj\u00ed p\u016fvodn\u00ed druhy a mohou p\u0159en\u00e1\u0161et onemocn\u011bn\u00ed.<\/p>\n\n\n\n<p>Invazn\u00ed druhy se dost\u00e1vaj\u00ed do nov\u00fdch biotop\u016f spole\u010dn\u011b s transportem komer\u010dn\u011b a ryb\u00e1\u0159sky atraktivn\u00edch druh\u016f ryb, spolu s n\u00e1stra\u017en\u00edmi rybami \u010di jako n\u00e1stra\u017en\u00ed ryby samotn\u00e9, s&nbsp;okrasn\u00fdmi rostlinami a okrasn\u00fdmi rybami. Probl\u00e9mem je tak\u00e9 vypou\u0161t\u011bn\u00ed ze zahradn\u00edch jez\u00edrek \u010di \u00faniky z&nbsp;akvakultur.<\/p>\n\n\n\n<p>Karase obecn\u00e9ho ohro\u017euje na na\u0161em \u00fazem\u00ed p\u0159edev\u0161\u00edm karas st\u0159\u00edb\u0159it\u00fd, karas zlat\u00fd a st\u0159evli\u010dka v\u00fdchodn\u00ed. Tak\u00e9 nov\u00fd invazn\u00ed druh \u010cR, hlava\u010dkovec Glen\u016fv, je schopn\u00fd karase obecn\u00e9ho z jeho lokalit zcela vytla\u010dit.<\/p>\n\n\n\n<p>Invazn\u00ed druhy ryb v \u010cR, kter\u00e9 se p\u0159ekr\u00fdvaj\u00ed sv\u00fdmi n\u00e1roky na prost\u0159ed\u00ed s karasem obecn\u00fdm:<\/p>\n\n\n\n<ol class=\"wp-block-list\">\n<li><a href=\"#karas-stribrity\">Karas st\u0159\u00edb\u0159it\u00fd (<em>Carassius gibelio<\/em>)<\/a><\/li>\n\n\n\n<li><a href=\"#karas-zlaty\" data-type=\"internal\" data-id=\"#karas-zlaty\">Karas zlat\u00fd (<em>Carassius auratus<\/em>)<\/a><\/li>\n\n\n\n<li><a href=\"#karas-ginbuna\">Karas ginbuna (<em>Carassius langsdorfii<\/em>)<\/a><\/li>\n\n\n\n<li><a href=\"#strevlicka-vychodni\">St\u0159evli\u010dka v\u00fdchodn\u00ed (<em>Pseudorasbora parva<\/em>)<\/a><\/li>\n\n\n\n<li>Hlava\u010dkovec Glen\u016fv (<em>Perccottus glenii<\/em>)<\/li>\n\n\n\n<li>Sume\u010dek \u010dern\u00fd a americk\u00fd (<em>Ameiurus melas <\/em>a <em>A<\/em>.<em> nebulosus<\/em>)<\/li>\n\n\n\n<li>Slune\u010dnice pestr\u00e1 (<em>Lepomis gibbosus<\/em>)<\/li>\n<\/ol>\n\n\n\n<h3 class=\"wp-block-heading\" id=\"karas-stribrity\">Karas st\u0159\u00edb\u0159it\u00fd (<em>Carassius gibelio<\/em>)<\/h3>\n\n\n\n<p>Karas st\u0159\u00edb\u0159it\u00fd ob\u00fdv\u00e1 r\u016fzn\u00e9 typy m\u011bl\u010d\u00edch stojat\u00fdch vod a doln\u00edch tok\u016f \u0159ek. Preferuje bohatou vegetaci a je velmi tolerantn\u00ed v\u016f\u010di n\u00edzk\u00e9mu obsahu kysl\u00edku a zne\u010di\u0161t\u011bn\u00ed. V sou\u010dasnosti je roz\u0161\u00ed\u0159en na velmi rozs\u00e1hl\u00e9m \u00fazem\u00ed od z\u00e1padn\u00ed Evropy a\u017e po d\u00e1ln\u00fd v\u00fdchod. Na rozd\u00edl od karase obecn\u00e9ho zahrnuje jeho are\u00e1l roz\u0161\u00ed\u0159en\u00ed i st\u0159edn\u00ed oblasti Asie p\u0159es Mongolsko a\u017e po \u010c\u00ednu.<\/p>\n\n\n\n<p>V z\u00e1vislosti na prost\u0159ed\u00ed m\u00e1 karas st\u0159\u00edb\u0159it\u00fd hn\u011bd\u00fd, modr\u00fd nebo tmavo\u0161ed\u00fd h\u0159bet; boky st\u0159\u00edb\u0159it\u00e9 nebo zlatav\u00e9 se sv\u011btl\u00fdm b\u0159ichem. M\u016f\u017ee b\u00fdt i cel\u00fd sv\u011btl\u00fd se st\u0159\u00edb\u0159it\u00fdm leskem. \u0160upiny b\u00fdvaj\u00ed tmav\u011b lemov\u00e1ny, h\u0159betn\u00ed a ocasn\u00ed ploutve jsou tmav\u011b \u0161ed\u00e9, p\u00e1rov\u00e9 ploutve sv\u011btlej\u0161\u00ed.<\/p>\n\n\n\n<p>Karas st\u0159\u00edb\u0159it\u00fd je pova\u017eov\u00e1n za jeden z nej\u00fasp\u011b\u0161n\u011bj\u0161\u00edch invazn\u00edch druh\u016f ryb sladkovodn\u00edch ekosyst\u00e9m\u016f Evropy. M\u00e1 toti\u017e n\u011bkolik vlastnost\u00ed p\u0159edur\u010duj\u00edc\u00edch ho k tomu b\u00fdt \u00fasp\u011b\u0161n\u00fdm koloniz\u00e1torem nov\u00fdch \u00fazem\u00ed. Prvn\u00edm je velk\u00e1 reproduk\u010dn\u00ed kapacita, m\u016f\u017ee se vyt\u00edrat a\u017e t\u0159ikr\u00e1t za rok, nav\u00edc m\u00e1 velmi rychl\u00fd r\u016fst (a\u017e 4x rychlej\u0161\u00ed ne\u017e karas obecn\u00fd). Dal\u0161\u00ed z d\u016fvod\u016f jeho invazn\u00ed \u00fasp\u011b\u0161nosti je schopnost rozmno\u017eovat se nepohlavn\u011b formou gynogeneze. V&nbsp;populaci se pak v\u016fbec nemus\u00ed vyskytovat samci a populace je slo\u017eena pouze ze samic. D\u00edky tomuto typu rozmno\u017eov\u00e1n\u00ed, vypu\u0161t\u011bn\u00ed pouze jedin\u00e9 samice karase st\u0159\u00edb\u0159it\u00e9ho, m\u016f\u017ee vy\u00fastit v&nbsp;rychl\u00fd popula\u010dn\u00ed r\u016fst.<\/p>\n\n\n\n<p>Karas st\u0159\u00edb\u0159it\u00fd p\u016fsob\u00ed jako siln\u00e1 konkurence karase obecn\u00e9ho. Vyu\u017e\u00edv\u00e1 l\u00e9pe potravn\u00ed zdroje z&nbsp;okol\u00ed a tak\u00e9 oproti n\u011bmu konzumuje v\u00edce rostlinn\u00e9 slo\u017eky a detritu.<\/p>\n\n\n\n<p><\/p>\n\n\n\n<figure class=\"wp-block-image size-full\"><img loading=\"lazy\" decoding=\"async\" width=\"1280\" height=\"960\" src=\"https:\/\/zachrankarase.cz\/wp-content\/uploads\/karas-stribrity-z-male_nadrze.jpg\" alt=\"Karas st\u0159\u00edb\u0159it\u00fd\" class=\"wp-image-316\" srcset=\"https:\/\/zachrankarase.cz\/wp-content\/uploads\/karas-stribrity-z-male_nadrze.jpg 1280w, https:\/\/zachrankarase.cz\/wp-content\/uploads\/karas-stribrity-z-male_nadrze-768x576.jpg 768w\" sizes=\"auto, (max-width: 1280px) 100vw, 1280px\" \/><figcaption class=\"wp-element-caption\">Karas st\u0159\u00edb\u0159it\u00fd z&nbsp;mal\u00e9 vodn\u00ed n\u00e1dr\u017ee, kde vytv\u00e1\u0159\u00ed podobn\u011b jako karas obecn\u00fd zakrslou formu. Dle jeho po\u010detnosti na lokalit\u011b se maxim\u00e1ln\u00ed velikost jedinc\u016f v zakrsl\u00fdch populac\u00edch pohybuje obvykle mezi 12 a 20 cm.<\/figcaption><\/figure>\n\n\n\n<h3 class=\"wp-block-heading\" id=\"karas-zlaty\">Karas zlat\u00fd (<em>Carassius auratus<\/em>)<\/h3>\n\n\n\n<p>Karas zlat\u00fd je v&nbsp;Evrop\u011b zn\u00e1m ve sv\u00e9 domestikovan\u00e9 form\u011b, kter\u00e1 je naz\u00fdv\u00e1na \u201ezlat\u00e1 rybka\u201c \u201egoldfish\u201c, nebo z\u00e1vojnatka. Nicm\u00e9n\u011b p\u0159i jejich v\u00fdt\u011bru vznikaj\u00ed i \u201enebarevn\u00ed\u201c jedinci. Tito jedinci maj\u00ed st\u0159\u00edbro\u0161ed\u00e9, zlatohn\u011bd\u00e9 a\u017e bronzov\u00e9 zbarven\u00ed.<\/p>\n\n\n\n<p>Preferuje vegetac\u00ed zarostl\u00e9 stojat\u00e9 vody. \u010casto je v hojn\u00fdch po\u010dtech vysazov\u00e1n do okrasn\u00fdch vodn\u00edch ploch. Prvn\u00ed zm\u00ednky o chovu v zajet\u00ed poch\u00e1zej\u00ed ji\u017e z des\u00e1t\u00e9ho stolet\u00ed ob\u010dansk\u00e9ho letopo\u010dtu z \u010c\u00edny. Chov a n\u00e1sledn\u011b i z\u00e1m\u011brn\u00e9 \u0161lecht\u011bn\u00ed se masov\u011b roz\u0161\u00ed\u0159ilo a stalo se sou\u010d\u00e1st\u00ed \u010d\u00ednsk\u00e9 kultury. Pozd\u011bji se tato z\u00e1liba za\u010dala \u0161\u00ed\u0159it do cel\u00e9ho sv\u011bta. Dnes jsou z\u00e1vojnatky \u010di zlat\u00e9 rybky jedny z nejobl\u00edben\u011bj\u0161\u00edch akvarijn\u00edch ryb. Na mnoh\u00fdch m\u00edstech, kde byl karas zlat\u00fd chov\u00e1n jako okrasn\u00e1 ryba, unikl do voln\u00e9 p\u0159\u00edrody, kde zdom\u00e1cn\u011bl. Kv\u016fli jeho p\u0159\u00edtomnosti v&nbsp;Evrop\u011b si zprvu lid\u00e9 nev\u0161imli invaze karase st\u0159\u00edb\u0159it\u00e9ho b\u011bhem prvn\u00edch let migrace Dunajem, nebo\u0165 nebarevn\u00e1 forma karase zlat\u00e9ho je velmi podobn\u00e1.<\/p>\n\n\n\n<p>Vyskytuj\u00ed se n\u00e1zory, \u017ee karas zlat\u00fd nep\u0159edstavuje pro nov\u011b kolonizovan\u00e1 \u00fazem\u00ed takov\u00e9 biologick\u00e9 riziko, jako je tomu v p\u0159\u00edpad\u011b karase st\u0159\u00edb\u0159it\u00e9ho, nicm\u00e9n\u011b p\u0159i jeho vy\u0161\u0161\u00edm po\u010dtu t\u00e9\u017e doch\u00e1z\u00ed ke zv\u00fd\u0161en\u00ed z\u00e1kalu prost\u0159ed\u00ed, \u00fabytku vodn\u00edch rostlin a sn\u00ed\u017een\u00ed diverzity bezobratl\u00fdch \u017eivo\u010dich\u016f. P\u0159\u00edm\u00e9 ohro\u017een\u00ed pro populace karase obecn\u00e9ho p\u0159edstavuje k\u0159\u00ed\u017een\u00ed s&nbsp;karasem zlat\u00fdm.<\/p>\n\n\n\n<figure class=\"wp-block-image size-full\"><img loading=\"lazy\" decoding=\"async\" width=\"1280\" height=\"960\" src=\"https:\/\/zachrankarase.cz\/wp-content\/uploads\/karas-zlaty.jpg\" alt=\"Karas Zlat\u00fd\" class=\"wp-image-318\" srcset=\"https:\/\/zachrankarase.cz\/wp-content\/uploads\/karas-zlaty.jpg 1280w, https:\/\/zachrankarase.cz\/wp-content\/uploads\/karas-zlaty-768x576.jpg 768w\" sizes=\"auto, (max-width: 1280px) 100vw, 1280px\" \/><figcaption class=\"wp-element-caption\">Karase zlat\u00e9ho bohu\u017eel \u010dasto nach\u00e1z\u00edme u posledn\u00edch populac\u00ed karase obecn\u00e9ho, kde se pot\u00e9 vyskytuj\u00ed i k\u0159\u00ed\u017eenci t\u011bchto druh\u016f.<\/figcaption><\/figure>\n\n\n\n<h3 class=\"wp-block-heading\" id=\"karas-ginbuna\">Karas ginbuna (<em>Carassius langsdorfii<\/em>)<\/h3>\n\n\n\n<p>P\u016fvodn\u00ed je tento druh na japonsk\u00e9m souostrov\u00ed, kde se vyskytuje hojn\u011b po cel\u00e9m \u00fazem\u00ed. Relativn\u011b ned\u00e1vno byl v\u00fdskyt ginbuny potvrzen na n\u011bkolika m\u00edstech v&nbsp;Evrop\u011b, nap\u0159\u00edklad u \u010cesk\u00fdch Bud\u011bjovic \u010di v&nbsp;povod\u00ed Labe. Ob\u00fdv\u00e1 stojat\u00e9 vody st\u0159edn\u00edch a doln\u00edch tok\u016f \u0159ek, jezera a rybn\u00edky. O jeho v\u00fdskytu a biologii v&nbsp;Evrop\u011b jsou zat\u00edm jen kus\u00e9 informace.<\/p>\n\n\n\n<h3 class=\"wp-block-heading\" id=\"strevlicka-vychodni\">St\u0159evli\u010dka v\u00fdchodn\u00ed (<em>Pseudorasbora parva<\/em>)<\/h3>\n\n\n\n<p>St\u0159evli\u010dky jsou mal\u00e9 ryby o velikosti do cca 10 cm s prot\u00e1hl\u00fdm t\u011blem. Typick\u00e1 jsou horn\u00ed vysunovateln\u00e1 \u00fasta a tmav\u00fd pruh pod\u00e9l postrann\u00ed \u010d\u00e1ry u mlad\u00fdch jedinc\u016f. Jejich p\u016fvodn\u00edm are\u00e1lem v\u00fdskytu je v\u00fdchodn\u00ed Asie, nyn\u00ed je roz\u0161\u00ed\u0159ena t\u00e9m\u011b\u0159 po cel\u00e9m sv\u011bt\u011b a zp\u016fsobuje vysok\u00e9 ekonomick\u00e9 i ekologick\u00e9 ztr\u00e1ty.&nbsp;St\u0159evli\u010dka nej\u010dast\u011bji ob\u00fdv\u00e1 rybn\u00edky, kde p\u016fsob\u00ed jako potravn\u00ed konkurent na\u0161ich p\u016fvodn\u00edch druh\u016f ryb. Pokud se st\u0159evli\u010dky na lokalit\u011b p\u0159emno\u017e\u00ed, mohou ostatn\u00edm druh\u016fm ryb okusovat ploutve a ko\u017en\u00ed epitel.<\/p>\n\n\n\n<p>Ze z\u00e1kona (Na\u0159\u00edzen\u00ed EP a\u202fRady EU \u010d. 1143\/2014 o\u202fprevenci a\u202fregulaci zavl\u00e9k\u00e1n\u00ed \u010di vysazov\u00e1n\u00ed a\u202f\u0161\u00ed\u0159en\u00ed invazn\u00edch nep\u016fvodn\u00edch druh\u016f) je zak\u00e1z\u00e1n chov, dr\u017een\u00ed, prodej a transport st\u0159evli\u010dky v\u00fdchodn\u00ed. Tak\u00e9 ji nelze pou\u017e\u00edvat jako potravn\u00ed \u010di n\u00e1stra\u017en\u00ed rybu a po p\u0159\u00edpadn\u00e9m uloven\u00ed se nesm\u00ed vracet zp\u011bt do vody.<\/p>\n\n\n\n<figure class=\"wp-block-image size-full\"><img loading=\"lazy\" decoding=\"async\" width=\"1280\" height=\"708\" src=\"https:\/\/zachrankarase.cz\/wp-content\/uploads\/strevlicka-vychodni.png\" alt=\"St\u0159evli\u010dka v\u00fdchodn\u00ed\" class=\"wp-image-321\" srcset=\"https:\/\/zachrankarase.cz\/wp-content\/uploads\/strevlicka-vychodni.png 1280w, https:\/\/zachrankarase.cz\/wp-content\/uploads\/strevlicka-vychodni-768x425.png 768w\" sizes=\"auto, (max-width: 1280px) 100vw, 1280px\" \/><figcaption class=\"wp-element-caption\">St\u0159evli\u010dka v\u00fdchodn\u00ed se \u010dasto masov\u011b vyskytuje v&nbsp;produk\u010dn\u00edch rybn\u00edc\u00edch, ale i na n\u00e1vesn\u00edch rybn\u00edc\u00edch a po\u017e\u00e1rn\u00edch n\u00e1dr\u017e\u00edch. P\u0159edstavuje z\u00e1sadn\u00ed probl\u00e9m pro diverzitu na\u0161ich drobn\u00fdch vodn\u00edch ploch.<\/figcaption><\/figure>","protected":false},"excerpt":{"rendered":"<p>P\u0159\u00ed\u010diny \u00fabytku karase obecn\u00e9ho jsou v\u00a0z\u00e1sad\u011b t\u0159i: narovn\u00e1n\u00ed \u0159ek a vyrovn\u00e1n\u00ed ro\u010dn\u00edch v\u00fdkyv\u016f v\u00a0jejich pr\u016ftoc\u00edch, intenzifikace hospoda\u0159en\u00ed na n\u00e1vesn\u00edch rybn\u00edc\u00edch a invazn\u00ed druhy ryb.<\/p>","protected":false},"author":1,"featured_media":223,"parent":0,"menu_order":0,"comment_status":"closed","ping_status":"closed","template":"","meta":{"_acf_changed":false,"footnotes":""},"class_list":["post-33","page","type-page","status-publish","has-post-thumbnail","hentry"],"acf":[],"_links":{"self":[{"href":"https:\/\/zachrankarase.cz\/de\/wp-json\/wp\/v2\/pages\/33","targetHints":{"allow":["GET"]}}],"collection":[{"href":"https:\/\/zachrankarase.cz\/de\/wp-json\/wp\/v2\/pages"}],"about":[{"href":"https:\/\/zachrankarase.cz\/de\/wp-json\/wp\/v2\/types\/page"}],"author":[{"embeddable":true,"href":"https:\/\/zachrankarase.cz\/de\/wp-json\/wp\/v2\/users\/1"}],"replies":[{"embeddable":true,"href":"https:\/\/zachrankarase.cz\/de\/wp-json\/wp\/v2\/comments?post=33"}],"version-history":[{"count":2,"href":"https:\/\/zachrankarase.cz\/de\/wp-json\/wp\/v2\/pages\/33\/revisions"}],"predecessor-version":[{"id":5106,"href":"https:\/\/zachrankarase.cz\/de\/wp-json\/wp\/v2\/pages\/33\/revisions\/5106"}],"wp:featuredmedia":[{"embeddable":true,"href":"https:\/\/zachrankarase.cz\/de\/wp-json\/wp\/v2\/media\/223"}],"wp:attachment":[{"href":"https:\/\/zachrankarase.cz\/de\/wp-json\/wp\/v2\/media?parent=33"}],"curies":[{"name":"wp","href":"https:\/\/api.w.org\/{rel}","templated":true}]}}