



{"id":621,"date":"2023-09-08T00:37:08","date_gmt":"2023-09-07T22:37:08","guid":{"rendered":"https:\/\/zachrankarase.cz\/?page_id=621"},"modified":"2023-09-27T11:55:12","modified_gmt":"2023-09-27T09:55:12","slug":"cookies","status":"publish","type":"page","link":"https:\/\/zachrankarase.cz\/de\/cookies\/","title":{"rendered":"Cookies"},"content":{"rendered":"<p>Jsme Biologick\u00e9 centrum AV \u010cR, v. v. i., se s\u00eddlem Brani\u0161ovsk\u00e1 1160\/31, 37005 \u010cesk\u00e9 Bud\u011bjovice, I\u010c 60077344.<\/p>\n\n\n\n<p>Na\u0161e kontaktn\u00ed \u00fadaje jsou:<\/p>\n\n\n\n<p>e-mail: <a href=\"mailto:zachrankarase@gmail.com\">zachrankarase@gmail.com<\/a><\/p>\n\n\n\n<p>tel.\u010d.: <a href=\"tel:+420 778 404 707\">+420 778 404 707<\/a><\/p>\n\n\n\n<p>Provozujeme webov\u00e9 str\u00e1nky na adrese <a href=\"https:\/\/zachrankarase.cz\/de\/\">zachrankarase.cz<\/a>. Na t\u011bchto webov\u00fdch str\u00e1nk\u00e1ch pracujeme s&nbsp;cookies.<\/p>\n\n\n\n<h2 class=\"wp-block-heading\">Co jsou to cookies?<\/h2>\n\n\n\n<p>Cookies jsou textov\u00e9 soubory, kter\u00e9 moje webov\u00e1 str\u00e1nka ode\u0161le do prohl\u00ed\u017ee\u010de, respektive va\u0161eho za\u0159\u00edzen\u00ed, ze kter\u00e9ho moje webov\u00e9 str\u00e1nky prohl\u00ed\u017e\u00edte (tedy nap\u0159\u00edklad telefon, tablet, po\u010d\u00edta\u010d). Umo\u017e\u0148uj\u00ed mi v\u00e1s rozeznat a podle toho p\u0159izp\u016fsobit webov\u00e9 str\u00e1nky, zobrazit v\u00e1m ur\u010dit\u00fd obsah nebo mi pom\u00e1h\u00e1 s&nbsp;anal\u00fdzou, kdo p\u0159i\u0161el na str\u00e1nky, jestli se pravideln\u011b vrac\u00ed aj.<\/p>\n\n\n\n<h2 class=\"wp-block-heading\">Jak\u00e9 typy cookies pou\u017e\u00edv\u00e1me?<\/h2>\n\n\n\n<p><strong>Technick\u00e9 a funk\u010dn\u00ed \u2013&nbsp;<\/strong>ty jsou nutn\u00e9 k&nbsp;tomu, aby se v\u00e1m webov\u00e1 str\u00e1nka dob\u0159e a bezpe\u010dn\u011b zobrazila<\/p>\n\n\n\n<p><strong>Analytick\u00e9<\/strong>&nbsp;\u2013 ty n\u00e1m pom\u00e1haj\u00ed analyzovat, jak na\u0161e webov\u00e9 str\u00e1nky z&nbsp;u\u017eivatelsk\u00e9ho hlediska funguj\u00ed, a tak je sem tam m\u016f\u017eeme vylep\u0161it<\/p>\n\n\n\n<p>Va\u0161e preference si m\u016f\u017eete zvolit je\u0161t\u011b zde:<\/p>\n\n\n\n<button type=\"button\" data-cc=\"show-preferencesModal\">Spravovat cookies<\/button>\n\n\n\n<h2 class=\"wp-block-heading\">Na z\u00e1klad\u011b \u010deho cookies zpracov\u00e1v\u00e1me?<\/h2>\n\n\n\n<p>S&nbsp;<strong>technick\u00fdmi, funk\u010dn\u00edmi cookies<\/strong>&nbsp;m\u016f\u017eeme pracovat na z\u00e1klad\u011b pr\u00e1vn\u00edch p\u0159edpis\u016f. Bez nich bychom v\u00e1m nezvl\u00e1dli obsah zobrazit, a to by nebylo v&nbsp;po\u0159\u00e1dku!<\/p>\n\n\n\n<p><strong>Analytick\u00e9 cookies<\/strong>&nbsp;m\u016f\u017eeme zpracovat jen s&nbsp;va\u0161\u00edm souhlasem. Ten je samoz\u0159ejm\u011b zcela na v\u00e1s, budeme za n\u011bj r\u00e1di, ale rozhodn\u011b v\u00e1s do n\u011bj nikdo nem\u016f\u017ee nutit.<\/p>\n\n\n\n<h2 class=\"wp-block-heading\">Jak jde zabr\u00e1nit vyu\u017e\u00edv\u00e1n\u00ed cookies?<\/h2>\n\n\n\n<p>Cookies nezbytn\u00e9 pro funk\u010dn\u00ed a bezpe\u010dn\u00fd p\u0159\u00edstup na web uchov\u00e1v\u00e1me pouze po dobu nezbytn\u011b nutnou pro p\u0159enos a zobrazen\u00ed obsahu.<\/p>\n\n\n\n<p>Analytick\u00e9 cookies zpracov\u00e1v\u00e1me jen pokud n\u00e1m k&nbsp;tomu d\u00e1te souhlas prost\u0159ednictv\u00edm cookie li\u0161ty \u2013 ohledn\u011b&nbsp;doby zpracov\u00e1n\u00ed mrkn\u011bte do tabulky zde:<\/p>\n\n\n\n<button type=\"button\" data-cc=\"show-preferencesModal\">Spravovat cookies<\/button>\n\n\n\n<p>Dal\u0161\u00ed mo\u017en\u00e1 cesta, jak zpracov\u00e1n\u00ed analytick\u00fdch cookies zabr\u00e1nit, je p\u0159es nastaven\u00ed va\u0161eho prohl\u00ed\u017ee\u010de. Tak\u00e9 m\u016f\u017eete web prohl\u00ed\u017eet v&nbsp;anonymn\u00edm re\u017eimu.<\/p>\n\n\n\n<p>V\u00edce k&nbsp;jednotliv\u00fdm prohl\u00ed\u017ee\u010d\u016fm a v\u00fdmazu\/blokaci cookies najdete tady:<\/p>\n\n\n\n<ul class=\"wp-block-list\">\n<li><a href=\"https:\/\/support.google.com\/accounts\/answer\/61416?hl=cs\" target=\"_blank\" rel=\"noreferrer noopener\">Chrome<\/a><\/li>\n\n\n\n<li><a href=\"https:\/\/support.mozilla.org\/cs\/kb\/vymazani-cookies-dat-stranek?redirectlocale=cs&amp;redirectslug=vymazani-cookies\" target=\"_blank\" rel=\"noreferrer noopener\">Firefox<\/a><\/li>\n\n\n\n<li><a href=\"https:\/\/support.microsoft.com\/cs-cz\/help\/17442\/windows-internet-explorer-delete-manage-cookies\" target=\"_blank\" rel=\"noreferrer noopener\">Internet Explorer<\/a><\/li>\n\n\n\n<li><a href=\"https:\/\/help.opera.com\/cs\/latest\/web-preferences\/\" target=\"_blank\" rel=\"noreferrer noopener\">Opera<\/a><\/li>\n\n\n\n<li><a href=\"https:\/\/napoveda.seznam.cz\/cz\/email\/seznam.cz-prohlizec\/smazani-docasnych-souboru-cookies-seznam\/\" target=\"_blank\" rel=\"noreferrer noopener\">Seznam<\/a><\/li>\n\n\n\n<li><a href=\"https:\/\/support.google.com\/chrome\/answer\/2392709?visit_id=1-636270856459123937-2696746637&amp;rd=1&amp;co=GENIE.Platform%3DAndroid&amp;oco=1\" target=\"_blank\" rel=\"noreferrer noopener\">Android<\/a><\/li>\n\n\n\n<li><a href=\"https:\/\/support.apple.com\/cs-cz\/guide\/safari\/sfri11471\/mac\" target=\"_blank\" rel=\"noreferrer noopener\">Safari<\/a><\/li>\n\n\n\n<li><a href=\"https:\/\/support.microsoft.com\/cs-cz\/windows\/microsoft-edge-data-o-proch%C3%A1zen%C3%AD-a-ochrana-soukrom%C3%AD-bb8174ba-9d73-dcf2-9b4a-c582b4e640dd\" target=\"_blank\" rel=\"noreferrer noopener\">Microsoft Edge<\/a><\/li>\n<\/ul>\n\n\n\n<p>Pamatujte, \u017ee nastaven\u00ed je pot\u0159eba prov\u00e9st pro ka\u017ed\u00e9 va\u0161e za\u0159\u00edzen\u00ed (telefon, tablet, po\u010d\u00edta\u010d) zvl\u00e1\u0161\u0165.<\/p>\n\n\n\n<p><strong>Analytick\u00e9<\/strong>&nbsp;cookies zpracov\u00e1v\u00e1&nbsp;poskytovatel slu\u017eby Google Analytics, Ads a Doubleclick spole\u010dnost Google Ireland Ltd., s\u00eddlem Google Building Gordon House, 4 Barrow St, Dublin, D04 E5W5, Irsko., v&nbsp;souladu se sv\u00fdmi podm\u00ednkami \u2013 na n\u011b mrkn\u011bte&nbsp;<a rel=\"noreferrer noopener\" href=\"https:\/\/policies.google.com\/technologies\/cookies?hl=cs\" target=\"_blank\">sem<\/a>.<\/p>\n\n\n\n<p>D\u00e1le bychom cht\u011bli zm\u00ednit:<\/p>\n\n\n\n<p>Pr\u00e1ce s&nbsp;osobn\u00edmi \u00fadaji prob\u00edh\u00e1 v&nbsp;r\u00e1mci Evropsk\u00e9 unie. Pokud doch\u00e1z\u00ed ke zpracov\u00e1n\u00ed mimo EU, potom na z\u00e1klad\u011b p\u0159\u00edslu\u0161n\u00fdch pr\u00e1vn\u00edch p\u0159edpis\u016f (v\u00fdjimky schv\u00e1len\u00e9 Evropskou uni\u00ed, p\u0159\u00edpadn\u011b po spln\u011bn\u00ed dal\u0161\u00edch po\u017eadavk\u016f na bezpe\u010dnost pr\u00e1ce s&nbsp;daty).<\/p>\n\n\n\n<p>V\u00edce k&nbsp;osobn\u00edm \u00fadaj\u016fm najdete v&nbsp;dokumentu&nbsp;<a href=\"https:\/\/zachrankarase.cz\/de\/ochrana-dat-a-udaju\/\" data-type=\"page\" data-id=\"3\">\u201eZpracov\u00e1n\u00ed va\u0161ich osobn\u00edch \u00fadaj\u016f\u201c<\/a>, v&nbsp;pati\u010dce m\u00e9ho webu.<\/p>","protected":false},"excerpt":{"rendered":"<p>Jsme Biologick\u00e9 centrum AV \u010cR, v. v. i., se s\u00eddlem Brani\u0161ovsk\u00e1 1160\/31, 37005 \u010cesk\u00e9 Bud\u011bjovice, I\u010c 60077344. Na\u0161e kontaktn\u00ed \u00fadaje jsou: e-mail: zachrankarase@gmail.com tel.\u010d.: +420 778 404 707 Provozujeme webov\u00e9 str\u00e1nky na adrese zachrankarase.cz. Na t\u011bchto webov\u00fdch str\u00e1nk\u00e1ch pracujeme s&nbsp;cookies. Co jsou to cookies? Cookies jsou textov\u00e9 soubory, kter\u00e9 moje webov\u00e1 str\u00e1nka ode\u0161le do prohl\u00ed\u017ee\u010de, [&hellip;]<\/p>\n","protected":false},"author":1,"featured_media":0,"parent":0,"menu_order":0,"comment_status":"closed","ping_status":"closed","template":"","meta":{"_acf_changed":false,"footnotes":""},"class_list":["post-621","page","type-page","status-publish","hentry"],"acf":[],"_links":{"self":[{"href":"https:\/\/zachrankarase.cz\/de\/wp-json\/wp\/v2\/pages\/621","targetHints":{"allow":["GET"]}}],"collection":[{"href":"https:\/\/zachrankarase.cz\/de\/wp-json\/wp\/v2\/pages"}],"about":[{"href":"https:\/\/zachrankarase.cz\/de\/wp-json\/wp\/v2\/types\/page"}],"author":[{"embeddable":true,"href":"https:\/\/zachrankarase.cz\/de\/wp-json\/wp\/v2\/users\/1"}],"replies":[{"embeddable":true,"href":"https:\/\/zachrankarase.cz\/de\/wp-json\/wp\/v2\/comments?post=621"}],"version-history":[{"count":1,"href":"https:\/\/zachrankarase.cz\/de\/wp-json\/wp\/v2\/pages\/621\/revisions"}],"predecessor-version":[{"id":2290,"href":"https:\/\/zachrankarase.cz\/de\/wp-json\/wp\/v2\/pages\/621\/revisions\/2290"}],"wp:attachment":[{"href":"https:\/\/zachrankarase.cz\/de\/wp-json\/wp\/v2\/media?parent=621"}],"curies":[{"name":"wp","href":"https:\/\/api.w.org\/{rel}","templated":true}]}}