



{"id":835,"date":"2023-09-19T14:09:29","date_gmt":"2023-09-19T12:09:29","guid":{"rendered":"https:\/\/zachrankarase.cz\/?page_id=835"},"modified":"2023-09-19T16:19:56","modified_gmt":"2023-09-19T14:19:56","slug":"uroven-1","status":"publish","type":"page","link":"https:\/\/zachrankarase.cz\/de\/poznavaci-kvizy\/uroven-1\/","title":{"rendered":"\u00darove\u0148 1"},"content":{"rendered":"<div class='fluentform ff-default fluentform_wrapper_11  ff_guten_block ff_guten_block-11 ffs_default_wrap'><form data-form_id=\"11\" id=\"fluentform_11\" class=\"frm-fluent-form fluent_form_11 ff-el-form-top ff_form_instance_11_1 ff-form-loading ffs_default\" data-form_instance=\"ff_form_instance_11_1\" method=\"POST\" action=\"\" ><fieldset  style=\"border: none!important;margin: 0!important;padding: 0!important;background-color: transparent!important;box-shadow: none!important;outline: none!important; min-inline-size: 100%;\">\n                    <legend class=\"ff_screen_reader_title\" style=\"display: block; margin: 0!important;padding: 0!important;height: 0!important;text-indent: -999999px;width: 0!important;overflow:hidden;\">Quiz &#8211; Level 1<\/legend>        <div\n                style=\"display: none!important; position: absolute!important; transform: translateX(1000%)!important;\"\n                class=\"ff-el-group ff-hpsf-container\"\n        >\n            <div class=\"ff-el-input--label asterisk-right\">\n                <label for=\"ff_11_item_sf\" aria-label=\"Abonnieren\">\n                    Abonnieren                <\/label>\n            <\/div>\n            <div class=\"ff-el-input--content\">\n                <input type=\"text\"\n                       name=\"item_11__fluent_sf\"\n                       class=\"ff-el-form-control\"\n                       id=\"ff_11_item_sf\"\n                \/>\n            <\/div>\n        <\/div>\n        <input type='hidden' name='__fluent_form_embded_post_id' value='835' \/><input type=\"hidden\" id=\"_fluentform_11_fluentformnonce\" name=\"_fluentform_11_fluentformnonce\" value=\"0df0983188\" \/><input type=\"hidden\" name=\"_wp_http_referer\" value=\"\/de\/wp-json\/wp\/v2\/pages\/835\" \/><div class='ff-el-group  ff_list_buttons'><div class=\"ff-el-input--label asterisk-right\"><label   aria-label=\"\"><img decoding=\"async\" src=\"\/wp-content\/uploads\/KO-1-large.jpg\"><\/label><\/div><div class='ff-el-input--content'><div class='ff-el-form-check ff-el-form-check-'><label class='ff-el-form-check-label' for='l1_6_41e12b99fa665426f27b6fd4ce588753'><input  type=\"radio\" name=\"l1_6\" data-name=\"l1_6\" class=\"ff-el-form-check-input ff-el-form-check-radio\" tabindex=\"1\" value=\"Karas obecn\u00fd\"  id='l1_6_41e12b99fa665426f27b6fd4ce588753' aria-label='Brachse' aria-invalid='false' aria-required=\"false\"> <span>Brachse<\/span><\/label><\/div><div class='ff-el-form-check ff-el-form-check-'><label class='ff-el-form-check-label' for='l1_6_ca6c20f364da3d4a79267a181a6fe0da'><input  type=\"radio\" name=\"l1_6\" data-name=\"l1_6\" class=\"ff-el-form-check-input ff-el-form-check-radio\" tabindex=\"-1\" value=\"Karas st\u0159\u00edb\u0159it\u00fd\"  id='l1_6_ca6c20f364da3d4a79267a181a6fe0da' aria-label='Silberbrasse' aria-invalid='false' aria-required=\"false\"> <span>Silberbrasse<\/span><\/label><\/div><\/div><\/div><div class='ff-el-group  ff_list_buttons'><div class=\"ff-el-input--label asterisk-right\"><label   aria-label=\"\"><img decoding=\"async\" src=\"\/wp-content\/uploads\/KO-3-large-rotated.jpg\"><\/label><\/div><div class='ff-el-input--content'><div class='ff-el-form-check ff-el-form-check-'><label class='ff-el-form-check-label' for='l1_4_90059c078522b2a11b4f646ce9bc2809'><input  type=\"radio\" name=\"l1_4\" data-name=\"l1_4\" class=\"ff-el-form-check-input ff-el-form-check-radio\" tabindex=\"2\" value=\"Karas obecn\u00fd\"  id='l1_4_90059c078522b2a11b4f646ce9bc2809' aria-label='Brachse' aria-invalid='false' aria-required=\"false\"> <span>Brachse<\/span><\/label><\/div><div class='ff-el-form-check ff-el-form-check-'><label class='ff-el-form-check-label' for='l1_4_37c1fd010c31b9155cb7eb7f27745190'><input  type=\"radio\" name=\"l1_4\" data-name=\"l1_4\" class=\"ff-el-form-check-input ff-el-form-check-radio\" tabindex=\"-1\" value=\"Karas st\u0159\u00edb\u0159it\u00fd\"  id='l1_4_37c1fd010c31b9155cb7eb7f27745190' aria-label='Silberbrasse' aria-invalid='false' aria-required=\"false\"> <span>Silberbrasse<\/span><\/label><\/div><\/div><\/div><div class='ff-el-group  ff_list_buttons'><div class=\"ff-el-input--label asterisk-right\"><label   aria-label=\"\"><img decoding=\"async\" src=\"\/wp-content\/uploads\/KS-2-large.jpg\"><\/label><\/div><div class='ff-el-input--content'><div class='ff-el-form-check ff-el-form-check-'><label class='ff-el-form-check-label' for='l1_2_5bfb0181c1960b1ae10fdd095fb36ee0'><input  type=\"radio\" name=\"l1_2\" data-name=\"l1_2\" class=\"ff-el-form-check-input ff-el-form-check-radio\" tabindex=\"3\" value=\"Karas obecn\u00fd\"  id='l1_2_5bfb0181c1960b1ae10fdd095fb36ee0' aria-label='Brachse' aria-invalid='false' aria-required=\"false\"> <span>Brachse<\/span><\/label><\/div><div class='ff-el-form-check ff-el-form-check-'><label class='ff-el-form-check-label' for='l1_2_7620ef062d12a325754caa46899efdac'><input  type=\"radio\" name=\"l1_2\" data-name=\"l1_2\" class=\"ff-el-form-check-input ff-el-form-check-radio\" tabindex=\"-1\" value=\"Karas st\u0159\u00edb\u0159it\u00fd\"  id='l1_2_7620ef062d12a325754caa46899efdac' aria-label='Silberbrasse' aria-invalid='false' aria-required=\"false\"> <span>Silberbrasse<\/span><\/label><\/div><\/div><\/div><div class='ff-el-group  ff_list_buttons'><div class=\"ff-el-input--label asterisk-right\"><label   aria-label=\"\"><img decoding=\"async\" src=\"\/wp-content\/uploads\/KO-2-large.jpg\"><\/label><\/div><div class='ff-el-input--content'><div class='ff-el-form-check ff-el-form-check-'><label class='ff-el-form-check-label' for='l1_5_3d42d1f65ae941737b34e340bb334f74'><input  type=\"radio\" name=\"l1_5\" data-name=\"l1_5\" class=\"ff-el-form-check-input ff-el-form-check-radio\" tabindex=\"4\" value=\"Karas st\u0159\u00edb\u0159it\u00fd\"  id='l1_5_3d42d1f65ae941737b34e340bb334f74' aria-label='Silberbrasse' aria-invalid='false' aria-required=\"false\"> <span>Silberbrasse<\/span><\/label><\/div><div class='ff-el-form-check ff-el-form-check-'><label class='ff-el-form-check-label' for='l1_5_a0f4d7615df2be20e264fc2adffc56d2'><input  type=\"radio\" name=\"l1_5\" data-name=\"l1_5\" class=\"ff-el-form-check-input ff-el-form-check-radio\" tabindex=\"-1\" value=\"Karas obecn\u00fd\"  id='l1_5_a0f4d7615df2be20e264fc2adffc56d2' aria-label='Brachse' aria-invalid='false' aria-required=\"false\"> <span>Brachse<\/span><\/label><\/div><\/div><\/div><div class='ff-el-group  ff_list_buttons'><div class=\"ff-el-input--label asterisk-right\"><label   aria-label=\"\"><img decoding=\"async\" src=\"\/wp-content\/uploads\/KS-3-large-rotated.jpg\"><\/label><\/div><div class='ff-el-input--content'><div class='ff-el-form-check ff-el-form-check-'><label class='ff-el-form-check-label' for='l1_1_ef3dc57e5d6172155199bcff8e5fd761'><input  type=\"radio\" name=\"l1_1\" data-name=\"l1_1\" class=\"ff-el-form-check-input ff-el-form-check-radio\" tabindex=\"5\" value=\"Karas obecn\u00fd\"  id='l1_1_ef3dc57e5d6172155199bcff8e5fd761' aria-label='Brachse' aria-invalid='false' aria-required=\"false\"> <span>Brachse<\/span><\/label><\/div><div class='ff-el-form-check ff-el-form-check-'><label class='ff-el-form-check-label' for='l1_1_b61a249654eff117491f8bb94024fcfb'><input  type=\"radio\" name=\"l1_1\" data-name=\"l1_1\" class=\"ff-el-form-check-input ff-el-form-check-radio\" tabindex=\"-1\" value=\"Karas st\u0159\u00edb\u0159it\u00fd\"  id='l1_1_b61a249654eff117491f8bb94024fcfb' aria-label='Silberbrasse' aria-invalid='false' aria-required=\"false\"> <span>Silberbrasse<\/span><\/label><\/div><\/div><\/div><div class='ff-el-group  ff_list_buttons'><div class=\"ff-el-input--label asterisk-right\"><label   aria-label=\"\"><img decoding=\"async\" src=\"\/wp-content\/uploads\/KS-1-large.jpg\"><\/label><\/div><div class='ff-el-input--content'><div class='ff-el-form-check ff-el-form-check-'><label class='ff-el-form-check-label' for='l1_3_fa5c15433909c1cb5f3ec68e9a4d5595'><input  type=\"radio\" name=\"l1_3\" data-name=\"l1_3\" class=\"ff-el-form-check-input ff-el-form-check-radio\" tabindex=\"6\" value=\"Karas st\u0159\u00edb\u0159it\u00fd\"  id='l1_3_fa5c15433909c1cb5f3ec68e9a4d5595' aria-label='Silberbrasse' aria-invalid='false' aria-required=\"false\"> <span>Silberbrasse<\/span><\/label><\/div><div class='ff-el-form-check ff-el-form-check-'><label class='ff-el-form-check-label' for='l1_3_d193d249ac41a0c378ca19fb90d15949'><input  type=\"radio\" name=\"l1_3\" data-name=\"l1_3\" class=\"ff-el-form-check-input ff-el-form-check-radio\" tabindex=\"-1\" value=\"Karas obecn\u00fd\"  id='l1_3_d193d249ac41a0c378ca19fb90d15949' aria-label='Brachse' aria-invalid='false' aria-required=\"false\"> <span>Brachse<\/span><\/label><\/div><\/div><\/div><div class='ff-el-group ff-text-left ff_submit_btn_wrapper'><button type=\"submit\" class=\"ff-btn ff-btn-submit ff-btn-md btn--l btn--action ff_btn_no_style\" tabindex=\"7\"  aria-label=\"Vyhodnotit\">Vyhodnotit<\/button><\/div><\/fieldset><input type=\"hidden\" name=\"trp-form-language\" value=\"de\"\/><\/form><div id='fluentform_11_errors' class='ff-errors-in-stack ff_form_instance_11_1 ff-form-loading_errors ff_form_instance_11_1_errors'><\/div><\/div>            <script type=\"text\/javascript\">\n                window.fluent_form_ff_form_instance_11_1 = {\"id\":\"11\",\"ajaxUrl\":\"https:\\\/\\\/zachrankarase.cz\\\/wp-admin\\\/admin-ajax.php\",\"settings\":{\"layout\":{\"labelPlacement\":\"top\",\"helpMessagePlacement\":\"with_label\",\"errorMessagePlacement\":\"inline\",\"cssClassName\":\"\",\"asteriskPlacement\":\"asterisk-right\"},\"restrictions\":{\"denyEmptySubmission\":{\"enabled\":false}}},\"form_instance\":\"ff_form_instance_11_1\",\"form_id_selector\":\"fluentform_11\",\"rules\":{\"l1_6\":{\"required\":{\"value\":false,\"message\":\"This field is required\"}},\"l1_4\":{\"required\":{\"value\":false,\"message\":\"This field is required\"}},\"l1_2\":{\"required\":{\"value\":false,\"message\":\"This field is required\"}},\"l1_5\":{\"required\":{\"value\":false,\"message\":\"This field is required\"}},\"l1_1\":{\"required\":{\"value\":false,\"message\":\"This field is required\"}},\"l1_3\":{\"required\":{\"value\":false,\"message\":\"This field is required\"}}},\"debounce_time\":300};\n                            <\/script>\n            \n\n\n<p><a href=\"https:\/\/zachrankarase.cz\/de\/poznavaci-kvizy\/uroven-2\/\" data-type=\"page\" data-id=\"840\">Pokra\u010dovat na dal\u0161\u00ed \u00farove\u0148 2<\/a><\/p>","protected":false},"excerpt":{"rendered":"<p>Pokra\u010dovat na dal\u0161\u00ed \u00farove\u0148 2<\/p>","protected":false},"author":1,"featured_media":739,"parent":27,"menu_order":0,"comment_status":"closed","ping_status":"closed","template":"","meta":{"_acf_changed":false,"footnotes":""},"class_list":["post-835","page","type-page","status-publish","has-post-thumbnail","hentry"],"acf":[],"_links":{"self":[{"href":"https:\/\/zachrankarase.cz\/de\/wp-json\/wp\/v2\/pages\/835","targetHints":{"allow":["GET"]}}],"collection":[{"href":"https:\/\/zachrankarase.cz\/de\/wp-json\/wp\/v2\/pages"}],"about":[{"href":"https:\/\/zachrankarase.cz\/de\/wp-json\/wp\/v2\/types\/page"}],"author":[{"embeddable":true,"href":"https:\/\/zachrankarase.cz\/de\/wp-json\/wp\/v2\/users\/1"}],"replies":[{"embeddable":true,"href":"https:\/\/zachrankarase.cz\/de\/wp-json\/wp\/v2\/comments?post=835"}],"version-history":[{"count":0,"href":"https:\/\/zachrankarase.cz\/de\/wp-json\/wp\/v2\/pages\/835\/revisions"}],"up":[{"embeddable":true,"href":"https:\/\/zachrankarase.cz\/de\/wp-json\/wp\/v2\/pages\/27"}],"wp:featuredmedia":[{"embeddable":true,"href":"https:\/\/zachrankarase.cz\/de\/wp-json\/wp\/v2\/media\/739"}],"wp:attachment":[{"href":"https:\/\/zachrankarase.cz\/de\/wp-json\/wp\/v2\/media?parent=835"}],"curies":[{"name":"wp","href":"https:\/\/api.w.org\/{rel}","templated":true}]}}