



{"id":844,"date":"2023-09-19T14:12:16","date_gmt":"2023-09-19T12:12:16","guid":{"rendered":"https:\/\/zachrankarase.cz\/?page_id=844"},"modified":"2023-09-19T16:22:13","modified_gmt":"2023-09-19T14:22:13","slug":"uroven-4","status":"publish","type":"page","link":"https:\/\/zachrankarase.cz\/de\/poznavaci-kvizy\/uroven-4\/","title":{"rendered":"\u00darove\u0148 4"},"content":{"rendered":"<div class='fluentform ff-default fluentform_wrapper_15  ff_guten_block ff_guten_block-15 ffs_default_wrap'><form data-form_id=\"15\" id=\"fluentform_15\" class=\"frm-fluent-form fluent_form_15 ff-el-form-top ff_form_instance_15_1 ff-form-loading ffs_default\" data-form_instance=\"ff_form_instance_15_1\" method=\"POST\" action=\"\" ><fieldset  style=\"border: none!important;margin: 0!important;padding: 0!important;background-color: transparent!important;box-shadow: none!important;outline: none!important; min-inline-size: 100%;\">\n                    <legend class=\"ff_screen_reader_title\" style=\"display: block; margin: 0!important;padding: 0!important;height: 0!important;text-indent: -999999px;width: 0!important;overflow:hidden;\">Quiz &#8211; Level 4<\/legend>        <div\n                style=\"display: none!important; position: absolute!important; transform: translateX(1000%)!important;\"\n                class=\"ff-el-group ff-hpsf-container\"\n        >\n            <div class=\"ff-el-input--label asterisk-right\">\n                <label for=\"ff_15_item_sf\" aria-label=\"Updates\">\n                    Updates                <\/label>\n            <\/div>\n            <div class=\"ff-el-input--content\">\n                <input type=\"text\"\n                       name=\"item_15__fluent_sf\"\n                       class=\"ff-el-form-control\"\n                       id=\"ff_15_item_sf\"\n                \/>\n            <\/div>\n        <\/div>\n        <input type='hidden' name='__fluent_form_embded_post_id' value='844' \/><input type=\"hidden\" id=\"_fluentform_15_fluentformnonce\" name=\"_fluentform_15_fluentformnonce\" value=\"b13eb99ce3\" \/><input type=\"hidden\" name=\"_wp_http_referer\" value=\"\/de\/wp-json\/wp\/v2\/pages\/844\" \/><div class='ff-el-group  ff_list_buttons'><div class=\"ff-el-input--label asterisk-right\"><label   aria-label=\"\"><img decoding=\"async\" src=\"\/wp-content\/uploads\/KS-10-large.jpg\"><\/label><\/div><div class='ff-el-input--content'><div class='ff-el-form-check ff-el-form-check-'><label class='ff-el-form-check-label' for='l1_6_6b9f362892377bd21ea896168eae6c1d'><input  type=\"radio\" name=\"l1_6\" data-name=\"l1_6\" class=\"ff-el-form-check-input ff-el-form-check-radio\" tabindex=\"1\" value=\"Karas obecn\u00fd\"  id='l1_6_6b9f362892377bd21ea896168eae6c1d' aria-label='Brachse' aria-invalid='false' aria-required=\"false\"> <span>Brachse<\/span><\/label><\/div><div class='ff-el-form-check ff-el-form-check-'><label class='ff-el-form-check-label' for='l1_6_d22566228da82064cd91d9e6a02046e7'><input  type=\"radio\" name=\"l1_6\" data-name=\"l1_6\" class=\"ff-el-form-check-input ff-el-form-check-radio\" tabindex=\"-1\" value=\"Karas st\u0159\u00edb\u0159it\u00fd\"  id='l1_6_d22566228da82064cd91d9e6a02046e7' aria-label='Silberbrasse' aria-invalid='false' aria-required=\"false\"> <span>Silberbrasse<\/span><\/label><\/div><\/div><\/div><div class='ff-el-group  ff_list_buttons'><div class=\"ff-el-input--label asterisk-right\"><label   aria-label=\"\"><img decoding=\"async\" src=\"\/wp-content\/uploads\/KO-12-large.jpg\"><\/label><\/div><div class='ff-el-input--content'><div class='ff-el-form-check ff-el-form-check-'><label class='ff-el-form-check-label' for='l1_1_e2db3252e3085a75e79a59df58ad0064'><input  type=\"radio\" name=\"l1_1\" data-name=\"l1_1\" class=\"ff-el-form-check-input ff-el-form-check-radio\" tabindex=\"2\" value=\"Karas st\u0159\u00edb\u0159it\u00fd\"  id='l1_1_e2db3252e3085a75e79a59df58ad0064' aria-label='Silberbrasse' aria-invalid='false' aria-required=\"false\"> <span>Silberbrasse<\/span><\/label><\/div><div class='ff-el-form-check ff-el-form-check-'><label class='ff-el-form-check-label' for='l1_1_8495f9dc2ce602d0b4fc053b6d48444f'><input  type=\"radio\" name=\"l1_1\" data-name=\"l1_1\" class=\"ff-el-form-check-input ff-el-form-check-radio\" tabindex=\"-1\" value=\"Karas obecn\u00fd\"  id='l1_1_8495f9dc2ce602d0b4fc053b6d48444f' aria-label='Brachse' aria-invalid='false' aria-required=\"false\"> <span>Brachse<\/span><\/label><\/div><\/div><\/div><div class='ff-el-group  ff_list_buttons'><div class=\"ff-el-input--label asterisk-right\"><label   aria-label=\"\"><img decoding=\"async\" src=\"\/wp-content\/uploads\/KO-11-large.jpg\"><\/label><\/div><div class='ff-el-input--content'><div class='ff-el-form-check ff-el-form-check-'><label class='ff-el-form-check-label' for='l1_2_4dc6ac4a4a314994373b9ad49de90a9e'><input  type=\"radio\" name=\"l1_2\" data-name=\"l1_2\" class=\"ff-el-form-check-input ff-el-form-check-radio\" tabindex=\"3\" value=\"Karas obecn\u00fd\"  id='l1_2_4dc6ac4a4a314994373b9ad49de90a9e' aria-label='Brachse' aria-invalid='false' aria-required=\"false\"> <span>Brachse<\/span><\/label><\/div><div class='ff-el-form-check ff-el-form-check-'><label class='ff-el-form-check-label' for='l1_2_96af5f0ce4015d5a3b127e3ccde41fb0'><input  type=\"radio\" name=\"l1_2\" data-name=\"l1_2\" class=\"ff-el-form-check-input ff-el-form-check-radio\" tabindex=\"-1\" value=\"Karas st\u0159\u00edb\u0159it\u00fd\"  id='l1_2_96af5f0ce4015d5a3b127e3ccde41fb0' aria-label='Silberbrasse' aria-invalid='false' aria-required=\"false\"> <span>Silberbrasse<\/span><\/label><\/div><\/div><\/div><div class='ff-el-group  ff_list_buttons'><div class=\"ff-el-input--label asterisk-right\"><label   aria-label=\"\"><img decoding=\"async\" src=\"\/wp-content\/uploads\/KO-10-large.jpg\"><\/label><\/div><div class='ff-el-input--content'><div class='ff-el-form-check ff-el-form-check-'><label class='ff-el-form-check-label' for='l1_3_f9fa47a2d390a2e51b2c6b4bca0521b7'><input  type=\"radio\" name=\"l1_3\" data-name=\"l1_3\" class=\"ff-el-form-check-input ff-el-form-check-radio\" tabindex=\"4\" value=\"Karas obecn\u00fd\"  id='l1_3_f9fa47a2d390a2e51b2c6b4bca0521b7' aria-label='Brachse' aria-invalid='false' aria-required=\"false\"> <span>Brachse<\/span><\/label><\/div><div class='ff-el-form-check ff-el-form-check-'><label class='ff-el-form-check-label' for='l1_3_8eac0f3a0ae72116cabbb193e88dc50c'><input  type=\"radio\" name=\"l1_3\" data-name=\"l1_3\" class=\"ff-el-form-check-input ff-el-form-check-radio\" tabindex=\"-1\" value=\"Karas st\u0159\u00edb\u0159it\u00fd\"  id='l1_3_8eac0f3a0ae72116cabbb193e88dc50c' aria-label='Silberbrasse' aria-invalid='false' aria-required=\"false\"> <span>Silberbrasse<\/span><\/label><\/div><\/div><\/div><div class='ff-el-group  ff_list_buttons'><div class=\"ff-el-input--label asterisk-right\"><label   aria-label=\"\"><img decoding=\"async\" src=\"\/wp-content\/uploads\/KS-12-large.jpg\"><\/label><\/div><div class='ff-el-input--content'><div class='ff-el-form-check ff-el-form-check-'><label class='ff-el-form-check-label' for='l1_4_da636c897325255423bee88d90d7ac10'><input  type=\"radio\" name=\"l1_4\" data-name=\"l1_4\" class=\"ff-el-form-check-input ff-el-form-check-radio\" tabindex=\"5\" value=\"Karas obecn\u00fd\"  id='l1_4_da636c897325255423bee88d90d7ac10' aria-label='Brachse' aria-invalid='false' aria-required=\"false\"> <span>Brachse<\/span><\/label><\/div><div class='ff-el-form-check ff-el-form-check-'><label class='ff-el-form-check-label' for='l1_4_ef506e2d51d03fb59827ca7acb066382'><input  type=\"radio\" name=\"l1_4\" data-name=\"l1_4\" class=\"ff-el-form-check-input ff-el-form-check-radio\" tabindex=\"-1\" value=\"Karas st\u0159\u00edb\u0159it\u00fd\"  id='l1_4_ef506e2d51d03fb59827ca7acb066382' aria-label='Silberbrasse' aria-invalid='false' aria-required=\"false\"> <span>Silberbrasse<\/span><\/label><\/div><\/div><\/div><div class='ff-el-group  ff_list_buttons'><div class=\"ff-el-input--label asterisk-right\"><label   aria-label=\"\"><img decoding=\"async\" src=\"\/wp-content\/uploads\/KS-11-large.jpg\"><\/label><\/div><div class='ff-el-input--content'><div class='ff-el-form-check ff-el-form-check-'><label class='ff-el-form-check-label' for='l1_5_2a6d8f998d88619eb970075853c3d70d'><input  type=\"radio\" name=\"l1_5\" data-name=\"l1_5\" class=\"ff-el-form-check-input ff-el-form-check-radio\" tabindex=\"6\" value=\"Karas obecn\u00fd\"  id='l1_5_2a6d8f998d88619eb970075853c3d70d' aria-label='Brachse' aria-invalid='false' aria-required=\"false\"> <span>Brachse<\/span><\/label><\/div><div class='ff-el-form-check ff-el-form-check-'><label class='ff-el-form-check-label' for='l1_5_8138dc084fda70cae445d22e058275ec'><input  type=\"radio\" name=\"l1_5\" data-name=\"l1_5\" class=\"ff-el-form-check-input ff-el-form-check-radio\" tabindex=\"-1\" value=\"Karas st\u0159\u00edb\u0159it\u00fd\"  id='l1_5_8138dc084fda70cae445d22e058275ec' aria-label='Silberbrasse' aria-invalid='false' aria-required=\"false\"> <span>Silberbrasse<\/span><\/label><\/div><\/div><\/div><div class='ff-el-group ff-text-left ff_submit_btn_wrapper'><button type=\"submit\" class=\"ff-btn ff-btn-submit ff-btn-md btn--l btn--action ff_btn_no_style\" tabindex=\"7\"  aria-label=\"Vyhodnotit\">Vyhodnotit<\/button><\/div><\/fieldset><input type=\"hidden\" name=\"trp-form-language\" value=\"de\"\/><\/form><div id='fluentform_15_errors' class='ff-errors-in-stack ff_form_instance_15_1 ff-form-loading_errors ff_form_instance_15_1_errors'><\/div><\/div>            <script type=\"text\/javascript\">\n                window.fluent_form_ff_form_instance_15_1 = {\"id\":\"15\",\"ajaxUrl\":\"https:\\\/\\\/zachrankarase.cz\\\/wp-admin\\\/admin-ajax.php\",\"settings\":{\"layout\":{\"labelPlacement\":\"top\",\"helpMessagePlacement\":\"with_label\",\"errorMessagePlacement\":\"inline\",\"cssClassName\":\"\",\"asteriskPlacement\":\"asterisk-right\"},\"restrictions\":{\"denyEmptySubmission\":{\"enabled\":false}}},\"form_instance\":\"ff_form_instance_15_1\",\"form_id_selector\":\"fluentform_15\",\"rules\":{\"l1_6\":{\"required\":{\"value\":false,\"message\":\"This field is required\"}},\"l1_1\":{\"required\":{\"value\":false,\"message\":\"This field is required\"}},\"l1_2\":{\"required\":{\"value\":false,\"message\":\"This field is required\"}},\"l1_3\":{\"required\":{\"value\":false,\"message\":\"This field is required\"}},\"l1_4\":{\"required\":{\"value\":false,\"message\":\"This field is required\"}},\"l1_5\":{\"required\":{\"value\":false,\"message\":\"This field is required\"}}},\"debounce_time\":300};\n                            <\/script>\n            \n\n\n<p><a href=\"https:\/\/zachrankarase.cz\/de\/poznavaci-kvizy\/uroven-5\/\" data-type=\"page\" data-id=\"846\">Pokra\u010dovat na \u00farove\u0148 5<\/a><\/p>","protected":false},"excerpt":{"rendered":"<p>Pokra\u010dovat na \u00farove\u0148 5<\/p>","protected":false},"author":1,"featured_media":793,"parent":27,"menu_order":0,"comment_status":"closed","ping_status":"closed","template":"","meta":{"_acf_changed":false,"footnotes":""},"class_list":["post-844","page","type-page","status-publish","has-post-thumbnail","hentry"],"acf":[],"_links":{"self":[{"href":"https:\/\/zachrankarase.cz\/de\/wp-json\/wp\/v2\/pages\/844","targetHints":{"allow":["GET"]}}],"collection":[{"href":"https:\/\/zachrankarase.cz\/de\/wp-json\/wp\/v2\/pages"}],"about":[{"href":"https:\/\/zachrankarase.cz\/de\/wp-json\/wp\/v2\/types\/page"}],"author":[{"embeddable":true,"href":"https:\/\/zachrankarase.cz\/de\/wp-json\/wp\/v2\/users\/1"}],"replies":[{"embeddable":true,"href":"https:\/\/zachrankarase.cz\/de\/wp-json\/wp\/v2\/comments?post=844"}],"version-history":[{"count":0,"href":"https:\/\/zachrankarase.cz\/de\/wp-json\/wp\/v2\/pages\/844\/revisions"}],"up":[{"embeddable":true,"href":"https:\/\/zachrankarase.cz\/de\/wp-json\/wp\/v2\/pages\/27"}],"wp:featuredmedia":[{"embeddable":true,"href":"https:\/\/zachrankarase.cz\/de\/wp-json\/wp\/v2\/media\/793"}],"wp:attachment":[{"href":"https:\/\/zachrankarase.cz\/de\/wp-json\/wp\/v2\/media?parent=844"}],"curies":[{"name":"wp","href":"https:\/\/api.w.org\/{rel}","templated":true}]}}