



{"id":856,"date":"2023-09-19T14:14:32","date_gmt":"2023-09-19T12:14:32","guid":{"rendered":"https:\/\/zachrankarase.cz\/?page_id=856"},"modified":"2023-09-19T16:26:53","modified_gmt":"2023-09-19T14:26:53","slug":"uroven-10","status":"publish","type":"page","link":"https:\/\/zachrankarase.cz\/de\/poznavaci-kvizy\/uroven-10\/","title":{"rendered":"\u00darove\u0148 10"},"content":{"rendered":"<div class='fluentform ff-default fluentform_wrapper_21  ff_guten_block ff_guten_block-21 ffs_default_wrap'><form data-form_id=\"21\" id=\"fluentform_21\" class=\"frm-fluent-form fluent_form_21 ff-el-form-top ff_form_instance_21_1 ff-form-loading ffs_default\" data-form_instance=\"ff_form_instance_21_1\" method=\"POST\" action=\"\" ><fieldset  style=\"border: none!important;margin: 0!important;padding: 0!important;background-color: transparent!important;box-shadow: none!important;outline: none!important; min-inline-size: 100%;\">\n                    <legend class=\"ff_screen_reader_title\" style=\"display: block; margin: 0!important;padding: 0!important;height: 0!important;text-indent: -999999px;width: 0!important;overflow:hidden;\">Quiz &#8211; Level 10<\/legend>        <div\n                style=\"display: none!important; position: absolute!important; transform: translateX(1000%)!important;\"\n                class=\"ff-el-group ff-hpsf-container\"\n        >\n            <div class=\"ff-el-input--label asterisk-right\">\n                <label for=\"ff_21_item_sf\" aria-label=\"Updates\">\n                    Updates                <\/label>\n            <\/div>\n            <div class=\"ff-el-input--content\">\n                <input type=\"text\"\n                       name=\"item_21__fluent_sf\"\n                       class=\"ff-el-form-control\"\n                       id=\"ff_21_item_sf\"\n                \/>\n            <\/div>\n        <\/div>\n        <input type='hidden' name='__fluent_form_embded_post_id' value='856' \/><input type=\"hidden\" id=\"_fluentform_21_fluentformnonce\" name=\"_fluentform_21_fluentformnonce\" value=\"90e909c0b2\" \/><input type=\"hidden\" name=\"_wp_http_referer\" value=\"\/de\/wp-json\/wp\/v2\/pages\/856\" \/><div class='ff-el-group  ff_list_buttons'><div class=\"ff-el-input--label asterisk-right\"><label   aria-label=\"\"><img decoding=\"async\" src=\"\/wp-content\/uploads\/KS-29-large.jpg\"><\/label><\/div><div class='ff-el-input--content'><div class='ff-el-form-check ff-el-form-check-'><label class='ff-el-form-check-label' for='l1_3_6c34e1aaa544fdf6d64a3a39b5dd1c7e'><input  type=\"radio\" name=\"l1_3\" data-name=\"l1_3\" class=\"ff-el-form-check-input ff-el-form-check-radio\" tabindex=\"1\" value=\"Karas obecn\u00fd\"  id='l1_3_6c34e1aaa544fdf6d64a3a39b5dd1c7e' aria-label='Brachse' aria-invalid='false' aria-required=\"false\"> <span>Brachse<\/span><\/label><\/div><div class='ff-el-form-check ff-el-form-check-'><label class='ff-el-form-check-label' for='l1_3_36187b3e36b86606243a9bf84d9dc8c8'><input  type=\"radio\" name=\"l1_3\" data-name=\"l1_3\" class=\"ff-el-form-check-input ff-el-form-check-radio\" tabindex=\"-1\" value=\"Karas st\u0159\u00edb\u0159it\u00fd\"  id='l1_3_36187b3e36b86606243a9bf84d9dc8c8' aria-label='Silberbrasse' aria-invalid='false' aria-required=\"false\"> <span>Silberbrasse<\/span><\/label><\/div><\/div><\/div><div class='ff-el-group  ff_list_buttons'><div class=\"ff-el-input--label asterisk-right\"><label   aria-label=\"\"><img decoding=\"async\" src=\"\/wp-content\/uploads\/KS-28-large.jpg\"><\/label><\/div><div class='ff-el-input--content'><div class='ff-el-form-check ff-el-form-check-'><label class='ff-el-form-check-label' for='l1_4_157d95481d457d5d18e540cd68636b99'><input  type=\"radio\" name=\"l1_4\" data-name=\"l1_4\" class=\"ff-el-form-check-input ff-el-form-check-radio\" tabindex=\"2\" value=\"Karas st\u0159\u00edb\u0159it\u00fd\"  id='l1_4_157d95481d457d5d18e540cd68636b99' aria-label='Silberbrasse' aria-invalid='false' aria-required=\"false\"> <span>Silberbrasse<\/span><\/label><\/div><div class='ff-el-form-check ff-el-form-check-'><label class='ff-el-form-check-label' for='l1_4_e2bd5b5e2aea1cefb9278c33d037bf57'><input  type=\"radio\" name=\"l1_4\" data-name=\"l1_4\" class=\"ff-el-form-check-input ff-el-form-check-radio\" tabindex=\"-1\" value=\"Karas obecn\u00fd\"  id='l1_4_e2bd5b5e2aea1cefb9278c33d037bf57' aria-label='Brachse' aria-invalid='false' aria-required=\"false\"> <span>Brachse<\/span><\/label><\/div><\/div><\/div><div class='ff-el-group  ff_list_buttons'><div class=\"ff-el-input--label asterisk-right\"><label   aria-label=\"\"><img decoding=\"async\" src=\"\/wp-content\/uploads\/KO-29-large.jpg\"><\/label><\/div><div class='ff-el-input--content'><div class='ff-el-form-check ff-el-form-check-'><label class='ff-el-form-check-label' for='l1_1_edaad0d91ec4ccf54251744b6fe5b9a5'><input  type=\"radio\" name=\"l1_1\" data-name=\"l1_1\" class=\"ff-el-form-check-input ff-el-form-check-radio\" tabindex=\"3\" value=\"Karas st\u0159\u00edb\u0159it\u00fd\"  id='l1_1_edaad0d91ec4ccf54251744b6fe5b9a5' aria-label='Silberbrasse' aria-invalid='false' aria-required=\"false\"> <span>Silberbrasse<\/span><\/label><\/div><div class='ff-el-form-check ff-el-form-check-'><label class='ff-el-form-check-label' for='l1_1_f7b7f6b919a9a71c947204c82895dde6'><input  type=\"radio\" name=\"l1_1\" data-name=\"l1_1\" class=\"ff-el-form-check-input ff-el-form-check-radio\" tabindex=\"-1\" value=\"Karas obecn\u00fd\"  id='l1_1_f7b7f6b919a9a71c947204c82895dde6' aria-label='Brachse' aria-invalid='false' aria-required=\"false\"> <span>Brachse<\/span><\/label><\/div><\/div><\/div><div class='ff-el-group  ff_list_buttons'><div class=\"ff-el-input--label asterisk-right\"><label   aria-label=\"\"><img decoding=\"async\" src=\"\/wp-content\/uploads\/KO-30-large.jpg\"><\/label><\/div><div class='ff-el-input--content'><div class='ff-el-form-check ff-el-form-check-'><label class='ff-el-form-check-label' for='l1_6_2ddce75a20928e2a147128a8eb1c4018'><input  type=\"radio\" name=\"l1_6\" data-name=\"l1_6\" class=\"ff-el-form-check-input ff-el-form-check-radio\" tabindex=\"4\" value=\"Karas st\u0159\u00edb\u0159it\u00fd\"  id='l1_6_2ddce75a20928e2a147128a8eb1c4018' aria-label='Silberbrasse' aria-invalid='false' aria-required=\"false\"> <span>Silberbrasse<\/span><\/label><\/div><div class='ff-el-form-check ff-el-form-check-'><label class='ff-el-form-check-label' for='l1_6_013376ba310fbaba300ca5ab49f37168'><input  type=\"radio\" name=\"l1_6\" data-name=\"l1_6\" class=\"ff-el-form-check-input ff-el-form-check-radio\" tabindex=\"-1\" value=\"Karas obecn\u00fd\"  id='l1_6_013376ba310fbaba300ca5ab49f37168' aria-label='Brachse' aria-invalid='false' aria-required=\"false\"> <span>Brachse<\/span><\/label><\/div><\/div><\/div><div class='ff-el-group  ff_list_buttons'><div class=\"ff-el-input--label asterisk-right\"><label   aria-label=\"\"><img decoding=\"async\" src=\"\/wp-content\/uploads\/KO-28-large.jpg\"><\/label><\/div><div class='ff-el-input--content'><div class='ff-el-form-check ff-el-form-check-'><label class='ff-el-form-check-label' for='l1_2_01a0c2236ba5032c43158ae7df7ccc32'><input  type=\"radio\" name=\"l1_2\" data-name=\"l1_2\" class=\"ff-el-form-check-input ff-el-form-check-radio\" tabindex=\"5\" value=\"Karas st\u0159\u00edb\u0159it\u00fd\"  id='l1_2_01a0c2236ba5032c43158ae7df7ccc32' aria-label='Silberbrasse' aria-invalid='false' aria-required=\"false\"> <span>Silberbrasse<\/span><\/label><\/div><div class='ff-el-form-check ff-el-form-check-'><label class='ff-el-form-check-label' for='l1_2_fe8866367c5ce56bdf74be5ff80b0e97'><input  type=\"radio\" name=\"l1_2\" data-name=\"l1_2\" class=\"ff-el-form-check-input ff-el-form-check-radio\" tabindex=\"-1\" value=\"Karas obecn\u00fd\"  id='l1_2_fe8866367c5ce56bdf74be5ff80b0e97' aria-label='Brachse' aria-invalid='false' aria-required=\"false\"> <span>Brachse<\/span><\/label><\/div><\/div><\/div><div class='ff-el-group  ff_list_buttons'><div class=\"ff-el-input--label asterisk-right\"><label   aria-label=\"\"><img decoding=\"async\" src=\"\/wp-content\/uploads\/KO-31-large.jpg\"><\/label><\/div><div class='ff-el-input--content'><div class='ff-el-form-check ff-el-form-check-'><label class='ff-el-form-check-label' for='l1_5_135009ce4ff7f6105a39329f682db422'><input  type=\"radio\" name=\"l1_5\" data-name=\"l1_5\" class=\"ff-el-form-check-input ff-el-form-check-radio\" tabindex=\"6\" value=\"Karas st\u0159\u00edb\u0159it\u00fd\"  id='l1_5_135009ce4ff7f6105a39329f682db422' aria-label='Silberbrasse' aria-invalid='false' aria-required=\"false\"> <span>Silberbrasse<\/span><\/label><\/div><div class='ff-el-form-check ff-el-form-check-'><label class='ff-el-form-check-label' for='l1_5_0c0c8759e52602395341cb65aae103d2'><input  type=\"radio\" name=\"l1_5\" data-name=\"l1_5\" class=\"ff-el-form-check-input ff-el-form-check-radio\" tabindex=\"-1\" value=\"Karas obecn\u00fd\"  id='l1_5_0c0c8759e52602395341cb65aae103d2' aria-label='Brachse' aria-invalid='false' aria-required=\"false\"> <span>Brachse<\/span><\/label><\/div><\/div><\/div><div class='ff-el-group ff-text-left ff_submit_btn_wrapper'><button type=\"submit\" class=\"ff-btn ff-btn-submit ff-btn-md btn--l btn--action ff_btn_no_style\" tabindex=\"7\"  aria-label=\"Vyhodnotit\">Vyhodnotit<\/button><\/div><\/fieldset><input type=\"hidden\" name=\"trp-form-language\" value=\"de\"\/><\/form><div id='fluentform_21_errors' class='ff-errors-in-stack ff_form_instance_21_1 ff-form-loading_errors ff_form_instance_21_1_errors'><\/div><\/div>            <script type=\"text\/javascript\">\n                window.fluent_form_ff_form_instance_21_1 = {\"id\":\"21\",\"ajaxUrl\":\"https:\\\/\\\/zachrankarase.cz\\\/wp-admin\\\/admin-ajax.php\",\"settings\":{\"layout\":{\"labelPlacement\":\"top\",\"helpMessagePlacement\":\"with_label\",\"errorMessagePlacement\":\"inline\",\"cssClassName\":\"\",\"asteriskPlacement\":\"asterisk-right\"},\"restrictions\":{\"denyEmptySubmission\":{\"enabled\":false}}},\"form_instance\":\"ff_form_instance_21_1\",\"form_id_selector\":\"fluentform_21\",\"rules\":{\"l1_3\":{\"required\":{\"value\":false,\"message\":\"This field is required\"}},\"l1_4\":{\"required\":{\"value\":false,\"message\":\"This field is required\"}},\"l1_1\":{\"required\":{\"value\":false,\"message\":\"This field is required\"}},\"l1_6\":{\"required\":{\"value\":false,\"message\":\"This field is required\"}},\"l1_2\":{\"required\":{\"value\":false,\"message\":\"This field is required\"}},\"l1_5\":{\"required\":{\"value\":false,\"message\":\"This field is required\"}}},\"debounce_time\":300};\n                            <\/script>\n            \n\n\n<p><a href=\"https:\/\/zachrankarase.cz\/de\/muj-ucet\/\" data-type=\"page\" data-id=\"470\">Zp\u011bt na str\u00e1nku M\u016fj \u00fa\u010det<\/a><\/p>","protected":false},"excerpt":{"rendered":"<p>Zp\u011bt na str\u00e1nku M\u016fj \u00fa\u010det<\/p>","protected":false},"author":1,"featured_media":828,"parent":27,"menu_order":0,"comment_status":"closed","ping_status":"closed","template":"","meta":{"_acf_changed":false,"footnotes":""},"class_list":["post-856","page","type-page","status-publish","has-post-thumbnail","hentry"],"acf":[],"_links":{"self":[{"href":"https:\/\/zachrankarase.cz\/de\/wp-json\/wp\/v2\/pages\/856","targetHints":{"allow":["GET"]}}],"collection":[{"href":"https:\/\/zachrankarase.cz\/de\/wp-json\/wp\/v2\/pages"}],"about":[{"href":"https:\/\/zachrankarase.cz\/de\/wp-json\/wp\/v2\/types\/page"}],"author":[{"embeddable":true,"href":"https:\/\/zachrankarase.cz\/de\/wp-json\/wp\/v2\/users\/1"}],"replies":[{"embeddable":true,"href":"https:\/\/zachrankarase.cz\/de\/wp-json\/wp\/v2\/comments?post=856"}],"version-history":[{"count":0,"href":"https:\/\/zachrankarase.cz\/de\/wp-json\/wp\/v2\/pages\/856\/revisions"}],"up":[{"embeddable":true,"href":"https:\/\/zachrankarase.cz\/de\/wp-json\/wp\/v2\/pages\/27"}],"wp:featuredmedia":[{"embeddable":true,"href":"https:\/\/zachrankarase.cz\/de\/wp-json\/wp\/v2\/media\/828"}],"wp:attachment":[{"href":"https:\/\/zachrankarase.cz\/de\/wp-json\/wp\/v2\/media?parent=856"}],"curies":[{"name":"wp","href":"https:\/\/api.w.org\/{rel}","templated":true}]}}