



{"id":19668,"date":"2026-04-27T15:35:09","date_gmt":"2026-04-27T13:35:09","guid":{"rendered":"https:\/\/zachrankarase.cz\/?page_id=19668"},"modified":"2026-04-27T15:36:32","modified_gmt":"2026-04-27T13:36:32","slug":"obcanska-veda","status":"publish","type":"page","link":"https:\/\/zachrankarase.cz\/en\/obcanska-veda\/","title":{"rendered":"Ob\u010dansk\u00e1 v\u011bda"},"content":{"rendered":"<p>Lorem Ipsum<\/p>","protected":false},"excerpt":{"rendered":"<p>Lorem Ipsum<\/p>","protected":false},"author":1,"featured_media":0,"parent":0,"menu_order":0,"comment_status":"closed","ping_status":"closed","template":"","meta":{"_acf_changed":false,"footnotes":""},"class_list":["post-19668","page","type-page","status-publish","hentry"],"acf":[],"_links":{"self":[{"href":"https:\/\/zachrankarase.cz\/en\/wp-json\/wp\/v2\/pages\/19668","targetHints":{"allow":["GET"]}}],"collection":[{"href":"https:\/\/zachrankarase.cz\/en\/wp-json\/wp\/v2\/pages"}],"about":[{"href":"https:\/\/zachrankarase.cz\/en\/wp-json\/wp\/v2\/types\/page"}],"author":[{"embeddable":true,"href":"https:\/\/zachrankarase.cz\/en\/wp-json\/wp\/v2\/users\/1"}],"replies":[{"embeddable":true,"href":"https:\/\/zachrankarase.cz\/en\/wp-json\/wp\/v2\/comments?post=19668"}],"version-history":[{"count":2,"href":"https:\/\/zachrankarase.cz\/en\/wp-json\/wp\/v2\/pages\/19668\/revisions"}],"predecessor-version":[{"id":19768,"href":"https:\/\/zachrankarase.cz\/en\/wp-json\/wp\/v2\/pages\/19668\/revisions\/19768"}],"wp:attachment":[{"href":"https:\/\/zachrankarase.cz\/en\/wp-json\/wp\/v2\/media?parent=19668"}],"curies":[{"name":"wp","href":"https:\/\/api.w.org\/{rel}","templated":true}]}}