



{"id":24355,"date":"2026-05-11T14:20:11","date_gmt":"2026-05-11T12:20:11","guid":{"rendered":"https:\/\/zachrankarase.cz\/?page_id=24355"},"modified":"2026-05-11T15:36:56","modified_gmt":"2026-05-11T13:36:56","slug":"slunka-a-piskor","status":"publish","type":"page","link":"https:\/\/zachrankarase.cz\/en\/slunka-a-piskor\/","title":{"rendered":"About the life of a squealer and the suns"},"content":{"rendered":"<div class=\"wp-block-buttons is-content-justification-center is-layout-flex wp-container-core-buttons-is-layout-16018d1d wp-block-buttons-is-layout-flex\">\n<div class=\"wp-block-button btn--action btn--l\"><a class=\"wp-block-button__link wp-element-button\" href=\"https:\/\/zachrankarase.cz\/en\/insert-the-occurrence-of-sunshine-and-piscoes\/\">Vlo\u017eit v\u00fdskyt pisko\u0159e a slunky<\/a><\/div>\n<\/div>\n\n\n\n<p><\/p>","protected":false},"excerpt":{"rendered":"","protected":false},"author":1,"featured_media":0,"parent":0,"menu_order":0,"comment_status":"closed","ping_status":"closed","template":"","meta":{"_acf_changed":false,"footnotes":""},"class_list":["post-24355","page","type-page","status-publish","hentry"],"acf":[],"_links":{"self":[{"href":"https:\/\/zachrankarase.cz\/en\/wp-json\/wp\/v2\/pages\/24355","targetHints":{"allow":["GET"]}}],"collection":[{"href":"https:\/\/zachrankarase.cz\/en\/wp-json\/wp\/v2\/pages"}],"about":[{"href":"https:\/\/zachrankarase.cz\/en\/wp-json\/wp\/v2\/types\/page"}],"author":[{"embeddable":true,"href":"https:\/\/zachrankarase.cz\/en\/wp-json\/wp\/v2\/users\/1"}],"replies":[{"embeddable":true,"href":"https:\/\/zachrankarase.cz\/en\/wp-json\/wp\/v2\/comments?post=24355"}],"version-history":[{"count":9,"href":"https:\/\/zachrankarase.cz\/en\/wp-json\/wp\/v2\/pages\/24355\/revisions"}],"predecessor-version":[{"id":24787,"href":"https:\/\/zachrankarase.cz\/en\/wp-json\/wp\/v2\/pages\/24355\/revisions\/24787"}],"wp:attachment":[{"href":"https:\/\/zachrankarase.cz\/en\/wp-json\/wp\/v2\/media?parent=24355"}],"curies":[{"name":"wp","href":"https:\/\/api.w.org\/{rel}","templated":true}]}}