



{"id":25,"date":"2023-08-25T00:33:47","date_gmt":"2023-08-24T22:33:47","guid":{"rendered":"https:\/\/zachrankarase.cz\/?page_id=25"},"modified":"2023-08-28T13:14:30","modified_gmt":"2023-08-28T11:14:30","slug":"media","status":"publish","type":"page","link":"https:\/\/zachrankarase.cz\/en\/media\/","title":{"rendered":"Save the crucian carp in the media"},"content":{"rendered":"<p>The decline of the crucian carp and its conservation has received a lot of media attention. <\/p>\n\n\n\n<h2 class=\"wp-block-heading\">Here are links to selected media coverage of the issue<\/h2>\n\n\n\n<h3 class=\"wp-block-heading\">Czech Television - Nedej se<\/h3>\n\n\n\n<p><a href=\"https:\/\/www.ceskatelevize.cz\/porady\/1095913550-nedej-se\/222562248430031\/\">https:\/\/www.ceskatelevize.cz\/porady\/1095913550-nedej-se\/222562248430031\/<\/a><\/p>\n\n\n\n<h3 class=\"wp-block-heading\">Czech Television - \u010cT24<\/h3>\n\n\n\n<p><a href=\"https:\/\/ct24.ceskatelevize.cz\/veda\/3355458-vedci-chteji-zachranit-karase-v-cesku-bez-pomoci-verejnosti-nepujde\">https:\/\/ct24.ceskatelevize.cz\/veda\/3355458-vedci-chteji-zachranit-karase-v-cesku-bez-pomoci-verejnosti-nepujde<\/a><\/p>\n\n\n\n<p><a href=\"https:\/\/ct24.ceskatelevize.cz\/regiony\/3592358-zachrana-karase-obecneho-pracovnici-prazske-zoo-vypustili-do-rybnika-stovku\">https:\/\/ct24.ceskatelevize.cz\/regiony\/3592358-zachrana-karase-obecneho-pracovnici-prazske-zoo-vypustili-do-rybnika-stovku<\/a><\/p>\n\n\n\n<h3 class=\"wp-block-heading\">ZOO Prague<\/h3>\n\n\n\n<p><a href=\"https:\/\/www.zoopraha.cz\/aktualne\/novinky-u-zvirat\/13783-zacal-navrat-karase-obecneho-do-ceska-zoo-praha-vypustila-prvni-ryby-ve-vinori\">https:\/\/www.zoopraha.cz\/aktualne\/novinky-u-zvirat\/13783-zacal-navrat-karase-obecneho-do-ceska-zoo-praha-vypustila-prvni-ryby-ve-vinori<\/a><\/p>\n\n\n\n<h3 class=\"wp-block-heading\">Novinky.cz<\/h3>\n\n\n\n<p><a href=\"https:\/\/www.novinky.cz\/clanek\/veda-skoly-karas-obecny-drive-bezna-ryba-dnes-kriticky-ohrozena-40438330\">https:\/\/www.novinky.cz\/clanek\/veda-skoly-karas-obecny-drive-bezna-ryba-dnes-kriticky-ohrozena-40438330<\/a><\/p>\n\n\n\n<h3 class=\"wp-block-heading\">Blesk <\/h3>\n\n\n\n<p>The crucian carp on the brink of extinction: project to save it begins, scientists ask for public help.<\/p>\n\n\n\n<p><a href=\"https:\/\/www.blesk.cz\/clanek\/regiony-praha-praha-zpravy\/687492\/karas-obecny-na-pokraji-vyhynuti-zacina-projekt-na-jeho-zachranu-vedci-prosi-verejnost-o-pomoc.html\">https:\/\/www.blesk.cz\/clanek\/regiony-praha-praha-zpravy\/687492\/karas-obecny-na-pokraji-vyhynuti-zacina-projekt-na-jeho-zachranu-vedci-prosi-verejnost-o-pomoc.html<\/a><\/p>\n\n\n\n<h3 class=\"wp-block-heading\">T\u0159eb\u00ed\u010dsk\u00fd den\u00edk<\/h3>\n\n\n\n<p><a href=\"https:\/\/trebicsky.denik.cz\/zpravy_region\/karas-obecny-je-na-pokraji-vyhynuti-vysocina-ma-plan-na-jeho-zachranu-20230206.html\">https:\/\/trebicsky.denik.cz\/zpravy_region\/karas-obecny-je-na-pokraji-vyhynuti-vysocina-ma-plan-na-jeho-zachranu-20230206.html<\/a><\/p>\n\n\n\n<h3 class=\"wp-block-heading\"><strong>Idnes<\/strong><\/h3>\n\n\n\n<p>The zoo is saving the nearly extinct native crucian carp. It used to be in every pond.<\/p>\n\n\n\n<p><a href=\"https:\/\/www.idnes.cz\/ceske-budejovice\/zpravy\/karas-obecny-ryba-ohrozeny-druh-vyhynuti.A220809_677536_budejovice-zpravy_pkr\">https:\/\/www.idnes.cz\/ceske-budejovice\/zpravy\/karas-obecny-ryba-ohrozeny-druh-vyhynuti.A220809_677536_budejovice-zpravy_pkr<\/a><\/p>\n\n\n\n<h3 class=\"wp-block-heading\">Krajsk\u00e9 listy <\/h3>\n\n\n\n<p>Can we save the crucian carp? The Prague Zoo and more than 700 volunteers are involved.<\/p>\n\n\n\n<p><a href=\"https:\/\/www.krajskelisty.cz\/praha\/28034-zachranime-karase-obecneho-zapojila-se-prazska-zoo-i-vice-nez-700-dobrovolniku.htm\">https:\/\/www.krajskelisty.cz\/praha\/28034-zachranime-karase-obecneho-zapojila-se-prazska-zoo-i-vice-nez-700-dobrovolniku.htm<\/a><\/p>\n\n\n\n<h3 class=\"wp-block-heading\">iRozhlas<\/h3>\n\n\n\n<p><a href=\"https:\/\/www.irozhlas.cz\/veda-technologie\/priroda\/olomouc-karas-obecny-zachrana-univerzita-palackeho_2205072117_bko\">https:\/\/www.irozhlas.cz\/veda-technologie\/priroda\/olomouc-karas-obecny-zachrana-univerzita-palackeho_2205072117_bko<\/a><\/p>","protected":false},"excerpt":{"rendered":"<p>The decline of the crucian carp and its conservation has received a lot of media attention.<\/p>","protected":false},"author":1,"featured_media":257,"parent":0,"menu_order":0,"comment_status":"closed","ping_status":"closed","template":"","meta":{"_acf_changed":false,"footnotes":""},"class_list":["post-25","page","type-page","status-publish","has-post-thumbnail","hentry"],"acf":[],"_links":{"self":[{"href":"https:\/\/zachrankarase.cz\/en\/wp-json\/wp\/v2\/pages\/25","targetHints":{"allow":["GET"]}}],"collection":[{"href":"https:\/\/zachrankarase.cz\/en\/wp-json\/wp\/v2\/pages"}],"about":[{"href":"https:\/\/zachrankarase.cz\/en\/wp-json\/wp\/v2\/types\/page"}],"author":[{"embeddable":true,"href":"https:\/\/zachrankarase.cz\/en\/wp-json\/wp\/v2\/users\/1"}],"replies":[{"embeddable":true,"href":"https:\/\/zachrankarase.cz\/en\/wp-json\/wp\/v2\/comments?post=25"}],"version-history":[{"count":0,"href":"https:\/\/zachrankarase.cz\/en\/wp-json\/wp\/v2\/pages\/25\/revisions"}],"wp:featuredmedia":[{"embeddable":true,"href":"https:\/\/zachrankarase.cz\/en\/wp-json\/wp\/v2\/media\/257"}],"wp:attachment":[{"href":"https:\/\/zachrankarase.cz\/en\/wp-json\/wp\/v2\/media?parent=25"}],"curies":[{"name":"wp","href":"https:\/\/api.w.org\/{rel}","templated":true}]}}