



{"id":29,"date":"2023-08-25T00:34:19","date_gmt":"2023-08-24T22:34:19","guid":{"rendered":"https:\/\/zachrankarase.cz\/?page_id=29"},"modified":"2023-09-11T14:38:35","modified_gmt":"2023-09-11T12:38:35","slug":"how-can-i-help","status":"publish","type":"page","link":"https:\/\/zachrankarase.cz\/en\/jak-mohu-pomoci\/","title":{"rendered":"How can I help"},"content":{"rendered":"\n<h2 class=\"wp-block-heading\">Zapoj se do z\u00e1chrany karase obecn\u00e9ho!&nbsp;&nbsp;<\/h2>\n\n\n\n<p>Zn\u00e1\u0161 je\u0161t\u011b m\u00edsta, kde se karas obecn\u00fd vyskytuje? Nebo se setk\u00e1v\u00e1\u0161 dnes u\u017e jen s\u202fkarasem st\u0159\u00edb\u0159it\u00fdm, a tak v&nbsp;Tv\u00e9m okol\u00ed nem\u00e1 repatriace karase obecn\u00e9ho cenu? Registruj se a vypl\u0148&nbsp;n\u00e1\u0161&nbsp;dotazn\u00edk&nbsp;se sou\u010dasn\u00fdmi n\u00e1lezy na\u0161eho p\u016fvodn\u00edho karase obecn\u00e9ho a invazn\u00edho karase st\u0159\u00edb\u0159it\u00e9ho.&nbsp;<\/p>\n\n\n\n<p>Nahr\u00e1vej n\u00e1m fotky lokalit i uloven\u00fdch jedinc\u016f nebo se p\u0159ihlas se z\u00e1jmem o chov ve tv\u00e9m rybn\u00ed\u010dku. Ka\u017ed\u00fd&nbsp;n\u00e1lez&nbsp;je pro n\u00e1s d\u016fle\u017eit\u00fd.&nbsp;Na ka\u017ed\u00e9m&nbsp;hlasu&nbsp;z\u00e1le\u017e\u00ed!&nbsp;<\/p>\n\n\n\n<figure class=\"wp-block-gallery has-nested-images columns-4 is-cropped wp-block-gallery-1 is-layout-flex wp-block-gallery-is-layout-flex\">\n<figure class=\"wp-block-image size-large\"><img loading=\"lazy\" decoding=\"async\" width=\"1280\" height=\"960\" data-id=\"346\" src=\"https:\/\/zachrankarase.cz\/wp-content\/uploads\/rybnik-1.jpg\" alt=\"\" class=\"wp-image-346\" srcset=\"https:\/\/zachrankarase.cz\/wp-content\/uploads\/rybnik-1.jpg 1280w, https:\/\/zachrankarase.cz\/wp-content\/uploads\/rybnik-1-768x576.jpg 768w\" sizes=\"auto, (max-width: 1280px) 100vw, 1280px\" \/><\/figure>\n\n\n\n<figure class=\"wp-block-image size-large\"><img loading=\"lazy\" decoding=\"async\" width=\"1280\" height=\"960\" data-id=\"344\" src=\"https:\/\/zachrankarase.cz\/wp-content\/uploads\/rybnik-2.jpg\" alt=\"\" class=\"wp-image-344\" srcset=\"https:\/\/zachrankarase.cz\/wp-content\/uploads\/rybnik-2.jpg 1280w, https:\/\/zachrankarase.cz\/wp-content\/uploads\/rybnik-2-768x576.jpg 768w\" sizes=\"auto, (max-width: 1280px) 100vw, 1280px\" \/><\/figure>\n\n\n\n<figure class=\"wp-block-image size-large\"><img loading=\"lazy\" decoding=\"async\" width=\"1280\" height=\"960\" data-id=\"345\" src=\"https:\/\/zachrankarase.cz\/wp-content\/uploads\/rybnik-3.jpg\" alt=\"\" class=\"wp-image-345\" srcset=\"https:\/\/zachrankarase.cz\/wp-content\/uploads\/rybnik-3.jpg 1280w, https:\/\/zachrankarase.cz\/wp-content\/uploads\/rybnik-3-768x576.jpg 768w\" sizes=\"auto, (max-width: 1280px) 100vw, 1280px\" \/><\/figure>\n\n\n\n<figure class=\"wp-block-image size-large\"><img loading=\"lazy\" decoding=\"async\" width=\"1280\" height=\"960\" data-id=\"343\" src=\"https:\/\/zachrankarase.cz\/wp-content\/uploads\/rybnik-4.jpg\" alt=\"\" class=\"wp-image-343\" srcset=\"https:\/\/zachrankarase.cz\/wp-content\/uploads\/rybnik-4.jpg 1280w, https:\/\/zachrankarase.cz\/wp-content\/uploads\/rybnik-4-768x576.jpg 768w\" sizes=\"auto, (max-width: 1280px) 100vw, 1280px\" \/><\/figure>\n<\/figure>\n\n\n\n<h3 class=\"wp-block-heading\">P\u0159idej data o v\u00fdskytu<\/h3>\n\n\n\n<p>Pros\u00edm p\u0159ilo\u017e fotografii lokality a ryby, abychom m\u011bli jistotu, \u017ee se jedn\u00e1 opravdu o uveden\u00fd druh karase.<\/p>\n\n\n\n<h2 class=\"wp-block-heading\">Jednoduch\u00fd n\u00e1vod, jak fotit ryby:<\/h2>\n\n\n\n<p>Pro dokumentaci je mo\u017en\u00e9 pou\u017e\u00edt jak\u00fdkoliv typ fotoapar\u00e1tu v\u010detn\u011b mobiln\u00edho telefonu. <\/p>\n\n\n\n<p><strong>Pro vlastn\u00ed focen\u00ed doporu\u010dujeme dodr\u017eet n\u011bkolik z\u00e1kladn\u00edch pravidel:<\/strong><\/p>\n\n\n\n<ul class=\"wp-block-list\">\n<li>Fot\u00edme co nejv\u00edce <strong>kolmo k ryb\u011b<\/strong> le\u017e\u00edc\u00ed na boku, tak aby hlava i ocas ryby byly ve stejn\u00e9 vzd\u00e1lenosti od objektivu fotoapar\u00e1tu.<\/li>\n\n\n\n<li>P\u0159i fotografov\u00e1n\u00ed ryby v ruce se sna\u017e\u00edme dr\u017eet rybu tak, abychom <strong>nezakr\u00fdvali d\u016fle\u017eit\u00e9 rozpozn\u00e1vac\u00ed znaky<\/strong> (hlavn\u011b ploutve).<\/li>\n\n\n\n<li>Pokusit se <strong>nap\u0159\u00edmit ploutve<\/strong> tak, aby ruka co nejm\u00e9n\u011b zasahovala do fotografie.<\/li>\n<\/ul>\n\n\n<div class=\"wp-block-image\">\n<figure class=\"aligncenter size-full\"><img loading=\"lazy\" decoding=\"async\" width=\"531\" height=\"361\" src=\"https:\/\/zachrankarase.cz\/wp-content\/uploads\/foceni-ryb.jpg\" alt=\"\" class=\"wp-image-349\"\/><figcaption class=\"wp-element-caption\">Uk\u00e1zka focen\u00ed ryb v ruce (vlevo) a na podlo\u017ece (vpravo). Horn\u00ed \u0159ada karas obecn\u00fd, dole karas st\u0159\u00edb\u0159it\u00fd.<\/figcaption><\/figure>\n<\/div>\n\n\n<h2 class=\"wp-block-heading\">Chci chovat karase<\/h2>\n\n\n\n<p class=\"margin-bottom--s\">Cht\u011bl by ses zapojit do z\u00e1chrany karase obecn\u00e9ho s vlastn\u00edm rybn\u00ed\u010dkem? Napi\u0161 n\u00e1m!<\/p>\n\n\n\n<div class=\"wp-block-group\"><div class=\"wp-block-group__inner-container is-layout-constrained wp-block-group-is-layout-constrained\"><div class='fluentform ff-default fluentform_wrapper_8 form--account margin--top-l ff_guten_block ff_guten_block-8 ffs_default_wrap'><form data-form_id=\"8\" id=\"fluentform_8\" class=\"frm-fluent-form fluent_form_8 ff-el-form-top ff_form_instance_8_1 ff-form-loading ffs_default\" data-form_instance=\"ff_form_instance_8_1\" method=\"POST\" data-turnstile_key=\"0x4AAAAAABDjhLPwEPwq4GBu\" ><fieldset  style=\"border: none!important;margin: 0!important;padding: 0!important;background-color: transparent!important;box-shadow: none!important;outline: none!important; min-inline-size: 100%;\">\n                    <legend class=\"ff_screen_reader_title\" style=\"display: block; margin: 0!important;padding: 0!important;height: 0!important;text-indent: -999999px;width: 0!important;overflow:hidden;\">Kontaktn\u00ed formul\u00e1\u0159<\/legend>        <div\n                style=\"display: none!important; position: absolute!important; transform: translateX(1000%)!important;\"\n                class=\"ff-el-group ff-hpsf-container\"\n        >\n            <div class=\"ff-el-input--label asterisk-right\">\n                <label for=\"ff_8_item_sf\" aria-label=\"Updates\">\n                    Updates                <\/label>\n            <\/div>\n            <div class=\"ff-el-input--content\">\n                <input type=\"text\"\n                       name=\"item_8__fluent_sf\"\n                       class=\"ff-el-form-control\"\n                       id=\"ff_8_item_sf\"\n                \/>\n            <\/div>\n        <\/div>\n        <input type='hidden' name='__fluent_form_embded_post_id' value='29' \/><input type=\"hidden\" id=\"_fluentform_8_fluentformnonce\" name=\"_fluentform_8_fluentformnonce\" value=\"8dc60aebc8\" \/><input type=\"hidden\" name=\"_wp_http_referer\" value=\"\/en\/wp-json\/wp\/v2\/pages\/29\" \/><div data-type=\"name-element\" data-name=\"jmeno\" class=\" ff-field_container ff-name-field-wrapper\" ><div class='ff-t-container'><div class='ff-t-cell '><div class='ff-el-group  ff-el-form-top'><div class=\"ff-el-input--label ff-el-is-required asterisk-right\"><label for='ff_8_jmeno_first_name_' id='label_ff_8_jmeno_first_name_' >Jm\u00e9no<\/label><\/div><div class='ff-el-input--content'><input type=\"text\" name=\"jmeno[first_name]\" id=\"ff_8_jmeno_first_name_\" class=\"ff-el-form-control\" placeholder=\"Va\u0161e jm\u00e9no\" tabindex=\"1\" aria-invalid=\"false\" aria-required=true><\/div><\/div><\/div><div class='ff-t-cell '><div class='ff-el-group  ff-el-form-top'><div class=\"ff-el-input--label ff-el-is-required asterisk-right\"><label for='ff_8_jmeno_last_name_' id='label_ff_8_jmeno_last_name_' >P\u0159\u00edjmen\u00ed<\/label><\/div><div class='ff-el-input--content'><input type=\"text\" name=\"jmeno[last_name]\" id=\"ff_8_jmeno_last_name_\" class=\"ff-el-form-control\" placeholder=\"Va\u0161e p\u0159\u00edjmen\u00ed\" tabindex=\"2\" aria-invalid=\"false\" aria-required=true><\/div><\/div><\/div><\/div><\/div><div data-name=\"ff_cn_id_1\"  class='ff-t-container ff-column-container ff_columns_total_2 '><div class='ff-t-cell ff-t-column-1' style='flex-basis: 50%;'><div class='ff-el-group'><div class=\"ff-el-input--label ff-el-is-required asterisk-right\"><label for='ff_8_email' id='label_ff_8_email' aria-label=\"E-mail\">E-mail<\/label><\/div><div class='ff-el-input--content'><input type=\"email\" name=\"email\" id=\"ff_8_email\" class=\"ff-el-form-control\" placeholder=\"V\u00e1\u0161 e-mail\" data-name=\"email\" tabindex=\"3\"  aria-invalid=\"false\" aria-required=true><\/div><\/div><\/div><div class='ff-t-cell ff-t-column-2' style='flex-basis: 50%;'><div class='ff-el-group'><div class=\"ff-el-input--label ff-el-is-required asterisk-right\"><label for='ff_8_phone' id='label_ff_8_phone' aria-label=\"Telefon\">Telefon<\/label><\/div><div class='ff-el-input--content'><input name=\"phone\" class=\"ff-el-form-control ff-el-phone\" type=\"tel\" placeholder=\"V\u00e1\u0161 telefon\" data-name=\"phone\" id=\"ff_8_phone\" tabindex=\"4\" inputmode=\"tel\"  aria-invalid='false' aria-required=true><\/div><\/div><\/div><\/div><div class='ff-el-group'><div class=\"ff-el-input--label ff-el-is-required asterisk-right\"><label for='ff_8_kraj' id='label_ff_8_kraj' aria-label=\"Z jak\u00e9ho jste kraje?\">Z jak\u00e9ho jste kraje?<\/label><\/div><div class='ff-el-input--content'><select name=\"kraj\" id=\"ff_8_kraj\" class=\"ff-el-form-control\" data-name=\"kraj\" data-calc_value=\"0\" tabindex=\"5\"  aria-invalid=\"false\" aria-required=\"true\" aria-labelledby=\"label_ff_8_kraj\"><option value=\"\">&#8211; Vyberte &#8211;<\/option><option value=\"Hlavn\u00ed m\u011bsto Praha\"  >Hlavn\u00ed m\u011bsto Praha<\/option><option value=\"St\u0159edo\u010desk\u00fd kraj\"  >St\u0159edo\u010desk\u00fd kraj<\/option><option value=\"Jiho\u010desk\u00fd kraj\"  >Jiho\u010desk\u00fd kraj<\/option><option value=\"Plze\u0148sk\u00fd kraj\"  >Plze\u0148sk\u00fd kraj<\/option><option value=\"Karlovarsk\u00fd kraj\"  >Karlovarsk\u00fd kraj<\/option><option value=\"\u00dasteck\u00fd kraj\"  >\u00dasteck\u00fd kraj<\/option><option value=\"Libereck\u00fd kraj\"  >Libereck\u00fd kraj<\/option><option value=\"Kr\u00e1lovehradeck\u00fd kraj\"  >Kr\u00e1lovehradeck\u00fd kraj<\/option><option value=\"Pardubick\u00fd kraj\"  >Pardubick\u00fd kraj<\/option><option value=\"kraj Vyso\u010dina\"  >kraj Vyso\u010dina<\/option><option value=\"Jihomoravsk\u00fd kraj\"  >Jihomoravsk\u00fd kraj<\/option><option value=\"Zl\u00ednsk\u00fd kraj\"  >Zl\u00ednsk\u00fd kraj<\/option><option value=\"Olomouck\u00fd kraj\"  >Olomouck\u00fd kraj<\/option><option value=\"Moravskoslezsk\u00fd kraj\"  >Moravskoslezsk\u00fd kraj<\/option><\/select><\/div><\/div><div class='ff-el-group'><div class=\"ff-el-input--label asterisk-right\"><label for='ff_8_lokalita' id='label_ff_8_lokalita' aria-label=\"Up\u0159esn\u011bn\u00ed lokality\">Up\u0159esn\u011bn\u00ed lokality<\/label><\/div><div class='ff-el-input--content'><input type=\"text\" name=\"lokalita\" class=\"ff-el-form-control\" data-name=\"lokalita\" tabindex=\"6\" id=\"ff_8_lokalita\"  aria-invalid=\"false\" aria-required=false><\/div><\/div><div class='ff-el-group'><div class=\"ff-el-input--label asterisk-right\"><label for='ff_8_jineryby' id='label_ff_8_jineryby' aria-label=\"Nach\u00e1z\u00ed se na lokalit\u011b jin\u00e9 ryby?\">Nach\u00e1z\u00ed se na lokalit\u011b jin\u00e9 ryby?<\/label><\/div><div class='ff-el-input--content'><input type=\"text\" name=\"jineryby\" class=\"ff-el-form-control\" data-name=\"jineryby\" tabindex=\"7\" id=\"ff_8_jineryby\"  aria-invalid=\"false\" aria-required=false><\/div><\/div><div class='ff-el-group'><div class=\"ff-el-input--label ff-el-is-required asterisk-right\"><label for='ff_8_description' id='label_ff_8_description' aria-label=\"Kde chcete karase chovat?\">Kde chcete karase chovat?<\/label><\/div><div class='ff-el-input--content'><textarea aria-required=\"true\" aria-labelledby=\"label_ff_8_description\" name=\"description\" id=\"ff_8_description\" class=\"ff-el-form-control\" rows=\"3\" cols=\"2\" data-name=\"description\" tabindex=\"8\" ><\/textarea><\/div><\/div><div class='ff-el-group'><div class=\"ff-el-input--label asterisk-right\"><label for='ff_8_image-upload_1' id='label_ff_8_image-upload_1' aria-label=\"Fotografie lokality a okol\u00ed\">Fotografie lokality a okol\u00ed<\/label><\/div><div class='ff-el-input--content'><label for='ff_8_image-upload_1' class='ff_file_upload_holder'><span class='ff_upload_btn ff-btn' tabindex='0'>Vybrat soubor<\/span> <input type=\"file\" name=\"image-upload\" id=\"ff_8_image-upload_1\" class=\"ff-el-form-control  ff-screen-reader-element\" accept=\"image\/*\" data-name=\"image-upload\" multiple=\"1\" tabindex=\"9\"  aria-invalid='false' aria-required=false><\/label><\/div><\/div><div class='ff-el-group    ff-el-input--content'><div class='ff-el-form-check ff-el-tc'><label aria-label='Terms and Conditions: Souhlas\u00edm se z\u00e1sadami ochrany dat a osobn\u00edch \u00fadaj\u016f. Contains 1 link. Use tab navigation to review.' class='ff-el-form-check-label ff_tc_label' for=gdpr-agreement_2fb4071e5a27c27106adf2b46e54f394><span class='ff_tc_checkbox'><input type=\"checkbox\" name=\"gdpr-agreement\" class=\"ff-el-form-check-input ff_gdpr_field\" data-name=\"gdpr-agreement\" id=\"gdpr-agreement_2fb4071e5a27c27106adf2b46e54f394\" tabindex=\"10\"  value='on' aria-invalid='false' aria-required=true><\/span> <div class='ff_t_c'>Souhlas\u00edm se <a target=\"_blank\" href=\"\/ochrana-osobnich-udaju\/\">z\u00e1sadami ochrany dat a osobn\u00edch \u00fadaj\u016f<\/a>.<\/div><\/label><\/div><\/div><div class='ff-el-group ' ><div class='ff-el-input--content'><div data-fluent_id='8' name='cf-turnstile-response'><div\n\t\tdata-sitekey='0x4AAAAAABDjhLPwEPwq4GBu'\n\t\tdata-theme='auto'\n\t\tid='fluentform-turnstile-8-1'\n\t\tclass='ff-el-turnstile cf-turnstile'\n\t\tdata-appearance='always'><\/div><\/div><\/div><\/div><div class='ff-el-group ff-text-left ff_submit_btn_wrapper'><button type=\"submit\" class=\"ff-btn ff-btn-submit ff-btn-md btn--l btn--action ff_btn_no_style\" tabindex=\"11\"  aria-label=\"Odeslat\">Odeslat<\/button><\/div><\/fieldset><\/form><div id='fluentform_8_errors' class='ff-errors-in-stack ff_form_instance_8_1 ff-form-loading_errors ff_form_instance_8_1_errors'><\/div><\/div>            <script type=\"text\/javascript\">\n                window.fluent_form_ff_form_instance_8_1 = {\"id\":\"8\",\"settings\":{\"layout\":{\"labelPlacement\":\"top\",\"helpMessagePlacement\":\"with_label\",\"errorMessagePlacement\":\"inline\",\"cssClassName\":\"\",\"asteriskPlacement\":\"asterisk-right\"},\"restrictions\":{\"denyEmptySubmission\":{\"enabled\":false}}},\"form_instance\":\"ff_form_instance_8_1\",\"form_id_selector\":\"fluentform_8\",\"rules\":{\"jmeno[first_name]\":{\"required\":{\"value\":true,\"message\":\"Pole je povinn\\u00e9.\",\"global\":false,\"global_message\":\"This field is required\"}},\"jmeno[middle_name]\":{\"required\":{\"value\":false,\"message\":\"This field is required\",\"global\":false,\"global_message\":\"This field is required\"}},\"jmeno[last_name]\":{\"required\":{\"value\":true,\"message\":\"Pole je povinn\\u00e9.\",\"global\":false,\"global_message\":\"This field is required\"}},\"email\":{\"required\":{\"value\":true,\"message\":\"Pole je povinn\\u00e9\",\"global\":false,\"global_message\":\"This field is required\"},\"email\":{\"value\":true,\"message\":\"Pole mus\\u00ed obsahovat e-mailovou adresu\",\"global\":false,\"global_message\":\"This field must contain a valid email\"}},\"phone\":{\"required\":{\"value\":true,\"message\":\"Pole je povinn\\u00e9\",\"global\":false,\"global_message\":\"This field is required\"},\"valid_phone_number\":{\"value\":false,\"message\":\"Phone number is not valid\",\"global\":false,\"global_message\":\"Phone number is not valid\"}},\"kraj\":{\"required\":{\"value\":true,\"message\":\"Pole je povinn\\u00e9.\",\"global\":false,\"global_message\":\"This field is required\"}},\"lokalita\":{\"required\":{\"value\":false,\"message\":\"This field is required\",\"global\":false,\"global_message\":\"This field is required\"}},\"jineryby\":{\"required\":{\"value\":false,\"message\":\"This field is required\",\"global\":false,\"global_message\":\"This field is required\"}},\"description\":{\"required\":{\"value\":true,\"message\":\"Pole je povinn\\u00e9.\",\"global\":false,\"global_message\":\"This field is required\"}},\"image-upload\":{\"required\":{\"value\":false,\"message\":\"This field is required\",\"global\":false,\"global_message\":\"This field is required\"},\"max_file_size\":{\"value\":31457280,\"_valueFrom\":\"MB\",\"message\":\"Celkov\\u00e1 velikost fotografi\\u00ed je maxim\\u00e1ln\\u011b  30MB\",\"global\":false,\"global_message\":\"Validation fails for maximum file size\"},\"max_file_count\":{\"value\":\"4\",\"message\":\"M\\u016f\\u017eete nahr\\u00e1t maxim\\u00e1ln\\u011b 4 obr\\u00e1zky.\",\"global\":false,\"global_message\":\"Validation fails for maximum file count\"},\"allowed_image_types\":{\"value\":[\"png\",\"jpg|jpeg\"],\"message\":\"Povolen\\u00e9 jsou pouze soubory PNG, JPG a JPEG.\",\"global\":false,\"global_message\":\"Allowed image types does not match\"}},\"gdpr-agreement\":{\"required\":{\"value\":true,\"message\":\"Bez souhlasu nem\\u016f\\u017eeme zpr\\u00e1vu p\\u0159ijmout.\",\"global\":false,\"global_message\":\"This field is required\"}},\"cf-turnstile-response\":[]},\"debounce_time\":300};\n                            <\/script>\n            <\/div><\/div>\n","protected":false},"excerpt":{"rendered":"<p>Zapoj se do z\u00e1chrany karase obecn\u00e9ho!&nbsp;&nbsp; Zn\u00e1\u0161 je\u0161t\u011b m\u00edsta, kde se karas obecn\u00fd vyskytuje? Nebo se setk\u00e1v\u00e1\u0161 dnes u\u017e jen s\u202fkarasem st\u0159\u00edb\u0159it\u00fdm, a tak v&nbsp;Tv\u00e9m okol\u00ed nem\u00e1 repatriace karase obecn\u00e9ho cenu? Registruj se a vypl\u0148&nbsp;n\u00e1\u0161&nbsp;dotazn\u00edk&nbsp;se sou\u010dasn\u00fdmi n\u00e1lezy na\u0161eho p\u016fvodn\u00edho karase obecn\u00e9ho a invazn\u00edho karase st\u0159\u00edb\u0159it\u00e9ho.&nbsp; Nahr\u00e1vej n\u00e1m fotky lokalit i uloven\u00fdch jedinc\u016f nebo se p\u0159ihlas [&hellip;]<\/p>\n","protected":false},"author":1,"featured_media":236,"parent":0,"menu_order":0,"comment_status":"closed","ping_status":"closed","template":"","meta":{"_acf_changed":false,"footnotes":""},"class_list":["post-29","page","type-page","status-publish","has-post-thumbnail","hentry"],"acf":[],"_links":{"self":[{"href":"https:\/\/zachrankarase.cz\/en\/wp-json\/wp\/v2\/pages\/29","targetHints":{"allow":["GET"]}}],"collection":[{"href":"https:\/\/zachrankarase.cz\/en\/wp-json\/wp\/v2\/pages"}],"about":[{"href":"https:\/\/zachrankarase.cz\/en\/wp-json\/wp\/v2\/types\/page"}],"author":[{"embeddable":true,"href":"https:\/\/zachrankarase.cz\/en\/wp-json\/wp\/v2\/users\/1"}],"replies":[{"embeddable":true,"href":"https:\/\/zachrankarase.cz\/en\/wp-json\/wp\/v2\/comments?post=29"}],"version-history":[{"count":0,"href":"https:\/\/zachrankarase.cz\/en\/wp-json\/wp\/v2\/pages\/29\/revisions"}],"wp:featuredmedia":[{"embeddable":true,"href":"https:\/\/zachrankarase.cz\/en\/wp-json\/wp\/v2\/media\/236"}],"wp:attachment":[{"href":"https:\/\/zachrankarase.cz\/en\/wp-json\/wp\/v2\/media?parent=29"}],"curies":[{"name":"wp","href":"https:\/\/api.w.org\/{rel}","templated":true}]}}