



{"id":35,"date":"2023-08-25T00:35:10","date_gmt":"2023-08-24T22:35:10","guid":{"rendered":"https:\/\/zachrankarase.cz\/?page_id=35"},"modified":"2026-03-18T16:05:23","modified_gmt":"2026-03-18T15:05:23","slug":"about-the-life-of-karasu","status":"publish","type":"page","link":"https:\/\/zachrankarase.cz\/en\/o-zivote-karasu\/","title":{"rendered":"About the life of the crucian carp"},"content":{"rendered":"<h2 class=\"wp-block-heading\">Ecology of the crucian carp<\/h2>\n\n\n\n<p>The occurrence of the crucian carp is linked to stagnant and gently flowing waters with muddy bottoms and dense vegetation. Its original habitat is the floodplains of the lower reaches of rivers. It occurs naturally most often with the sunbleak (<em>Leucaspius delineatus<\/em>), the weatherfish (<em>Misgurnus fossilis<\/em>), the common rudd (<em>Scardinius erythrophthalmus<\/em>) or the tench (<em>Tinca tinca<\/em>), but also with other species of fish.<\/p>\n\n\n\n<p>In favourable environments without extensive periods of oxygen depletion, where multiple species are present in the fish community, it tends to be represented by only a small number of large individuals. Conversely, in waters where oxygen depletion occurs, the crucian carp is often the only species present, forming very large populations dominated by individuals up to 10 cm in length. These individuals have a large head in proportion to their body size and are shallow-bodied. In older literature, this form is referred to as the stunted form <em>(Carassius carassius f. humilis<\/em>). The density of these populations can reach more than 320 kg ha-1. These forms are freely interchangeable depending on the environment in which they occur.<\/p>\n\n\n\n<figure class=\"wp-block-image size-full\"><img loading=\"lazy\" decoding=\"async\" width=\"1280\" height=\"960\" src=\"https:\/\/zachrankarase.cz\/wp-content\/uploads\/samec-karase-obecneho.jpg\" alt=\"Male common bream\" class=\"wp-image-300\" srcset=\"https:\/\/zachrankarase.cz\/wp-content\/uploads\/samec-karase-obecneho.jpg 1280w, https:\/\/zachrankarase.cz\/wp-content\/uploads\/samec-karase-obecneho-768x576.jpg 768w\" sizes=\"auto, (max-width: 1280px) 100vw, 1280px\" \/><figcaption class=\"wp-element-caption\">A typical individual with a large head relative to the body as a result of selection for competition for food.<\/figcaption><\/figure>\n\n\n\n<figure class=\"wp-block-image size-full\"><img loading=\"lazy\" decoding=\"async\" width=\"1280\" height=\"960\" src=\"https:\/\/zachrankarase.cz\/wp-content\/uploads\/druhotny-habitat-karase.jpg\" alt=\"\" class=\"wp-image-303\" srcset=\"https:\/\/zachrankarase.cz\/wp-content\/uploads\/druhotny-habitat-karase.jpg 1280w, https:\/\/zachrankarase.cz\/wp-content\/uploads\/druhotny-habitat-karase-768x576.jpg 768w\" sizes=\"auto, (max-width: 1280px) 100vw, 1280px\" \/><figcaption class=\"wp-element-caption\">Typical secondary habitat of the crucian carp - a flooded stone quarry with a well-developed macrophyte coverage.<\/figcaption><\/figure>\n\n\n\n<figure class=\"wp-block-image size-full\"><img loading=\"lazy\" decoding=\"async\" width=\"1280\" height=\"772\" src=\"https:\/\/zachrankarase.cz\/wp-content\/uploads\/slunka-obecna.png\" alt=\"\" class=\"wp-image-305\" srcset=\"https:\/\/zachrankarase.cz\/wp-content\/uploads\/slunka-obecna.png 1280w, https:\/\/zachrankarase.cz\/wp-content\/uploads\/slunka-obecna-768x463.png 768w\" sizes=\"auto, (max-width: 1280px) 100vw, 1280px\" \/><figcaption class=\"wp-element-caption\">The sunbleak - another species of ponds and pools that is critically declining.<\/figcaption><\/figure>\n\n\n\n<p>The crucian carps are not very competitive and are not very abundant in areas with large numbers of predators and other competing fish species. Nevertheless, it has developed several adaptations to resist predation and competition. The first strategy is to adapt to an environment in which predators are unable to exist. It is one of the few fish able to survive in small, seasonally anoxic (oxygen-free) ponds. It tolerates low oxygen concentrations through a process called anaerobic glycolysis, where the organism derives energy from glycogen without access to oxygen. This helps it to survive, especially in northern areas where its habitats are covered in ice for several months. Only a few species of fish (such as weatherfish) and some species of aquatic turtles can cope with such environments. Predatory fish cannot survive periods without oxygen, and therefore, even if they enter the pool with floodwater, they will not persist permanently. Predation pressure at these sites is therefore only represented by non-fish predators such as kingfishers or herons.<\/p>\n\n\n\n<figure class=\"wp-block-image size-full\"><img loading=\"lazy\" decoding=\"async\" width=\"1280\" height=\"960\" src=\"https:\/\/zachrankarase.cz\/wp-content\/uploads\/absence-kysliku.jpg\" alt=\"\" class=\"wp-image-307\" srcset=\"https:\/\/zachrankarase.cz\/wp-content\/uploads\/absence-kysliku.jpg 1280w, https:\/\/zachrankarase.cz\/wp-content\/uploads\/absence-kysliku-768x576.jpg 768w\" sizes=\"auto, (max-width: 1280px) 100vw, 1280px\" \/><figcaption class=\"wp-element-caption\">In winter, this pond can freeze over and the aquatic plants decompose under the ice, resulting in a lack of oxygen in the water.<\/figcaption><\/figure>\n\n\n\n<p>The second adaptation against predators is the creation of a deep-bodied form. If the crucian carp is found in a location where predatory fish species are present, they will develop a deep-bodied form as a defence against attack and their populations consist of a small number of large individuals (1-25 individuals\/ha). This deep body size makes it an unavailable food for most sizes of predatory fish species. In addition, it is capable of high escape velocities when encountering a predator such as a pike.<\/p>\n\n\n\n<figure class=\"wp-block-image size-full\"><img loading=\"lazy\" decoding=\"async\" width=\"1280\" height=\"960\" src=\"https:\/\/zachrankarase.cz\/wp-content\/uploads\/karas-obecny-dva-ks.jpg\" alt=\"\" class=\"wp-image-309\" srcset=\"https:\/\/zachrankarase.cz\/wp-content\/uploads\/karas-obecny-dva-ks.jpg 1280w, https:\/\/zachrankarase.cz\/wp-content\/uploads\/karas-obecny-dva-ks-768x576.jpg 768w\" sizes=\"auto, (max-width: 1280px) 100vw, 1280px\" \/><figcaption class=\"wp-element-caption\">At first glance, two different species - yet both are individuals of the crucian carp. Above, a deep-bodied form from a multispecies community, below, a shallow-bodied individual from a pond inhabited only by the crucian carp.<\/figcaption><\/figure>\n\n\n\n<h3 class=\"wp-block-heading\">How does the crucian carp know there is a predator in the area?<\/h3>\n\n\n\n<p>In environments overgrown with aquatic plants or with low transparency, fish must engage other senses than sight or information from the lateral line. In these situations, fish make extensive use of their sense of smell. They have evolved special adaptations for early warning of approaching danger.<\/p>\n\n\n\n<p>If a pike attacks a shoal of crucian carps and catches one of them, a warning signal is scattered around the area from its wound. The remaining fish avoid the area. Once in the danger zone, the fish keep smaller distances between them and move more cautiously, increasing the likelihood of escape.<\/p>\n\n\n\n<figure class=\"wp-block-image size-full\"><img loading=\"lazy\" decoding=\"async\" width=\"1024\" height=\"2409\" src=\"https:\/\/zachrankarase.cz\/wp-content\/uploads\/dravec-4-1.png\" alt=\"\" class=\"wp-image-2409\" srcset=\"https:\/\/zachrankarase.cz\/wp-content\/uploads\/dravec-4-1.png 1024w, https:\/\/zachrankarase.cz\/wp-content\/uploads\/dravec-4-1-768x1807.png 768w, https:\/\/zachrankarase.cz\/wp-content\/uploads\/dravec-4-1-653x1536.png 653w, https:\/\/zachrankarase.cz\/wp-content\/uploads\/dravec-4-1-871x2048.png 871w, https:\/\/zachrankarase.cz\/wp-content\/uploads\/dravec-4-1-5x12.png 5w\" sizes=\"auto, (max-width: 1024px) 100vw, 1024px\" \/><\/figure>\n\n\n\n<p>Deep-bodied forms of the crucian carp have also been achieved experimentally in laboratory conditions, where researchers have added substances from fish skin to aquariums and observed how the fish react to their presence. The mere presence of the substances triggered a morphological transformation of the body, while the control group kept on the same food and quantity did not show adaptation.<\/p>\n\n\n\n<h3 class=\"wp-block-heading\">Secondary habitats<\/h3>\n\n\n\n<p>The crucian carp has found a second home in ponds and various secondary water bodies. However, in a pond environment, the crucian carp find it difficult to compete for food with the faster growing common carps. It has lost one of its main advantages, its high resistance to environmental stress factors, which cannot be exploited in a managed pond environment. Moreover, in managed ponds, where predatory fish are usually present, the crucian carp is exposed to higher predation pressure, to which they are more susceptible than most other similar omnivorous species. Due to the climate change, periods of long ice and snow cover, which would help to eliminate its competitors, are shorter and less frequent.<\/p>\n\n\n\n<h3 class=\"wp-block-heading\">Food and reproductive requirements<\/h3>\n\n\n\n<p>The crucian carp is an omnivorous fish. It is a benthophage, i.e. a species that feeds mainly on small invertebrates from the bottom. It prefers molluscs, chironomid larvae and other bottom-dwelling animals. However, zooplankton may also form a significant part of the diet. It uses algae and aquatic plants minimally as food because it cannot digest them efficiently.<\/p>\n\n\n\n<p>The crucian carp is a phytophilic species that spawns on aquatic plants. It is spawned in three to five batches during a single spawning period. It naturally spawns between May and June with an optimum water temperature between 18 \u00b0C and 22 \u00b0C. It reaches sexual maturity between 2 and 3 years of age. The ratio of females to males is balanced in the population. Both sexes spawn for the first time, usually in the second year of life. Large spawners have up to 300 000 eggs. Growth is relatively slow, highly influenced by the environment and population density. It lives up to 8 years or more.<\/p>\n\n\n\n<h2 class=\"wp-block-heading\">Phylogeography of the crucian carp or distribution after the ice age<\/h2>\n\n\n\n<p>In Europe, genetic analyses have identified two lines of the crucian carp. One lineage (Northern) is widespread in northern and eastern Europe. In the Czech Republic, this lineage includes the Elbe and Odra river basins. The other lineage (Danubian) is found throughout Europe only in the Danube basin. This suggests that a long-lasting barrier remained between the lineages in their geographical areas. It is estimated that the two lineages were isolated from each other for 2.16 million years, which corresponds roughly to the beginning of the Pleistocene. Although the Danube basin was an important source for the re-dispersal of freshwater fishes into northern Europe during the glacial period, as is the case, for example, with the European bullhead (<em>Cottus gobio<\/em>), the European perch (<em>Perca fluviatilis<\/em>), the European brook lamprey (<em>Lampetra planeri<\/em>), the European grayling (<em>Thymallus thymallus<\/em>), the common barbel  (<em>Barbus barbus<\/em>) or the common roach (<em>Rutilus rutilus<\/em>), this assumption does not apply to the crucian carp. This may be because the above species are found in lotic (stream) habitats and so most are able to disperse relatively easily. In contrast, the crucian carp have a more limited dispersal potential because they prefer lentic (stagnant) waters, isolated pools and small lakes. This difference in characteristics seems to have limited the ability of the crucian carp to spread in the upper Danube basin (in the Czech Republic, this area is bounded by the \u010cesk\u00fd Les, \u0160umava, Novohradsk\u00e9 hory, \u010ceskomoravsk\u00e1 vyso\u010dina, Kralick\u00fd sn\u011b\u017en\u00edk, Odersk\u00e9 vrchy, Jesen\u00edky and Moravskoslezsk\u00e9 Beskydy mountains). This area may have acted as a barrier to the spread of the Danube lineage to the north-west (within the Czech Republic into Bohemia, parts of northern Moravia and Silesia).<\/p>\n\n\n\n<p>At present, the results of our analyses show that the mixing of the different lineages (i.e. the northern and the Danube lineages) in some areas or the presence of the Danube lineage in the Elbe basin. This is important information about the structure of the populations in the Czech Republic, which plays an important role in the conservation of the crucian carp and it is necessary to respect the limits of their original distribution when trying to repatriate the species.<\/p>\n\n\n\n<h2 class=\"wp-block-heading\"><strong>Where can I find out more?<\/strong><\/h2>\n\n\n\n<h3 class=\"wp-block-heading\">Invasive species and competition:<\/h3>\n\n\n\n<p>Articles by Ondra Do\u010dkal:<\/p>\n\n\n\n<p><a href=\"https:\/\/ekolist.cz\/cz\/publicistika\/nazory-a-komentare\/ondrejn-dockal-pojdme-promyslet-jednu-opravdu-silenou-metodu-ochrany-nasich-karasu-a-slunek-pred-invaznimi-druhy\">https:\/\/ekolist.cz\/cz\/publicistika\/nazory-a-komentare\/ondrejn-dockal-pojdme-promyslet-jednu-opravdu-silenou-metodu-ochrany-nasich-karasu-a-slunek-pred-invaznimi-druhy<\/a><\/p>\n\n\n\n<p><a href=\"https:\/\/ekolist.cz\/cz\/publicistika\/nazory-a-komentare\/ondrej-dockal-10-mytu-okolo-nepuvodnich-druhu-ryb\">https:\/\/ekolist.cz\/cz\/publicistika\/nazory-a-komentare\/ondrej-dockal-10-mytu-okolo-nepuvodnich-druhu-ryb<\/a><\/p>\n\n\n\n<p>Tapkir, S., Boukal, D., Kalous, L., Barto\u0148, D., Souza, A.T., Kolar, V., Soukalov\u00e1, K., Duchet, C., Gottwald, M., \u0160mejkal, M., 2022. Invasive gibel carp (Carassius gibelio) outperforms threatened native crucian carp (<em>Carassius carassius<\/em>) in growth rate and effectiveness of resource use: field and experimental evidence. Aquat Conserv 32 (12), 1901-1912.<\/p>\n\n\n\n<p><a href=\"https:\/\/doi.org\/10.1002\/aqc.3894\">https:\/\/doi.org\/10.1002\/aqc.3894<\/a><\/p>\n\n\n\n<p>Tapkir, S., Thomas, K., Kalous, L. et al. 2023. Invasive gibel carp use vacant space and occupy lower trophic niche compared to endangered native crucian carp. Biol Invasions 25, 2917-2928.<\/p>\n\n\n\n<p><a href=\"https:\/\/doi.org\/10.1007\/s10530-023-03081-9\">https:\/\/doi.org\/10.1007\/s10530-023-03081-9<\/a><\/p>\n\n\n\n<p>\u0160mejkal, M., Thomas, K., Ko\u0159en, V., Kube\u010dka, J., 2024. The 50-year history of anglers' record catches of genus&nbsp;<em>Carassius<\/em>: circumstantial evidence of wiping out the native species by invasive conspecifics. NeoBiota 92: 111-128.&nbsp;<\/p>\n\n\n\n<p><a href=\"https:\/\/doi.org\/10.3897\/neobiota.92.121288\" target=\"_blank\" rel=\"noreferrer noopener\">https:\/\/doi.org\/10.3897\/neobiota.92.121288<\/a><\/p>\n\n\n\n<p><\/p>\n\n\n\n<p>\u0160mejkal, M., Kalous, L., Auwerx, J., Gorule, P. A., Jari\u0107, I., Do\u010dkal, O., Fedor\u010d\u00e1k, J., Mu\u0161ka, M., Thomas, K., Tak\u00e1cs, P., Ferincz, \u00c1., Choleva, L., Lamatsch, D. K., Wanzenb\u00f6ck, J., &amp; Van Wichelen, J., 2025. Wetland fish in peril: A synergy between habitat loss and biological invasions drives the extinction of neglected native fauna. <em>Biological Conservation<\/em> 302. Elsevier Ltd. <\/p>\n\n\n\n<p><a href=\"https:\/\/doi.org\/10.1016\/j.biocon.2024.110948\">https:\/\/doi.org\/10.1016\/j.biocon.2024.110948<\/a><\/p>\n\n\n\n<p><\/p>\n\n\n\n<p>Jeffries, D. L., Lawson-Handley, L., Lamatsch, D. K., Ols\u00e9n, K. H., Sayer, C. D., &amp; H\u00e4nfling, B., 2024. Towards the conservation of the crucian carp in Europe: Prolific hybridization but no evidence for introgression between native and non-native taxa. <em>Molecular Ecology<\/em>. <\/p>\n\n\n\n<p><a href=\"https:\/\/doi.org\/10.1111\/mec.17515\">https:\/\/doi.org\/10.1111\/mec.17515<\/a><\/p>\n\n\n\n<h3 class=\"wp-block-heading\">Reaction to predators<\/h3>\n\n\n\n<p>Br\u00f6nmark, C., Miner, J.G., 1992. Predator-induced phenotypic change in body morphology in crucian carp. Science (1586) 258, 1348-1350. <\/p>\n\n\n\n<p>https:\/\/doi.org\/10.1126\/science.258.5086.1348<\/p>\n\n\n\n<p>Bronmark, C., Paszkowski, C.A., Tonn, W.M., Hargeby, A., 1995. Predation as a determinant of size structure in populations of crucian carp (<em>Carassius carassius<\/em>) and tench (Tinca tinca). Text. Ecol Freshw Fish 4, 85-92.<\/p>\n\n\n\n<p><a href=\"https:\/\/doi.org\/10.1111\/j.1600-0633.1995.tb00121.x\">https:\/\/doi.org\/10.1111\/j.1600-0633.1995.tb00121.x<\/a><\/p>\n\n\n\n<p>Domenici, P., Turesson, H., Brodersen, J., Br\u00f6nmark, C., 2008. Predator-induced morphology enhances escape locomotion in crucian carp. Proceedings of the Royal Society B: Biological Sciences 275 (1631), 195-201. <\/p>\n\n\n\n<p>https:\/\/doi.org\/10.1098\/rspb.2007.1088<\/p>\n\n\n\n<h3 class=\"wp-block-heading\">Hybridisation<\/h3>\n\n\n\n<p>Article by Luk\u00e1\u0161 Kalous about the history of the Carassius fish:<\/p>\n\n\n\n<p><a href=\"https:\/\/ziva.avcr.cz\/files\/ziva\/pdf\/karas-stribrity-a-jeho-pribuzni.pdf\">https:\/\/ziva.avcr.cz\/files\/ziva\/pdf\/karas-stribrity-a-jeho-pribuzni.pdf<\/a><\/p>\n\n\n\n<p>Papou\u0161ek, I., Vete\u0161n\u00edk, L., Hala\u010dka, K., Luskov\u00e1, V., Humpl, M., Mendel, J., 2008. Identification of natural hybrids of gibel carp <em>Carassius auratus gibelio<\/em> (Bloch) and crucian carp <em>Carassius carassius<\/em> (L.) from lower Dyje River floodplain (Czech Republic). J Fish Biol 72 (5), 1230-1235.<\/p>\n\n\n\n<p><a href=\"https:\/\/doi.org\/10.1111\/j.1095-8649.2007.01783.x\">https:\/\/doi.org\/10.1111\/j.1095-8649.2007.01783.x<\/a><\/p>\n\n\n\n<h3 class=\"wp-block-heading\">Food and ecology of the crucian carp<\/h3>\n\n\n\n<p>Holopainen, I.J., Tonn, W.M., Paszkowski, C.A., 1997. Tales of two fish: The dichotomous biology of crucian carp (<em>Carassius carassius<\/em> (L.)) in northern Europe. Ann Zool Fennici 34 (1), 1-22.<\/p>\n\n\n\n<p><a href=\"https:\/\/www.jstor.org\/stable\/23735426\">https:\/\/www.jstor.org\/stable\/23735426<\/a><\/p>\n\n\n\n<h3 class=\"wp-block-heading\">Conservation of the crucian carp<\/h3>\n\n\n\n<p>Article by Ondra Do\u010dkal:<\/p>\n\n\n\n<p><a href=\"https:\/\/ekolist.cz\/cz\/publicistika\/nazory-a-komentare\/ondrejn-dockal-karas-a-slunka.mohou-temto-kdysi-hojnym-druhum-pomoci-zachranne-chovy-v-zajeti\">https:\/\/ekolist.cz\/cz\/publicistika\/nazory-a-komentare\/ondrejn-dockal-karas-a-slunka.mohou-temto-kdysi-hojnym-druhum-pomoci-zachranne-chovy-v-zajeti<\/a><\/p>\n\n\n\n<p>Zden\u011bk Such\u00fd's website about the conservation of the crucian carp.<\/p>\n\n\n\n<p><a href=\"https:\/\/karasobecny.cz\/\">https:\/\/karasobecny.cz\/<\/a><\/p>\n\n\n\n<p>Peter Rolf's website about the conservation of the crucian carp in England:<\/p>\n\n\n\n<p><a href=\"http:\/\/www.crucians.org\/\">http:\/\/www.crucians.org\/<\/a><\/p>\n\n\n\n<p>An interesting book by Peter Rolf - <strong>Crock of Gold: Seeking the Crucian Carp<\/strong>, in which he enthusiastically describes his experience of the spread of the crucian carp and their conservation in England. Copp, G.H., Sayer, C.D., 2020. Demonstrating the practical impact of publications in Aquatic Conservation - The case of crucian carp (<em>Carassius carassius<\/em>) in the East of England. Aquat Conserv 30 (9), 1753-1757. <\/p>\n\n\n\n<p><a href=\"https:\/\/doi.org\/10.1002\/aqc.3353\">https:\/\/doi.org\/10.1002\/aqc.3353<\/a><\/p>\n\n\n\n<p><\/p>\n\n\n\n<p>Thomas, K., Brabec, M., Kalous, L., Gottwald, M., Barto\u0148, D., Grill, S., Ko\u0159en, V.,<br>Tapkir, S., \u0160mejkal, M., 2024. Anthropogenic induced drivers of fish assemblages in<br>small water bodies and conservation implications. Ecohydrol. Hydrobiol. <\/p>\n\n\n\n<p><a href=\"https:\/\/doi.org\/10.1016\/j.ecohyd.2024.11.003\">https:\/\/doi.org\/10.1016\/j.ecohyd.2024.11.003<\/a><\/p>\n\n\n\n<p><\/p>\n\n\n\n<p><\/p>","protected":false},"excerpt":{"rendered":"<p>Dive with us into the world of the crucian carp, a fish full of mystery and amazing adaptations. Discover its food preferences, secret hiding places and everything about its life and ecology. Discover its importance to our aquatic ecosystems and why it is such an important element of our nature. <\/p>","protected":false},"author":1,"featured_media":187,"parent":0,"menu_order":0,"comment_status":"closed","ping_status":"closed","template":"","meta":{"_acf_changed":false,"footnotes":""},"class_list":["post-35","page","type-page","status-publish","has-post-thumbnail","hentry"],"acf":[],"_links":{"self":[{"href":"https:\/\/zachrankarase.cz\/en\/wp-json\/wp\/v2\/pages\/35","targetHints":{"allow":["GET"]}}],"collection":[{"href":"https:\/\/zachrankarase.cz\/en\/wp-json\/wp\/v2\/pages"}],"about":[{"href":"https:\/\/zachrankarase.cz\/en\/wp-json\/wp\/v2\/types\/page"}],"author":[{"embeddable":true,"href":"https:\/\/zachrankarase.cz\/en\/wp-json\/wp\/v2\/users\/1"}],"replies":[{"embeddable":true,"href":"https:\/\/zachrankarase.cz\/en\/wp-json\/wp\/v2\/comments?post=35"}],"version-history":[{"count":8,"href":"https:\/\/zachrankarase.cz\/en\/wp-json\/wp\/v2\/pages\/35\/revisions"}],"predecessor-version":[{"id":11621,"href":"https:\/\/zachrankarase.cz\/en\/wp-json\/wp\/v2\/pages\/35\/revisions\/11621"}],"wp:featuredmedia":[{"embeddable":true,"href":"https:\/\/zachrankarase.cz\/en\/wp-json\/wp\/v2\/media\/187"}],"wp:attachment":[{"href":"https:\/\/zachrankarase.cz\/en\/wp-json\/wp\/v2\/media?parent=35"}],"curies":[{"name":"wp","href":"https:\/\/api.w.org\/{rel}","templated":true}]}}