



{"id":621,"date":"2023-09-08T00:37:08","date_gmt":"2023-09-07T22:37:08","guid":{"rendered":"https:\/\/zachrankarase.cz\/?page_id=621"},"modified":"2023-09-27T11:55:12","modified_gmt":"2023-09-27T09:55:12","slug":"cookies","status":"publish","type":"page","link":"https:\/\/zachrankarase.cz\/en\/cookies\/","title":{"rendered":"Cookies"},"content":{"rendered":"<p>We are the Biological Centre of the CAS, v. v. i., located at Brani\u0161ovsk\u00e1 1160\/31, 37005 \u010cesk\u00e9 Bud\u011bjovice, ID 60077344.<\/p>\n\n\n\n<p>Our contact details are:<\/p>\n\n\n\n<p>e-mail: <a href=\"mailto:zachrankarase@gmail.com\">zachrankarase@gmail.com<\/a><\/p>\n\n\n\n<p>tel.no: <a href=\"tel:+420 778 404 707\">+420 778 404 707<\/a><\/p>\n\n\n\n<p>We operate a website at <a href=\"https:\/\/zachrankarase.cz\/en\/\">zachrankarase.cz<\/a>. We use cookies on this website.<\/p>\n\n\n\n<h2 class=\"wp-block-heading\">What are cookies?<\/h2>\n\n\n\n<p>Cookies are text files that my website sends to the browser or your device from which you view my website (e.g. phone, tablet, computer). They allow me to recognise you and adapt the website accordingly, to show you certain content or to help me analyse who has come to the website, whether they return regularly, etc.<\/p>\n\n\n\n<h2 class=\"wp-block-heading\">What types of cookies do we use?<\/h2>\n\n\n\n<p><strong>Technical and functional -&nbsp;<\/strong>these are necessary to display the website well and securely<\/p>\n\n\n\n<p><strong>Analytical<\/strong>&nbsp;- these help us analyse how our website works from a user perspective, so we can improve it from time to time<\/p>\n\n\n\n<p>You can still choose your preferences here:<\/p>\n\n\n\n<button type=\"button\" data-cc=\"show-preferencesModal\">Manage cookies<\/button>\n\n\n\n<h2 class=\"wp-block-heading\">On what basis do we process cookies?<\/h2>\n\n\n\n<p>S&nbsp;<strong>technical, functional cookies<\/strong>&nbsp;we can work on the basis of the legislation. Without them, we wouldn't be able to show you the content, and that would be wrong!<\/p>\n\n\n\n<p><strong>Analytical cookies<\/strong>&nbsp;we can only process with your consent. This is of course entirely up to you, and we would be happy for it, but no one can force you to give it.<\/p>\n\n\n\n<h2 class=\"wp-block-heading\">How can I prevent the use of cookies?<\/h2>\n\n\n\n<p>We only store the cookies necessary for functional and secure access to the website for the time necessary for the transmission and display of content.<\/p>\n\n\n\n<p>We only process analytical cookies if you give us your consent via the cookie bar - check the table here for processing times:<\/p>\n\n\n\n<button type=\"button\" data-cc=\"show-preferencesModal\">Manage cookies<\/button>\n\n\n\n<p>Another possible way to prevent the processing of analytics cookies is through your browser settings. You can also browse the web in anonymous mode.<\/p>\n\n\n\n<p>More information on individual browsers and deleting\/blocking cookies can be found here:<\/p>\n\n\n\n<ul class=\"wp-block-list\">\n<li><a href=\"https:\/\/support.google.com\/accounts\/answer\/61416?hl=cs\" target=\"_blank\" rel=\"noreferrer noopener\">Chrome<\/a><\/li>\n\n\n\n<li><a href=\"https:\/\/support.mozilla.org\/cs\/kb\/vymazani-cookies-dat-stranek?redirectlocale=cs&amp;redirectslug=vymazani-cookies\" target=\"_blank\" rel=\"noreferrer noopener\">Firefox<\/a><\/li>\n\n\n\n<li><a href=\"https:\/\/support.microsoft.com\/cs-cz\/help\/17442\/windows-internet-explorer-delete-manage-cookies\" target=\"_blank\" rel=\"noreferrer noopener\">Internet Explorer<\/a><\/li>\n\n\n\n<li><a href=\"https:\/\/help.opera.com\/cs\/latest\/web-preferences\/\" target=\"_blank\" rel=\"noreferrer noopener\">Opera<\/a><\/li>\n\n\n\n<li><a href=\"https:\/\/napoveda.seznam.cz\/cz\/email\/seznam.cz-prohlizec\/smazani-docasnych-souboru-cookies-seznam\/\" target=\"_blank\" rel=\"noreferrer noopener\">List<\/a><\/li>\n\n\n\n<li><a href=\"https:\/\/support.google.com\/chrome\/answer\/2392709?visit_id=1-636270856459123937-2696746637&amp;rd=1&amp;co=GENIE.Platform%3DAndroid&amp;oco=1\" target=\"_blank\" rel=\"noreferrer noopener\">Android<\/a><\/li>\n\n\n\n<li><a href=\"https:\/\/support.apple.com\/cs-cz\/guide\/safari\/sfri11471\/mac\" target=\"_blank\" rel=\"noreferrer noopener\">Safari<\/a><\/li>\n\n\n\n<li><a href=\"https:\/\/support.microsoft.com\/cs-cz\/windows\/microsoft-edge-data-o-proch%C3%A1zen%C3%AD-a-ochrana-soukrom%C3%AD-bb8174ba-9d73-dcf2-9b4a-c582b4e640dd\" target=\"_blank\" rel=\"noreferrer noopener\">Microsoft Edge<\/a><\/li>\n<\/ul>\n\n\n\n<p>Remember that you need to make the settings for each of your devices (phone, tablet, computer) separately.<\/p>\n\n\n\n<p><strong>Analytical<\/strong>&nbsp;Cookies are processed by the provider of Google Analytics, Ads and Doubleclick, Google Ireland Ltd., Google Building Gordon House, 4 Barrow St, Dublin, D04 E5W5, Ireland, in accordance with its terms and conditions - check them out&nbsp;<a rel=\"noreferrer noopener\" href=\"https:\/\/policies.google.com\/technologies\/cookies?hl=cs\" target=\"_blank\">here<\/a>.<\/p>\n\n\n\n<p>We would also like to mention:<\/p>\n\n\n\n<p>The handling of personal data takes place within the European Union. If processing takes place outside the EU, then on the basis of the relevant legislation (exemptions approved by the European Union, or after meeting other data security requirements).<\/p>\n\n\n\n<p>For more on personal data, see&nbsp;<a href=\"https:\/\/zachrankarase.cz\/en\/data-and-data-protection\/\" data-type=\"page\" data-id=\"3\">\"Processing of your personal data\"<\/a>in the footer of my website.<\/p>","protected":false},"excerpt":{"rendered":"<p>Jsme Biologick\u00e9 centrum AV \u010cR, v. v. i., se s\u00eddlem Brani\u0161ovsk\u00e1 1160\/31, 37005 \u010cesk\u00e9 Bud\u011bjovice, I\u010c 60077344. Na\u0161e kontaktn\u00ed \u00fadaje jsou: e-mail: zachrankarase@gmail.com tel.\u010d.: +420 778 404 707 Provozujeme webov\u00e9 str\u00e1nky na adrese zachrankarase.cz. Na t\u011bchto webov\u00fdch str\u00e1nk\u00e1ch pracujeme s&nbsp;cookies. Co jsou to cookies? Cookies jsou textov\u00e9 soubory, kter\u00e9 moje webov\u00e1 str\u00e1nka ode\u0161le do prohl\u00ed\u017ee\u010de, [&hellip;]<\/p>\n","protected":false},"author":1,"featured_media":0,"parent":0,"menu_order":0,"comment_status":"closed","ping_status":"closed","template":"","meta":{"_acf_changed":false,"footnotes":""},"class_list":["post-621","page","type-page","status-publish","hentry"],"acf":[],"_links":{"self":[{"href":"https:\/\/zachrankarase.cz\/en\/wp-json\/wp\/v2\/pages\/621","targetHints":{"allow":["GET"]}}],"collection":[{"href":"https:\/\/zachrankarase.cz\/en\/wp-json\/wp\/v2\/pages"}],"about":[{"href":"https:\/\/zachrankarase.cz\/en\/wp-json\/wp\/v2\/types\/page"}],"author":[{"embeddable":true,"href":"https:\/\/zachrankarase.cz\/en\/wp-json\/wp\/v2\/users\/1"}],"replies":[{"embeddable":true,"href":"https:\/\/zachrankarase.cz\/en\/wp-json\/wp\/v2\/comments?post=621"}],"version-history":[{"count":1,"href":"https:\/\/zachrankarase.cz\/en\/wp-json\/wp\/v2\/pages\/621\/revisions"}],"predecessor-version":[{"id":2290,"href":"https:\/\/zachrankarase.cz\/en\/wp-json\/wp\/v2\/pages\/621\/revisions\/2290"}],"wp:attachment":[{"href":"https:\/\/zachrankarase.cz\/en\/wp-json\/wp\/v2\/media?parent=621"}],"curies":[{"name":"wp","href":"https:\/\/api.w.org\/{rel}","templated":true}]}}