



{"id":835,"date":"2023-09-19T14:09:29","date_gmt":"2023-09-19T12:09:29","guid":{"rendered":"https:\/\/zachrankarase.cz\/?page_id=835"},"modified":"2023-09-19T16:19:56","modified_gmt":"2023-09-19T14:19:56","slug":"level-1","status":"publish","type":"page","link":"https:\/\/zachrankarase.cz\/en\/poznavaci-kvizy\/uroven-1\/","title":{"rendered":"Level 1"},"content":{"rendered":"<div class='fluentform ff-default fluentform_wrapper_11  ff_guten_block ff_guten_block-11 ffs_default_wrap'><form data-form_id=\"11\" id=\"fluentform_11\" class=\"frm-fluent-form fluent_form_11 ff-el-form-top ff_form_instance_11_1 ff-form-loading ffs_default\" data-form_instance=\"ff_form_instance_11_1\" method=\"POST\" action=\"\" ><fieldset  style=\"border: none!important;margin: 0!important;padding: 0!important;background-color: transparent!important;box-shadow: none!important;outline: none!important; min-inline-size: 100%;\">\n                    <legend class=\"ff_screen_reader_title\" style=\"display: block; margin: 0!important;padding: 0!important;height: 0!important;text-indent: -999999px;width: 0!important;overflow:hidden;\">Quiz - Level 1<\/legend>        <div\n                style=\"display: none!important; position: absolute!important; transform: translateX(1000%)!important;\"\n                class=\"ff-el-group ff-hpsf-container\"\n        >\n            <div class=\"ff-el-input--label asterisk-right\">\n                <label for=\"ff_11_item_sf\" aria-label=\"Notify\">\n                    Notify                <\/label>\n            <\/div>\n            <div class=\"ff-el-input--content\">\n                <input type=\"text\"\n                       name=\"item_11__fluent_sf\"\n                       class=\"ff-el-form-control\"\n                       id=\"ff_11_item_sf\"\n                \/>\n            <\/div>\n        <\/div>\n        <input type='hidden' name='__fluent_form_embded_post_id' value='835' \/><input type=\"hidden\" id=\"_fluentform_11_fluentformnonce\" name=\"_fluentform_11_fluentformnonce\" value=\"a0e414b365\" \/><input type=\"hidden\" name=\"_wp_http_referer\" value=\"\/en\/wp-json\/wp\/v2\/pages\/835\" \/><div class='ff-el-group  ff_list_buttons'><div class=\"ff-el-input--label asterisk-right\"><label   aria-label=\"\"><img decoding=\"async\" src=\"\/wp-content\/uploads\/KS-1-large.jpg\"><\/label><\/div><div class='ff-el-input--content'><div class='ff-el-form-check ff-el-form-check-'><label class='ff-el-form-check-label' for='l1_3_aa693322dfe590c407bf378c342f2057'><input  type=\"radio\" name=\"l1_3\" data-name=\"l1_3\" class=\"ff-el-form-check-input ff-el-form-check-radio\" tabindex=\"1\" value=\"Karas st\u0159\u00edb\u0159it\u00fd\"  id='l1_3_aa693322dfe590c407bf378c342f2057' aria-label='Gibel carp' aria-invalid='false' aria-required=\"false\"> <span>Gibel carp<\/span><\/label><\/div><div class='ff-el-form-check ff-el-form-check-'><label class='ff-el-form-check-label' for='l1_3_8e1599a0c6c6a01276236885852f3eb9'><input  type=\"radio\" name=\"l1_3\" data-name=\"l1_3\" class=\"ff-el-form-check-input ff-el-form-check-radio\" tabindex=\"-1\" value=\"Karas obecn\u00fd\"  id='l1_3_8e1599a0c6c6a01276236885852f3eb9' aria-label='Crucian carp' aria-invalid='false' aria-required=\"false\"> <span>Crucian carp<\/span><\/label><\/div><\/div><\/div><div class='ff-el-group  ff_list_buttons'><div class=\"ff-el-input--label asterisk-right\"><label   aria-label=\"\"><img decoding=\"async\" src=\"\/wp-content\/uploads\/KO-2-large.jpg\"><\/label><\/div><div class='ff-el-input--content'><div class='ff-el-form-check ff-el-form-check-'><label class='ff-el-form-check-label' for='l1_5_a346a2cbc5aeebeda0d03e8bf89c16d9'><input  type=\"radio\" name=\"l1_5\" data-name=\"l1_5\" class=\"ff-el-form-check-input ff-el-form-check-radio\" tabindex=\"2\" value=\"Karas st\u0159\u00edb\u0159it\u00fd\"  id='l1_5_a346a2cbc5aeebeda0d03e8bf89c16d9' aria-label='Gibel carp' aria-invalid='false' aria-required=\"false\"> <span>Gibel carp<\/span><\/label><\/div><div class='ff-el-form-check ff-el-form-check-'><label class='ff-el-form-check-label' for='l1_5_7bd067ba8e909f40c0b55d98589eff1a'><input  type=\"radio\" name=\"l1_5\" data-name=\"l1_5\" class=\"ff-el-form-check-input ff-el-form-check-radio\" tabindex=\"-1\" value=\"Karas obecn\u00fd\"  id='l1_5_7bd067ba8e909f40c0b55d98589eff1a' aria-label='Crucian carp' aria-invalid='false' aria-required=\"false\"> <span>Crucian carp<\/span><\/label><\/div><\/div><\/div><div class='ff-el-group  ff_list_buttons'><div class=\"ff-el-input--label asterisk-right\"><label   aria-label=\"\"><img decoding=\"async\" src=\"\/wp-content\/uploads\/KO-1-large.jpg\"><\/label><\/div><div class='ff-el-input--content'><div class='ff-el-form-check ff-el-form-check-'><label class='ff-el-form-check-label' for='l1_6_9e8828b3eb3d68cda7cf71887b8b2f99'><input  type=\"radio\" name=\"l1_6\" data-name=\"l1_6\" class=\"ff-el-form-check-input ff-el-form-check-radio\" tabindex=\"3\" value=\"Karas obecn\u00fd\"  id='l1_6_9e8828b3eb3d68cda7cf71887b8b2f99' aria-label='Crucian carp' aria-invalid='false' aria-required=\"false\"> <span>Crucian carp<\/span><\/label><\/div><div class='ff-el-form-check ff-el-form-check-'><label class='ff-el-form-check-label' for='l1_6_39e354a21ac9d3376a065e3eb93788df'><input  type=\"radio\" name=\"l1_6\" data-name=\"l1_6\" class=\"ff-el-form-check-input ff-el-form-check-radio\" tabindex=\"-1\" value=\"Karas st\u0159\u00edb\u0159it\u00fd\"  id='l1_6_39e354a21ac9d3376a065e3eb93788df' aria-label='Gibel carp' aria-invalid='false' aria-required=\"false\"> <span>Gibel carp<\/span><\/label><\/div><\/div><\/div><div class='ff-el-group  ff_list_buttons'><div class=\"ff-el-input--label asterisk-right\"><label   aria-label=\"\"><img decoding=\"async\" src=\"\/wp-content\/uploads\/KO-3-large-rotated.jpg\"><\/label><\/div><div class='ff-el-input--content'><div class='ff-el-form-check ff-el-form-check-'><label class='ff-el-form-check-label' for='l1_4_d2964e4ea29ec18db439f340834fa787'><input  type=\"radio\" name=\"l1_4\" data-name=\"l1_4\" class=\"ff-el-form-check-input ff-el-form-check-radio\" tabindex=\"4\" value=\"Karas st\u0159\u00edb\u0159it\u00fd\"  id='l1_4_d2964e4ea29ec18db439f340834fa787' aria-label='Gibel carp' aria-invalid='false' aria-required=\"false\"> <span>Gibel carp<\/span><\/label><\/div><div class='ff-el-form-check ff-el-form-check-'><label class='ff-el-form-check-label' for='l1_4_a8262fddb421e91d422eb7560589345a'><input  type=\"radio\" name=\"l1_4\" data-name=\"l1_4\" class=\"ff-el-form-check-input ff-el-form-check-radio\" tabindex=\"-1\" value=\"Karas obecn\u00fd\"  id='l1_4_a8262fddb421e91d422eb7560589345a' aria-label='Crucian carp' aria-invalid='false' aria-required=\"false\"> <span>Crucian carp<\/span><\/label><\/div><\/div><\/div><div class='ff-el-group  ff_list_buttons'><div class=\"ff-el-input--label asterisk-right\"><label   aria-label=\"\"><img decoding=\"async\" src=\"\/wp-content\/uploads\/KS-2-large.jpg\"><\/label><\/div><div class='ff-el-input--content'><div class='ff-el-form-check ff-el-form-check-'><label class='ff-el-form-check-label' for='l1_2_bd71768c6d260844d276964127cc8cc7'><input  type=\"radio\" name=\"l1_2\" data-name=\"l1_2\" class=\"ff-el-form-check-input ff-el-form-check-radio\" tabindex=\"5\" value=\"Karas obecn\u00fd\"  id='l1_2_bd71768c6d260844d276964127cc8cc7' aria-label='Crucian carp' aria-invalid='false' aria-required=\"false\"> <span>Crucian carp<\/span><\/label><\/div><div class='ff-el-form-check ff-el-form-check-'><label class='ff-el-form-check-label' for='l1_2_a313e46dc031828d1c59b7e969b701d2'><input  type=\"radio\" name=\"l1_2\" data-name=\"l1_2\" class=\"ff-el-form-check-input ff-el-form-check-radio\" tabindex=\"-1\" value=\"Karas st\u0159\u00edb\u0159it\u00fd\"  id='l1_2_a313e46dc031828d1c59b7e969b701d2' aria-label='Gibel carp' aria-invalid='false' aria-required=\"false\"> <span>Gibel carp<\/span><\/label><\/div><\/div><\/div><div class='ff-el-group  ff_list_buttons'><div class=\"ff-el-input--label asterisk-right\"><label   aria-label=\"\"><img decoding=\"async\" src=\"\/wp-content\/uploads\/KS-3-large-rotated.jpg\"><\/label><\/div><div class='ff-el-input--content'><div class='ff-el-form-check ff-el-form-check-'><label class='ff-el-form-check-label' for='l1_1_29d6c10dbc49f38ef4b12df89ddd5dd4'><input  type=\"radio\" name=\"l1_1\" data-name=\"l1_1\" class=\"ff-el-form-check-input ff-el-form-check-radio\" tabindex=\"6\" value=\"Karas obecn\u00fd\"  id='l1_1_29d6c10dbc49f38ef4b12df89ddd5dd4' aria-label='Crucian carp' aria-invalid='false' aria-required=\"false\"> <span>Crucian carp<\/span><\/label><\/div><div class='ff-el-form-check ff-el-form-check-'><label class='ff-el-form-check-label' for='l1_1_b2c2d2d3197e39c9e824ef8b5006a9cd'><input  type=\"radio\" name=\"l1_1\" data-name=\"l1_1\" class=\"ff-el-form-check-input ff-el-form-check-radio\" tabindex=\"-1\" value=\"Karas st\u0159\u00edb\u0159it\u00fd\"  id='l1_1_b2c2d2d3197e39c9e824ef8b5006a9cd' aria-label='Gibel carp' aria-invalid='false' aria-required=\"false\"> <span>Gibel carp<\/span><\/label><\/div><\/div><\/div><div class='ff-el-group ff-text-left ff_submit_btn_wrapper'><button type=\"submit\" class=\"ff-btn ff-btn-submit ff-btn-md btn--l btn--action ff_btn_no_style\" tabindex=\"7\"  aria-label=\"Evaluate\">Evaluate<\/button><\/div><\/fieldset><input type=\"hidden\" name=\"trp-form-language\" value=\"en\"\/><\/form><div id='fluentform_11_errors' class='ff-errors-in-stack ff_form_instance_11_1 ff-form-loading_errors ff_form_instance_11_1_errors'><\/div><\/div>            <script type=\"text\/javascript\">\n                window.fluent_form_ff_form_instance_11_1 = {\"id\":\"11\",\"settings\":{\"layout\":{\"labelPlacement\":\"top\",\"helpMessagePlacement\":\"with_label\",\"errorMessagePlacement\":\"inline\",\"cssClassName\":\"\",\"asteriskPlacement\":\"asterisk-right\"},\"restrictions\":{\"denyEmptySubmission\":{\"enabled\":false}}},\"form_instance\":\"ff_form_instance_11_1\",\"form_id_selector\":\"fluentform_11\",\"rules\":{\"l1_3\":{\"required\":{\"value\":false,\"message\":\"This field is required\"}},\"l1_5\":{\"required\":{\"value\":false,\"message\":\"This field is required\"}},\"l1_6\":{\"required\":{\"value\":false,\"message\":\"This field is required\"}},\"l1_4\":{\"required\":{\"value\":false,\"message\":\"This field is required\"}},\"l1_2\":{\"required\":{\"value\":false,\"message\":\"This field is required\"}},\"l1_1\":{\"required\":{\"value\":false,\"message\":\"This field is required\"}}},\"debounce_time\":300};\n                            <\/script>\n            \n\n\n<p><a href=\"https:\/\/zachrankarase.cz\/en\/cognitive-quizzes\/level-2\/\" data-type=\"page\" data-id=\"840\">Continue to the next level 2<\/a><\/p>","protected":false},"excerpt":{"rendered":"<p>Continue to the next level 2<\/p>","protected":false},"author":1,"featured_media":739,"parent":27,"menu_order":0,"comment_status":"closed","ping_status":"closed","template":"","meta":{"_acf_changed":false,"footnotes":""},"class_list":["post-835","page","type-page","status-publish","has-post-thumbnail","hentry"],"acf":[],"_links":{"self":[{"href":"https:\/\/zachrankarase.cz\/en\/wp-json\/wp\/v2\/pages\/835","targetHints":{"allow":["GET"]}}],"collection":[{"href":"https:\/\/zachrankarase.cz\/en\/wp-json\/wp\/v2\/pages"}],"about":[{"href":"https:\/\/zachrankarase.cz\/en\/wp-json\/wp\/v2\/types\/page"}],"author":[{"embeddable":true,"href":"https:\/\/zachrankarase.cz\/en\/wp-json\/wp\/v2\/users\/1"}],"replies":[{"embeddable":true,"href":"https:\/\/zachrankarase.cz\/en\/wp-json\/wp\/v2\/comments?post=835"}],"version-history":[{"count":0,"href":"https:\/\/zachrankarase.cz\/en\/wp-json\/wp\/v2\/pages\/835\/revisions"}],"up":[{"embeddable":true,"href":"https:\/\/zachrankarase.cz\/en\/wp-json\/wp\/v2\/pages\/27"}],"wp:featuredmedia":[{"embeddable":true,"href":"https:\/\/zachrankarase.cz\/en\/wp-json\/wp\/v2\/media\/739"}],"wp:attachment":[{"href":"https:\/\/zachrankarase.cz\/en\/wp-json\/wp\/v2\/media?parent=835"}],"curies":[{"name":"wp","href":"https:\/\/api.w.org\/{rel}","templated":true}]}}