



{"id":840,"date":"2023-09-19T14:10:30","date_gmt":"2023-09-19T12:10:30","guid":{"rendered":"https:\/\/zachrankarase.cz\/?page_id=840"},"modified":"2023-09-19T16:20:33","modified_gmt":"2023-09-19T14:20:33","slug":"level-2","status":"publish","type":"page","link":"https:\/\/zachrankarase.cz\/en\/poznavaci-kvizy\/uroven-2\/","title":{"rendered":"Level 2"},"content":{"rendered":"<div class='fluentform ff-default fluentform_wrapper_13  ff_guten_block ff_guten_block-13 ffs_default_wrap'><form data-form_id=\"13\" id=\"fluentform_13\" class=\"frm-fluent-form fluent_form_13 ff-el-form-top ff_form_instance_13_1 ff-form-loading ffs_default\" data-form_instance=\"ff_form_instance_13_1\" method=\"POST\" action=\"\" ><fieldset  style=\"border: none!important;margin: 0!important;padding: 0!important;background-color: transparent!important;box-shadow: none!important;outline: none!important; min-inline-size: 100%;\">\n                    <legend class=\"ff_screen_reader_title\" style=\"display: block; margin: 0!important;padding: 0!important;height: 0!important;text-indent: -999999px;width: 0!important;overflow:hidden;\">Quiz - Level 2<\/legend>        <div\n                style=\"display: none!important; position: absolute!important; transform: translateX(1000%)!important;\"\n                class=\"ff-el-group ff-hpsf-container\"\n        >\n            <div class=\"ff-el-input--label asterisk-right\">\n                <label for=\"ff_13_item_sf\" aria-label=\"Notify\">\n                    Notify                <\/label>\n            <\/div>\n            <div class=\"ff-el-input--content\">\n                <input type=\"text\"\n                       name=\"item_13__fluent_sf\"\n                       class=\"ff-el-form-control\"\n                       id=\"ff_13_item_sf\"\n                \/>\n            <\/div>\n        <\/div>\n        <input type='hidden' name='__fluent_form_embded_post_id' value='840' \/><input type=\"hidden\" id=\"_fluentform_13_fluentformnonce\" name=\"_fluentform_13_fluentformnonce\" value=\"a66a7302cd\" \/><input type=\"hidden\" name=\"_wp_http_referer\" value=\"\/en\/wp-json\/wp\/v2\/pages\/840\" \/><div class='ff-el-group  ff_list_buttons'><div class=\"ff-el-input--label asterisk-right\"><label   aria-label=\"\"><img decoding=\"async\" src=\"\/wp-content\/uploads\/KS-4-large-rotated.jpg\"><\/label><\/div><div class='ff-el-input--content'><div class='ff-el-form-check ff-el-form-check-'><label class='ff-el-form-check-label' for='l1_1_4bd0854510397233090b72b93311fe65'><input  type=\"radio\" name=\"l1_1\" data-name=\"l1_1\" class=\"ff-el-form-check-input ff-el-form-check-radio\" tabindex=\"1\" value=\"Karas st\u0159\u00edb\u0159it\u00fd\"  id='l1_1_4bd0854510397233090b72b93311fe65' aria-label='Gibel carp' aria-invalid='false' aria-required=\"false\"> <span>Gibel carp<\/span><\/label><\/div><div class='ff-el-form-check ff-el-form-check-'><label class='ff-el-form-check-label' for='l1_1_13df61aa238a3d0f1ebe9590e6517c93'><input  type=\"radio\" name=\"l1_1\" data-name=\"l1_1\" class=\"ff-el-form-check-input ff-el-form-check-radio\" tabindex=\"-1\" value=\"Karas obecn\u00fd\"  id='l1_1_13df61aa238a3d0f1ebe9590e6517c93' aria-label='Crucian carp' aria-invalid='false' aria-required=\"false\"> <span>Crucian carp<\/span><\/label><\/div><\/div><\/div><div class='ff-el-group  ff_list_buttons'><div class=\"ff-el-input--label asterisk-right\"><label   aria-label=\"\"><img decoding=\"async\" src=\"\/wp-content\/uploads\/KO-4-large.jpg\"><\/label><\/div><div class='ff-el-input--content'><div class='ff-el-form-check ff-el-form-check-'><label class='ff-el-form-check-label' for='l1_4_84cb66b919e5114bbd954b79c40282e2'><input  type=\"radio\" name=\"l1_4\" data-name=\"l1_4\" class=\"ff-el-form-check-input ff-el-form-check-radio\" tabindex=\"2\" value=\"Karas st\u0159\u00edb\u0159it\u00fd\"  id='l1_4_84cb66b919e5114bbd954b79c40282e2' aria-label='Gibel carp' aria-invalid='false' aria-required=\"false\"> <span>Gibel carp<\/span><\/label><\/div><div class='ff-el-form-check ff-el-form-check-'><label class='ff-el-form-check-label' for='l1_4_7f4d047f91a20d03df83c78903f86a47'><input  type=\"radio\" name=\"l1_4\" data-name=\"l1_4\" class=\"ff-el-form-check-input ff-el-form-check-radio\" tabindex=\"-1\" value=\"Karas obecn\u00fd\"  id='l1_4_7f4d047f91a20d03df83c78903f86a47' aria-label='Crucian carp' aria-invalid='false' aria-required=\"false\"> <span>Crucian carp<\/span><\/label><\/div><\/div><\/div><div class='ff-el-group  ff_list_buttons'><div class=\"ff-el-input--label asterisk-right\"><label   aria-label=\"\"><img decoding=\"async\" src=\"\/wp-content\/uploads\/KS-5-large.jpg\"><\/label><\/div><div class='ff-el-input--content'><div class='ff-el-form-check ff-el-form-check-'><label class='ff-el-form-check-label' for='l1_3_8417ca85934a2dc30542bb0349ac1fbb'><input  type=\"radio\" name=\"l1_3\" data-name=\"l1_3\" class=\"ff-el-form-check-input ff-el-form-check-radio\" tabindex=\"3\" value=\"Karas obecn\u00fd\"  id='l1_3_8417ca85934a2dc30542bb0349ac1fbb' aria-label='Crucian carp' aria-invalid='false' aria-required=\"false\"> <span>Crucian carp<\/span><\/label><\/div><div class='ff-el-form-check ff-el-form-check-'><label class='ff-el-form-check-label' for='l1_3_5c7596edcd64543ade25123a0771f5d7'><input  type=\"radio\" name=\"l1_3\" data-name=\"l1_3\" class=\"ff-el-form-check-input ff-el-form-check-radio\" tabindex=\"-1\" value=\"Karas st\u0159\u00edb\u0159it\u00fd\"  id='l1_3_5c7596edcd64543ade25123a0771f5d7' aria-label='Gibel carp' aria-invalid='false' aria-required=\"false\"> <span>Gibel carp<\/span><\/label><\/div><\/div><\/div><div class='ff-el-group  ff_list_buttons'><div class=\"ff-el-input--label asterisk-right\"><label   aria-label=\"\"><img decoding=\"async\" src=\"\/wp-content\/uploads\/KS-6-large.jpg\"><\/label><\/div><div class='ff-el-input--content'><div class='ff-el-form-check ff-el-form-check-'><label class='ff-el-form-check-label' for='l1_2_128feb37b76a760280de465c2ee143d3'><input  type=\"radio\" name=\"l1_2\" data-name=\"l1_2\" class=\"ff-el-form-check-input ff-el-form-check-radio\" tabindex=\"4\" value=\"Karas st\u0159\u00edb\u0159it\u00fd\"  id='l1_2_128feb37b76a760280de465c2ee143d3' aria-label='Gibel carp' aria-invalid='false' aria-required=\"false\"> <span>Gibel carp<\/span><\/label><\/div><div class='ff-el-form-check ff-el-form-check-'><label class='ff-el-form-check-label' for='l1_2_7c3dfbe43d13afd9395d00588988523e'><input  type=\"radio\" name=\"l1_2\" data-name=\"l1_2\" class=\"ff-el-form-check-input ff-el-form-check-radio\" tabindex=\"-1\" value=\"Karas obecn\u00fd\"  id='l1_2_7c3dfbe43d13afd9395d00588988523e' aria-label='Crucian carp' aria-invalid='false' aria-required=\"false\"> <span>Crucian carp<\/span><\/label><\/div><\/div><\/div><div class='ff-el-group  ff_list_buttons'><div class=\"ff-el-input--label asterisk-right\"><label   aria-label=\"\"><img decoding=\"async\" src=\"\/wp-content\/uploads\/KO-5-large.jpg\"><\/label><\/div><div class='ff-el-input--content'><div class='ff-el-form-check ff-el-form-check-'><label class='ff-el-form-check-label' for='l1_5_773d2bea0134d656c8b7eafc69cb89b5'><input  type=\"radio\" name=\"l1_5\" data-name=\"l1_5\" class=\"ff-el-form-check-input ff-el-form-check-radio\" tabindex=\"5\" value=\"Karas st\u0159\u00edb\u0159it\u00fd\"  id='l1_5_773d2bea0134d656c8b7eafc69cb89b5' aria-label='Gibel carp' aria-invalid='false' aria-required=\"false\"> <span>Gibel carp<\/span><\/label><\/div><div class='ff-el-form-check ff-el-form-check-'><label class='ff-el-form-check-label' for='l1_5_1a0a8c75ffd213e0a41c40068c73a2a5'><input  type=\"radio\" name=\"l1_5\" data-name=\"l1_5\" class=\"ff-el-form-check-input ff-el-form-check-radio\" tabindex=\"-1\" value=\"Karas obecn\u00fd\"  id='l1_5_1a0a8c75ffd213e0a41c40068c73a2a5' aria-label='Crucian carp' aria-invalid='false' aria-required=\"false\"> <span>Crucian carp<\/span><\/label><\/div><\/div><\/div><div class='ff-el-group  ff_list_buttons'><div class=\"ff-el-input--label asterisk-right\"><label   aria-label=\"\"><img decoding=\"async\" src=\"\/wp-content\/uploads\/KO-6-large-rotated.jpg\"><\/label><\/div><div class='ff-el-input--content'><div class='ff-el-form-check ff-el-form-check-'><label class='ff-el-form-check-label' for='l1_6_53c282451f6753be98a920f90fe77e69'><input  type=\"radio\" name=\"l1_6\" data-name=\"l1_6\" class=\"ff-el-form-check-input ff-el-form-check-radio\" tabindex=\"6\" value=\"Karas st\u0159\u00edb\u0159it\u00fd\"  id='l1_6_53c282451f6753be98a920f90fe77e69' aria-label='Gibel carp' aria-invalid='false' aria-required=\"false\"> <span>Gibel carp<\/span><\/label><\/div><div class='ff-el-form-check ff-el-form-check-'><label class='ff-el-form-check-label' for='l1_6_cc38ad1f928e0d4f2235470d4816d4d3'><input  type=\"radio\" name=\"l1_6\" data-name=\"l1_6\" class=\"ff-el-form-check-input ff-el-form-check-radio\" tabindex=\"-1\" value=\"Karas obecn\u00fd\"  id='l1_6_cc38ad1f928e0d4f2235470d4816d4d3' aria-label='Crucian carp' aria-invalid='false' aria-required=\"false\"> <span>Crucian carp<\/span><\/label><\/div><\/div><\/div><div class='ff-el-group ff-text-left ff_submit_btn_wrapper'><button type=\"submit\" class=\"ff-btn ff-btn-submit ff-btn-md btn--l btn--action ff_btn_no_style\" tabindex=\"7\"  aria-label=\"Evaluate\">Evaluate<\/button><\/div><\/fieldset><input type=\"hidden\" name=\"trp-form-language\" value=\"en\"\/><\/form><div id='fluentform_13_errors' class='ff-errors-in-stack ff_form_instance_13_1 ff-form-loading_errors ff_form_instance_13_1_errors'><\/div><\/div>            <script type=\"text\/javascript\">\n                window.fluent_form_ff_form_instance_13_1 = {\"id\":\"13\",\"settings\":{\"layout\":{\"labelPlacement\":\"top\",\"helpMessagePlacement\":\"with_label\",\"errorMessagePlacement\":\"inline\",\"cssClassName\":\"\",\"asteriskPlacement\":\"asterisk-right\"},\"restrictions\":{\"denyEmptySubmission\":{\"enabled\":false}}},\"form_instance\":\"ff_form_instance_13_1\",\"form_id_selector\":\"fluentform_13\",\"rules\":{\"l1_1\":{\"required\":{\"value\":false,\"message\":\"This field is required\"}},\"l1_4\":{\"required\":{\"value\":false,\"message\":\"This field is required\"}},\"l1_3\":{\"required\":{\"value\":false,\"message\":\"This field is required\"}},\"l1_2\":{\"required\":{\"value\":false,\"message\":\"This field is required\"}},\"l1_5\":{\"required\":{\"value\":false,\"message\":\"This field is required\"}},\"l1_6\":{\"required\":{\"value\":false,\"message\":\"This field is required\"}}},\"debounce_time\":300};\n                            <\/script>\n            \n\n\n<p><a href=\"https:\/\/zachrankarase.cz\/en\/cognitive-quizzes\/level-3\/\" data-type=\"page\" data-id=\"842\">Continue to level 3<\/a><\/p>","protected":false},"excerpt":{"rendered":"<p>Continue to level 3<\/p>","protected":false},"author":1,"featured_media":742,"parent":27,"menu_order":0,"comment_status":"closed","ping_status":"closed","template":"","meta":{"_acf_changed":false,"footnotes":""},"class_list":["post-840","page","type-page","status-publish","has-post-thumbnail","hentry"],"acf":[],"_links":{"self":[{"href":"https:\/\/zachrankarase.cz\/en\/wp-json\/wp\/v2\/pages\/840","targetHints":{"allow":["GET"]}}],"collection":[{"href":"https:\/\/zachrankarase.cz\/en\/wp-json\/wp\/v2\/pages"}],"about":[{"href":"https:\/\/zachrankarase.cz\/en\/wp-json\/wp\/v2\/types\/page"}],"author":[{"embeddable":true,"href":"https:\/\/zachrankarase.cz\/en\/wp-json\/wp\/v2\/users\/1"}],"replies":[{"embeddable":true,"href":"https:\/\/zachrankarase.cz\/en\/wp-json\/wp\/v2\/comments?post=840"}],"version-history":[{"count":0,"href":"https:\/\/zachrankarase.cz\/en\/wp-json\/wp\/v2\/pages\/840\/revisions"}],"up":[{"embeddable":true,"href":"https:\/\/zachrankarase.cz\/en\/wp-json\/wp\/v2\/pages\/27"}],"wp:featuredmedia":[{"embeddable":true,"href":"https:\/\/zachrankarase.cz\/en\/wp-json\/wp\/v2\/media\/742"}],"wp:attachment":[{"href":"https:\/\/zachrankarase.cz\/en\/wp-json\/wp\/v2\/media?parent=840"}],"curies":[{"name":"wp","href":"https:\/\/api.w.org\/{rel}","templated":true}]}}